{"id":1021,"date":"2025-11-05T17:46:52","date_gmt":"2025-11-05T17:46:52","guid":{"rendered":"https:\/\/shop.tritone-music.de\/?post_type=product&#038;p=1021"},"modified":"2026-02-11T08:07:56","modified_gmt":"2026-02-11T08:07:56","slug":"orange-dark-terror-15-head","status":"publish","type":"product","link":"https:\/\/shop.tritone-music.de\/index.php\/produkt\/orange-dark-terror-15-head\/","title":{"rendered":"Orange Dark Terror 15 Head"},"content":{"rendered":"<div>Der Orange Dark Terror 15 liefert einen brachialen, r\u00f6hrengetriebenen Sound in einem kompakten, roadtauglichen Topteil. Entwickelt f\u00fcr Spieler, die nach viel Gain mit unverwechselbarem Charakter suchen, kombiniert er die Feuerkraft eines modernen Metal-Amps mit der W\u00e4rme und Dynamik klassischer R\u00f6hrentechnik. Mit der intuitiven Shape-Regelung l\u00e4sst sich im Handumdrehen das Klangbild formen \u2013 von straffen, durchsetzungsf\u00e4higen Rhythmen bis hin zu dicken, ges\u00e4ttigten Leads. Die 15 Watt Leistung bieten das perfekte Gleichgewicht zwischen Power und Portabilit\u00e4t, w\u00e4hrend die r\u00f6hren-gepufferte Effektschleife sicherstellt, dass deine Pedale optimal klingen. Kompakt, vielseitig und kraftvoll \u2013 dieser Amp ist unheimlich gut.<\/div>\n<div><\/div>\n<div>FULL SPECIFICATION<\/div>\n<div id=\"CollapsibleAccordion-collapsible_row_DfAWzE-template--25045082177862__collapsible_content_YJrFMi\" class=\"accordion__content rte\" role=\"region\" aria-labelledby=\"Summary-collapsible_row_DfAWzE-template--25045082177862__collapsible_content_YJrFMi\">\n<div class=\"metafield-rich_text_field\">\n<p>FEATURES:<\/p>\n<ul>\n<li>Single channel, high gain, all valve amp head with valve FX loop<\/li>\n<\/ul>\n<p>TOP PANEL (RIGHT TO LEFT):<\/p>\n<ul>\n<li>Gain, Shape, Volume<\/li>\n<\/ul>\n<p>VALVES:<\/p>\n<ul>\n<li>Power amp: 2x EL84<\/li>\n<li>Preamp: 3x Ecc83\/12ax7<\/li>\n<li>FX Loop: 1x Ecc81\/12at7<\/li>\n<\/ul>\n<p>OUTPUT POWER:<\/p>\n<ul>\n<li>15 or 7 Watts RMS (Switchable)<\/li>\n<\/ul>\n<p>SPEAKER OUTPUTS:<\/p>\n<ul>\n<li>1\u00d78 OHM OR 1\u00d716 OHM OR 2\u00d716 OHM<\/li>\n<\/ul>\n<p>UNBOXED DIMENSIONS (W X H X D)<\/p>\n<ul>\n<li>30.3 \u00d7 19 \u00d7 15.3CM (11.93 \u00d7 7.48 \u00d7 6.02\u2033)<\/li>\n<\/ul>\n<p>UNBOXED WEIGHT:<\/p>\n<ul>\n<li>5.65KG (12.46LB)<\/li>\n<\/ul>\n<\/div>\n<\/div>\n","protected":false},"excerpt":{"rendered":"<p>Zustand: gebraucht\/ sehr gut<\/p>\n<p>inkl. Tasche und OVP<\/p>\n","protected":false},"featured_media":1025,"comment_status":"open","ping_status":"closed","template":"","meta":{"site-sidebar-layout":"default","site-content-layout":"","ast-site-content-layout":"default","site-content-style":"default","site-sidebar-style":"default","ast-global-header-display":"","ast-banner-title-visibility":"","ast-main-header-display":"","ast-hfb-above-header-display":"","ast-hfb-below-header-display":"","ast-hfb-mobile-header-display":"","site-post-title":"","ast-breadcrumbs-content":"","ast-featured-img":"","footer-sml-layout":"","ast-disable-related-posts":"","theme-transparent-header-meta":"default","adv-header-id-meta":"","stick-header-meta":"","header-above-stick-meta":"","header-main-stick-meta":"","header-below-stick-meta":"","astra-migrate-meta-layouts":"set","ast-page-background-enabled":"default","ast-page-background-meta":{"desktop":{"background-color":"var(--ast-global-color-5)","background-image":"","background-repeat":"repeat","background-position":"center center","background-size":"auto","background-attachment":"scroll","background-type":"","background-media":"","overlay-type":"","overlay-color":"","overlay-opacity":"","overlay-gradient":""},"tablet":{"background-color":"","background-image":"","background-repeat":"repeat","background-position":"center center","background-size":"auto","background-attachment":"scroll","background-type":"","background-media":"","overlay-type":"","overlay-color":"","overlay-opacity":"","overlay-gradient":""},"mobile":{"background-color":"","background-image":"","background-repeat":"repeat","background-position":"center center","background-size":"auto","background-attachment":"scroll","background-type":"","background-media":"","overlay-type":"","overlay-color":"","overlay-opacity":"","overlay-gradient":""}},"ast-content-background-meta":{"desktop":{"background-color":"var(--ast-global-color-4)","background-image":"","background-repeat":"repeat","background-position":"center center","background-size":"auto","background-attachment":"scroll","background-type":"","background-media":"","overlay-type":"","overlay-color":"","overlay-opacity":"","overlay-gradient":""},"tablet":{"background-color":"var(--ast-global-color-4)","background-image":"","background-repeat":"repeat","background-position":"center center","background-size":"auto","background-attachment":"scroll","background-type":"","background-media":"","overlay-type":"","overlay-color":"","overlay-opacity":"","overlay-gradient":""},"mobile":{"background-color":"var(--ast-global-color-4)","background-image":"","background-repeat":"repeat","background-position":"center center","background-size":"auto","background-attachment":"scroll","background-type":"","background-media":"","overlay-type":"","overlay-color":"","overlay-opacity":"","overlay-gradient":""}}},"product_brand":[358],"product_cat":[485],"product_tag":[233,359,360,361,362,363],"class_list":{"0":"post-1021","1":"product","2":"type-product","3":"status-publish","4":"has-post-thumbnail","6":"product_brand-orange","7":"product_cat-sold","8":"product_tag-amp","9":"product_tag-orange","10":"product_tag-dark","11":"product_tag-terror","12":"product_tag-head","13":"product_tag-tube","14":"product_shipping_class-verstaerker-klein-differenz","15":"desktop-align-left","16":"tablet-align-left","17":"mobile-align-left","19":"first","20":"outofstock","21":"sold-individually","22":"purchasable","23":"product-type-simple"},"yoast_head":"<!-- This site is optimized with the Yoast SEO plugin v27.3 - https:\/\/yoast.com\/product\/yoast-seo-wordpress\/ -->\n<title>Orange Dark Terror 15 Head - Tritone Music<\/title>\n<meta name=\"description\" content=\"Der Orange Dark Terror 15 liefert einen brachialen, r\u00f6hrengetriebenen Sound in einem kompakten, roadtauglichen Topteil.\" \/>\n<meta name=\"robots\" content=\"index, follow, max-snippet:-1, max-image-preview:large, max-video-preview:-1\" \/>\n<link rel=\"canonical\" href=\"https:\/\/shop.tritone-music.de\/index.php\/produkt\/orange-dark-terror-15-head\/\" \/>\n<meta property=\"og:locale\" content=\"de_DE\" \/>\n<meta property=\"og:type\" content=\"article\" \/>\n<meta property=\"og:title\" content=\"Orange Dark Terror 15 Head - Tritone Music\" \/>\n<meta property=\"og:description\" content=\"Der Orange Dark Terror 15 liefert einen brachialen, r\u00f6hrengetriebenen Sound in einem kompakten, roadtauglichen Topteil.\" \/>\n<meta property=\"og:url\" content=\"https:\/\/shop.tritone-music.de\/index.php\/produkt\/orange-dark-terror-15-head\/\" \/>\n<meta property=\"og:site_name\" content=\"Tritone Music\" \/>\n<meta property=\"article:modified_time\" content=\"2026-02-11T08:07:56+00:00\" \/>\n<meta property=\"og:image\" content=\"https:\/\/shop.tritone-music.de\/wp-content\/uploads\/2025\/11\/Orange-Dark-Terror-1.jpg\" \/>\n\t<meta property=\"og:image:width\" content=\"2560\" \/>\n\t<meta property=\"og:image:height\" content=\"1709\" \/>\n\t<meta property=\"og:image:type\" content=\"image\/jpeg\" \/>\n<meta name=\"twitter:card\" content=\"summary_large_image\" \/>\n<meta name=\"twitter:label1\" content=\"Gesch\u00e4tzte Lesezeit\" \/>\n\t<meta name=\"twitter:data1\" content=\"2\u00a0Minuten\" \/>\n<script type=\"application\/ld+json\" class=\"yoast-schema-graph\">{\"@context\":\"https:\\\/\\\/schema.org\",\"@graph\":[{\"@type\":\"WebPage\",\"@id\":\"https:\\\/\\\/shop.tritone-music.de\\\/index.php\\\/produkt\\\/orange-dark-terror-15-head\\\/\",\"url\":\"https:\\\/\\\/shop.tritone-music.de\\\/index.php\\\/produkt\\\/orange-dark-terror-15-head\\\/\",\"name\":\"Orange Dark Terror 15 Head - Tritone Music\",\"isPartOf\":{\"@id\":\"https:\\\/\\\/shop.tritone-music.de\\\/#website\"},\"primaryImageOfPage\":{\"@id\":\"https:\\\/\\\/shop.tritone-music.de\\\/index.php\\\/produkt\\\/orange-dark-terror-15-head\\\/#primaryimage\"},\"image\":{\"@id\":\"https:\\\/\\\/shop.tritone-music.de\\\/index.php\\\/produkt\\\/orange-dark-terror-15-head\\\/#primaryimage\"},\"thumbnailUrl\":\"https:\\\/\\\/shop.tritone-music.de\\\/wp-content\\\/uploads\\\/2025\\\/11\\\/Orange-Dark-Terror-1.jpg\",\"datePublished\":\"2025-11-05T17:46:52+00:00\",\"dateModified\":\"2026-02-11T08:07:56+00:00\",\"description\":\"Der Orange Dark Terror 15 liefert einen brachialen, r\u00f6hrengetriebenen Sound in einem kompakten, roadtauglichen Topteil.\",\"breadcrumb\":{\"@id\":\"https:\\\/\\\/shop.tritone-music.de\\\/index.php\\\/produkt\\\/orange-dark-terror-15-head\\\/#breadcrumb\"},\"inLanguage\":\"de\",\"potentialAction\":[{\"@type\":\"ReadAction\",\"target\":[\"https:\\\/\\\/shop.tritone-music.de\\\/index.php\\\/produkt\\\/orange-dark-terror-15-head\\\/\"]}]},{\"@type\":\"ImageObject\",\"inLanguage\":\"de\",\"@id\":\"https:\\\/\\\/shop.tritone-music.de\\\/index.php\\\/produkt\\\/orange-dark-terror-15-head\\\/#primaryimage\",\"url\":\"https:\\\/\\\/shop.tritone-music.de\\\/wp-content\\\/uploads\\\/2025\\\/11\\\/Orange-Dark-Terror-1.jpg\",\"contentUrl\":\"https:\\\/\\\/shop.tritone-music.de\\\/wp-content\\\/uploads\\\/2025\\\/11\\\/Orange-Dark-Terror-1.jpg\",\"width\":2560,\"height\":1709},{\"@type\":\"BreadcrumbList\",\"@id\":\"https:\\\/\\\/shop.tritone-music.de\\\/index.php\\\/produkt\\\/orange-dark-terror-15-head\\\/#breadcrumb\",\"itemListElement\":[{\"@type\":\"ListItem\",\"position\":1,\"name\":\"Startseite\",\"item\":\"https:\\\/\\\/shop.tritone-music.de\\\/\"},{\"@type\":\"ListItem\",\"position\":2,\"name\":\"Shop\",\"item\":\"https:\\\/\\\/shop.tritone-music.de\\\/index.php\\\/shop\\\/\"},{\"@type\":\"ListItem\",\"position\":3,\"name\":\"Orange Dark Terror 15 Head\"}]},{\"@type\":\"WebSite\",\"@id\":\"https:\\\/\\\/shop.tritone-music.de\\\/#website\",\"url\":\"https:\\\/\\\/shop.tritone-music.de\\\/\",\"name\":\"Tritone Music\",\"description\":\"guitar store\",\"publisher\":{\"@id\":\"https:\\\/\\\/shop.tritone-music.de\\\/#organization\"},\"potentialAction\":[{\"@type\":\"SearchAction\",\"target\":{\"@type\":\"EntryPoint\",\"urlTemplate\":\"https:\\\/\\\/shop.tritone-music.de\\\/?s={search_term_string}\"},\"query-input\":{\"@type\":\"PropertyValueSpecification\",\"valueRequired\":true,\"valueName\":\"search_term_string\"}}],\"inLanguage\":\"de\"},{\"@type\":\"Organization\",\"@id\":\"https:\\\/\\\/shop.tritone-music.de\\\/#organization\",\"name\":\"Tritone Music\",\"url\":\"https:\\\/\\\/shop.tritone-music.de\\\/\",\"logo\":{\"@type\":\"ImageObject\",\"inLanguage\":\"de\",\"@id\":\"https:\\\/\\\/shop.tritone-music.de\\\/#\\\/schema\\\/logo\\\/image\\\/\",\"url\":\"https:\\\/\\\/shop.tritone-music.de\\\/wp-content\\\/uploads\\\/2025\\\/09\\\/Tritone-Guitar-Logo-weiss.png\",\"contentUrl\":\"https:\\\/\\\/shop.tritone-music.de\\\/wp-content\\\/uploads\\\/2025\\\/09\\\/Tritone-Guitar-Logo-weiss.png\",\"width\":2308,\"height\":642,\"caption\":\"Tritone Music\"},\"image\":{\"@id\":\"https:\\\/\\\/shop.tritone-music.de\\\/#\\\/schema\\\/logo\\\/image\\\/\"}}]}<\/script>\n<!-- \/ Yoast SEO plugin. -->","yoast_head_json":{"title":"Orange Dark Terror 15 Head - Tritone Music","description":"Der Orange Dark Terror 15 liefert einen brachialen, r\u00f6hrengetriebenen Sound in einem kompakten, roadtauglichen Topteil.","robots":{"index":"index","follow":"follow","max-snippet":"max-snippet:-1","max-image-preview":"max-image-preview:large","max-video-preview":"max-video-preview:-1"},"canonical":"https:\/\/shop.tritone-music.de\/index.php\/produkt\/orange-dark-terror-15-head\/","og_locale":"de_DE","og_type":"article","og_title":"Orange Dark Terror 15 Head - Tritone Music","og_description":"Der Orange Dark Terror 15 liefert einen brachialen, r\u00f6hrengetriebenen Sound in einem kompakten, roadtauglichen Topteil.","og_url":"https:\/\/shop.tritone-music.de\/index.php\/produkt\/orange-dark-terror-15-head\/","og_site_name":"Tritone Music","article_modified_time":"2026-02-11T08:07:56+00:00","og_image":[{"width":2560,"height":1709,"url":"https:\/\/shop.tritone-music.de\/wp-content\/uploads\/2025\/11\/Orange-Dark-Terror-1.jpg","type":"image\/jpeg"}],"twitter_card":"summary_large_image","twitter_misc":{"Gesch\u00e4tzte Lesezeit":"2\u00a0Minuten"},"schema":{"@context":"https:\/\/schema.org","@graph":[{"@type":"WebPage","@id":"https:\/\/shop.tritone-music.de\/index.php\/produkt\/orange-dark-terror-15-head\/","url":"https:\/\/shop.tritone-music.de\/index.php\/produkt\/orange-dark-terror-15-head\/","name":"Orange Dark Terror 15 Head - Tritone Music","isPartOf":{"@id":"https:\/\/shop.tritone-music.de\/#website"},"primaryImageOfPage":{"@id":"https:\/\/shop.tritone-music.de\/index.php\/produkt\/orange-dark-terror-15-head\/#primaryimage"},"image":{"@id":"https:\/\/shop.tritone-music.de\/index.php\/produkt\/orange-dark-terror-15-head\/#primaryimage"},"thumbnailUrl":"https:\/\/shop.tritone-music.de\/wp-content\/uploads\/2025\/11\/Orange-Dark-Terror-1.jpg","datePublished":"2025-11-05T17:46:52+00:00","dateModified":"2026-02-11T08:07:56+00:00","description":"Der Orange Dark Terror 15 liefert einen brachialen, r\u00f6hrengetriebenen Sound in einem kompakten, roadtauglichen Topteil.","breadcrumb":{"@id":"https:\/\/shop.tritone-music.de\/index.php\/produkt\/orange-dark-terror-15-head\/#breadcrumb"},"inLanguage":"de","potentialAction":[{"@type":"ReadAction","target":["https:\/\/shop.tritone-music.de\/index.php\/produkt\/orange-dark-terror-15-head\/"]}]},{"@type":"ImageObject","inLanguage":"de","@id":"https:\/\/shop.tritone-music.de\/index.php\/produkt\/orange-dark-terror-15-head\/#primaryimage","url":"https:\/\/shop.tritone-music.de\/wp-content\/uploads\/2025\/11\/Orange-Dark-Terror-1.jpg","contentUrl":"https:\/\/shop.tritone-music.de\/wp-content\/uploads\/2025\/11\/Orange-Dark-Terror-1.jpg","width":2560,"height":1709},{"@type":"BreadcrumbList","@id":"https:\/\/shop.tritone-music.de\/index.php\/produkt\/orange-dark-terror-15-head\/#breadcrumb","itemListElement":[{"@type":"ListItem","position":1,"name":"Startseite","item":"https:\/\/shop.tritone-music.de\/"},{"@type":"ListItem","position":2,"name":"Shop","item":"https:\/\/shop.tritone-music.de\/index.php\/shop\/"},{"@type":"ListItem","position":3,"name":"Orange Dark Terror 15 Head"}]},{"@type":"WebSite","@id":"https:\/\/shop.tritone-music.de\/#website","url":"https:\/\/shop.tritone-music.de\/","name":"Tritone Music","description":"guitar store","publisher":{"@id":"https:\/\/shop.tritone-music.de\/#organization"},"potentialAction":[{"@type":"SearchAction","target":{"@type":"EntryPoint","urlTemplate":"https:\/\/shop.tritone-music.de\/?s={search_term_string}"},"query-input":{"@type":"PropertyValueSpecification","valueRequired":true,"valueName":"search_term_string"}}],"inLanguage":"de"},{"@type":"Organization","@id":"https:\/\/shop.tritone-music.de\/#organization","name":"Tritone Music","url":"https:\/\/shop.tritone-music.de\/","logo":{"@type":"ImageObject","inLanguage":"de","@id":"https:\/\/shop.tritone-music.de\/#\/schema\/logo\/image\/","url":"https:\/\/shop.tritone-music.de\/wp-content\/uploads\/2025\/09\/Tritone-Guitar-Logo-weiss.png","contentUrl":"https:\/\/shop.tritone-music.de\/wp-content\/uploads\/2025\/09\/Tritone-Guitar-Logo-weiss.png","width":2308,"height":642,"caption":"Tritone Music"},"image":{"@id":"https:\/\/shop.tritone-music.de\/#\/schema\/logo\/image\/"}}]}},"jetpack_sharing_enabled":true,"_links":{"self":[{"href":"https:\/\/shop.tritone-music.de\/index.php\/wp-json\/wp\/v2\/product\/1021","targetHints":{"allow":["GET"]}}],"collection":[{"href":"https:\/\/shop.tritone-music.de\/index.php\/wp-json\/wp\/v2\/product"}],"about":[{"href":"https:\/\/shop.tritone-music.de\/index.php\/wp-json\/wp\/v2\/types\/product"}],"replies":[{"embeddable":true,"href":"https:\/\/shop.tritone-music.de\/index.php\/wp-json\/wp\/v2\/comments?post=1021"}],"wp:featuredmedia":[{"embeddable":true,"href":"https:\/\/shop.tritone-music.de\/index.php\/wp-json\/wp\/v2\/media\/1025"}],"wp:attachment":[{"href":"https:\/\/shop.tritone-music.de\/index.php\/wp-json\/wp\/v2\/media?parent=1021"}],"wp:term":[{"taxonomy":"product_brand","embeddable":true,"href":"https:\/\/shop.tritone-music.de\/index.php\/wp-json\/wp\/v2\/product_brand?post=1021"},{"taxonomy":"product_cat","embeddable":true,"href":"https:\/\/shop.tritone-music.de\/index.php\/wp-json\/wp\/v2\/product_cat?post=1021"},{"taxonomy":"product_tag","embeddable":true,"href":"https:\/\/shop.tritone-music.de\/index.php\/wp-json\/wp\/v2\/product_tag?post=1021"}],"curies":[{"name":"wp","href":"https:\/\/api.w.org\/{rel}","templated":true}]}}