{"id":1250,"date":"2025-12-30T13:46:16","date_gmt":"2025-12-30T13:46:16","guid":{"rendered":"https:\/\/shop.tritone-music.de\/?post_type=product&#038;p=1250"},"modified":"2025-12-30T14:19:48","modified_gmt":"2025-12-30T14:19:48","slug":"boss-bd-2-b50a-blues-driver-50th-anniversary","status":"publish","type":"product","link":"https:\/\/shop.tritone-music.de\/index.php\/produkt\/boss-bd-2-b50a-blues-driver-50th-anniversary\/","title":{"rendered":"BOSS BD-2-B50A Blues Driver 50th Anniversary"},"content":{"rendered":"<p>Boss BD-2-B50A Blues Driver 50th Anniversary \u2013 ein Klassiker in einer besonderen Sammler-Edition<\/p>\n<p>Mit seinem satten, nuancierten und extrem ausdrucksstarken Sound hat der BD-2 Blues Driver seinen Platz in den Annalen des Gitarren-Overdrive sicher. Die einflussreiche BOSS Analogschaltung verh\u00e4lt sich wie ein R\u00f6hrenverst\u00e4rker und erzeugt einen nat\u00fcrlichen Gain-Sound mit herausragender Ansprache, der mit herk\u00f6mmlichen Overdrive- und Distortion-Pedalen nicht m\u00f6glich ist. Seit knapp drei Jahrzehnten pr\u00e4gt der BD-2 mit seinem unverkennbaren Klangcharakter die Gitarrensounds von K\u00fcnstlern aus jedem Genre \u2013 von Blues und Rock bis hin zu Country, Jazz und mehr.<\/p>\n<p>Anl\u00e4sslich des 50-j\u00e4hrigen Firmenjubil\u00e4ums von BOSS (2023) erschien diese limitierte Sonderedition mit edler Metallic-Lackierung und seitlichem <em data-start=\"1089\" data-end=\"1107\">50th Anniversary<\/em>-Logo.<\/p>\n<p>Zustand: Technisch einwandfrei, voll funktionsf\u00e4hig. Optisch mit leichten Gebrauchsspuren \u2013 an den Ecken ist die Lackierung etwas abgenutzt (siehe Fotos).<\/p>\n<p><strong>Funktionen<\/strong><\/p>\n<ul class=\"p-main-features__list\">\n<li>Klassisches BOSS Overdrive-Pedal, durchg\u00e4ngig auf dem Markt seit 1995<\/li>\n<li>Innovative Gain-Schaltung wie bei einem Verst\u00e4rker mit organischem Sound und komplexen harmonischen Obert\u00f6nen<\/li>\n<li>Besonders schnelle Ansprache auf Picking-Anschl\u00e4ge und Volume-Regleranpassungen<\/li>\n<li>Gro\u00dfer Gain-Bereich f\u00fcr eine Vielzahl von Anwendungen \u2013 von cleanem, transparentem Boost bis zu aggressivem Overdrive<\/li>\n<li>Tone-Steuerung zur Anpassung der Ansprache in den H\u00f6hen<\/li>\n<\/ul>\n","protected":false},"excerpt":{"rendered":"<p>Zustand: gebraucht \/ gut<\/p>\n<p>inkl. OVP<\/p>\n","protected":false},"featured_media":1254,"comment_status":"open","ping_status":"closed","template":"","meta":{"site-sidebar-layout":"default","site-content-layout":"","ast-site-content-layout":"default","site-content-style":"default","site-sidebar-style":"default","ast-global-header-display":"","ast-banner-title-visibility":"","ast-main-header-display":"","ast-hfb-above-header-display":"","ast-hfb-below-header-display":"","ast-hfb-mobile-header-display":"","site-post-title":"","ast-breadcrumbs-content":"","ast-featured-img":"","footer-sml-layout":"","ast-disable-related-posts":"","theme-transparent-header-meta":"default","adv-header-id-meta":"","stick-header-meta":"","header-above-stick-meta":"","header-main-stick-meta":"","header-below-stick-meta":"","astra-migrate-meta-layouts":"set","ast-page-background-enabled":"default","ast-page-background-meta":{"desktop":{"background-color":"var(--ast-global-color-5)","background-image":"","background-repeat":"repeat","background-position":"center center","background-size":"auto","background-attachment":"scroll","background-type":"","background-media":"","overlay-type":"","overlay-color":"","overlay-opacity":"","overlay-gradient":""},"tablet":{"background-color":"","background-image":"","background-repeat":"repeat","background-position":"center center","background-size":"auto","background-attachment":"scroll","background-type":"","background-media":"","overlay-type":"","overlay-color":"","overlay-opacity":"","overlay-gradient":""},"mobile":{"background-color":"","background-image":"","background-repeat":"repeat","background-position":"center center","background-size":"auto","background-attachment":"scroll","background-type":"","background-media":"","overlay-type":"","overlay-color":"","overlay-opacity":"","overlay-gradient":""}},"ast-content-background-meta":{"desktop":{"background-color":"var(--ast-global-color-4)","background-image":"","background-repeat":"repeat","background-position":"center center","background-size":"auto","background-attachment":"scroll","background-type":"","background-media":"","overlay-type":"","overlay-color":"","overlay-opacity":"","overlay-gradient":""},"tablet":{"background-color":"var(--ast-global-color-4)","background-image":"","background-repeat":"repeat","background-position":"center center","background-size":"auto","background-attachment":"scroll","background-type":"","background-media":"","overlay-type":"","overlay-color":"","overlay-opacity":"","overlay-gradient":""},"mobile":{"background-color":"var(--ast-global-color-4)","background-image":"","background-repeat":"repeat","background-position":"center center","background-size":"auto","background-attachment":"scroll","background-type":"","background-media":"","overlay-type":"","overlay-color":"","overlay-opacity":"","overlay-gradient":""}}},"product_brand":[190],"product_cat":[84,89],"product_tag":[422,423,424,191,400,421],"class_list":{"0":"post-1250","1":"product","2":"type-product","3":"status-publish","4":"has-post-thumbnail","6":"product_brand-boss","7":"product_cat-effects","8":"product_cat-store","9":"product_tag-bd-2","10":"product_tag-anniversary","11":"product_tag-50th","12":"product_tag-boss","13":"product_tag-blues","14":"product_tag-driver","15":"product_shipping_class-effektgeraete-zubehoer-differenz","16":"desktop-align-left","17":"tablet-align-left","18":"mobile-align-left","20":"first","21":"instock","22":"sold-individually","23":"purchasable","24":"product-type-simple"},"yoast_head":"<!-- This site is optimized with the Yoast SEO plugin v27.3 - https:\/\/yoast.com\/product\/yoast-seo-wordpress\/ -->\n<title>BOSS BD-2-B50A Blues Driver 50th Anniversary - Tritone Music<\/title>\n<meta name=\"description\" content=\"Limitierter BOSS BD-2 Blues Driver zum 50-j\u00e4hrigen Jubil\u00e4um. Legend\u00e4rer Overdrive mit r\u00f6hren\u00e4hnlicher Ansprache. Technisch einwandfrei, leichte Gebrauchsspuren.\" \/>\n<meta name=\"robots\" content=\"index, follow, max-snippet:-1, max-image-preview:large, max-video-preview:-1\" \/>\n<link rel=\"canonical\" href=\"https:\/\/shop.tritone-music.de\/index.php\/produkt\/boss-bd-2-b50a-blues-driver-50th-anniversary\/\" \/>\n<meta property=\"og:locale\" content=\"de_DE\" \/>\n<meta property=\"og:type\" content=\"article\" \/>\n<meta property=\"og:title\" content=\"BOSS BD-2-B50A Blues Driver 50th Anniversary - Tritone Music\" \/>\n<meta property=\"og:description\" content=\"Limitierter BOSS BD-2 Blues Driver zum 50-j\u00e4hrigen Jubil\u00e4um. Legend\u00e4rer Overdrive mit r\u00f6hren\u00e4hnlicher Ansprache. Technisch einwandfrei, leichte Gebrauchsspuren.\" \/>\n<meta property=\"og:url\" content=\"https:\/\/shop.tritone-music.de\/index.php\/produkt\/boss-bd-2-b50a-blues-driver-50th-anniversary\/\" \/>\n<meta property=\"og:site_name\" content=\"Tritone Music\" \/>\n<meta property=\"article:modified_time\" content=\"2025-12-30T14:19:48+00:00\" \/>\n<meta property=\"og:image\" content=\"https:\/\/shop.tritone-music.de\/wp-content\/uploads\/2025\/12\/Boss-BD-2A-1.jpg\" \/>\n\t<meta property=\"og:image:width\" content=\"2560\" \/>\n\t<meta property=\"og:image:height\" content=\"1709\" \/>\n\t<meta property=\"og:image:type\" content=\"image\/jpeg\" \/>\n<meta name=\"twitter:card\" content=\"summary_large_image\" \/>\n<meta name=\"twitter:label1\" content=\"Gesch\u00e4tzte Lesezeit\" \/>\n\t<meta name=\"twitter:data1\" content=\"2\u00a0Minuten\" \/>\n<script type=\"application\/ld+json\" class=\"yoast-schema-graph\">{\"@context\":\"https:\\\/\\\/schema.org\",\"@graph\":[{\"@type\":\"WebPage\",\"@id\":\"https:\\\/\\\/shop.tritone-music.de\\\/index.php\\\/produkt\\\/boss-bd-2-b50a-blues-driver-50th-anniversary\\\/\",\"url\":\"https:\\\/\\\/shop.tritone-music.de\\\/index.php\\\/produkt\\\/boss-bd-2-b50a-blues-driver-50th-anniversary\\\/\",\"name\":\"BOSS BD-2-B50A Blues Driver 50th Anniversary - Tritone Music\",\"isPartOf\":{\"@id\":\"https:\\\/\\\/shop.tritone-music.de\\\/#website\"},\"primaryImageOfPage\":{\"@id\":\"https:\\\/\\\/shop.tritone-music.de\\\/index.php\\\/produkt\\\/boss-bd-2-b50a-blues-driver-50th-anniversary\\\/#primaryimage\"},\"image\":{\"@id\":\"https:\\\/\\\/shop.tritone-music.de\\\/index.php\\\/produkt\\\/boss-bd-2-b50a-blues-driver-50th-anniversary\\\/#primaryimage\"},\"thumbnailUrl\":\"https:\\\/\\\/shop.tritone-music.de\\\/wp-content\\\/uploads\\\/2025\\\/12\\\/Boss-BD-2A-1.jpg\",\"datePublished\":\"2025-12-30T13:46:16+00:00\",\"dateModified\":\"2025-12-30T14:19:48+00:00\",\"description\":\"Limitierter BOSS BD-2 Blues Driver zum 50-j\u00e4hrigen Jubil\u00e4um. Legend\u00e4rer Overdrive mit r\u00f6hren\u00e4hnlicher Ansprache. Technisch einwandfrei, leichte Gebrauchsspuren.\",\"breadcrumb\":{\"@id\":\"https:\\\/\\\/shop.tritone-music.de\\\/index.php\\\/produkt\\\/boss-bd-2-b50a-blues-driver-50th-anniversary\\\/#breadcrumb\"},\"inLanguage\":\"de\",\"potentialAction\":[{\"@type\":\"ReadAction\",\"target\":[\"https:\\\/\\\/shop.tritone-music.de\\\/index.php\\\/produkt\\\/boss-bd-2-b50a-blues-driver-50th-anniversary\\\/\"]}]},{\"@type\":\"ImageObject\",\"inLanguage\":\"de\",\"@id\":\"https:\\\/\\\/shop.tritone-music.de\\\/index.php\\\/produkt\\\/boss-bd-2-b50a-blues-driver-50th-anniversary\\\/#primaryimage\",\"url\":\"https:\\\/\\\/shop.tritone-music.de\\\/wp-content\\\/uploads\\\/2025\\\/12\\\/Boss-BD-2A-1.jpg\",\"contentUrl\":\"https:\\\/\\\/shop.tritone-music.de\\\/wp-content\\\/uploads\\\/2025\\\/12\\\/Boss-BD-2A-1.jpg\",\"width\":2560,\"height\":1709},{\"@type\":\"BreadcrumbList\",\"@id\":\"https:\\\/\\\/shop.tritone-music.de\\\/index.php\\\/produkt\\\/boss-bd-2-b50a-blues-driver-50th-anniversary\\\/#breadcrumb\",\"itemListElement\":[{\"@type\":\"ListItem\",\"position\":1,\"name\":\"Startseite\",\"item\":\"https:\\\/\\\/shop.tritone-music.de\\\/\"},{\"@type\":\"ListItem\",\"position\":2,\"name\":\"Shop\",\"item\":\"https:\\\/\\\/shop.tritone-music.de\\\/index.php\\\/shop\\\/\"},{\"@type\":\"ListItem\",\"position\":3,\"name\":\"BOSS BD-2-B50A Blues Driver 50th Anniversary\"}]},{\"@type\":\"WebSite\",\"@id\":\"https:\\\/\\\/shop.tritone-music.de\\\/#website\",\"url\":\"https:\\\/\\\/shop.tritone-music.de\\\/\",\"name\":\"Tritone Music\",\"description\":\"guitar store\",\"publisher\":{\"@id\":\"https:\\\/\\\/shop.tritone-music.de\\\/#organization\"},\"potentialAction\":[{\"@type\":\"SearchAction\",\"target\":{\"@type\":\"EntryPoint\",\"urlTemplate\":\"https:\\\/\\\/shop.tritone-music.de\\\/?s={search_term_string}\"},\"query-input\":{\"@type\":\"PropertyValueSpecification\",\"valueRequired\":true,\"valueName\":\"search_term_string\"}}],\"inLanguage\":\"de\"},{\"@type\":\"Organization\",\"@id\":\"https:\\\/\\\/shop.tritone-music.de\\\/#organization\",\"name\":\"Tritone Music\",\"url\":\"https:\\\/\\\/shop.tritone-music.de\\\/\",\"logo\":{\"@type\":\"ImageObject\",\"inLanguage\":\"de\",\"@id\":\"https:\\\/\\\/shop.tritone-music.de\\\/#\\\/schema\\\/logo\\\/image\\\/\",\"url\":\"https:\\\/\\\/shop.tritone-music.de\\\/wp-content\\\/uploads\\\/2025\\\/09\\\/Tritone-Guitar-Logo-weiss.png\",\"contentUrl\":\"https:\\\/\\\/shop.tritone-music.de\\\/wp-content\\\/uploads\\\/2025\\\/09\\\/Tritone-Guitar-Logo-weiss.png\",\"width\":2308,\"height\":642,\"caption\":\"Tritone Music\"},\"image\":{\"@id\":\"https:\\\/\\\/shop.tritone-music.de\\\/#\\\/schema\\\/logo\\\/image\\\/\"}}]}<\/script>\n<!-- \/ Yoast SEO plugin. -->","yoast_head_json":{"title":"BOSS BD-2-B50A Blues Driver 50th Anniversary - Tritone Music","description":"Limitierter BOSS BD-2 Blues Driver zum 50-j\u00e4hrigen Jubil\u00e4um. Legend\u00e4rer Overdrive mit r\u00f6hren\u00e4hnlicher Ansprache. Technisch einwandfrei, leichte Gebrauchsspuren.","robots":{"index":"index","follow":"follow","max-snippet":"max-snippet:-1","max-image-preview":"max-image-preview:large","max-video-preview":"max-video-preview:-1"},"canonical":"https:\/\/shop.tritone-music.de\/index.php\/produkt\/boss-bd-2-b50a-blues-driver-50th-anniversary\/","og_locale":"de_DE","og_type":"article","og_title":"BOSS BD-2-B50A Blues Driver 50th Anniversary - Tritone Music","og_description":"Limitierter BOSS BD-2 Blues Driver zum 50-j\u00e4hrigen Jubil\u00e4um. Legend\u00e4rer Overdrive mit r\u00f6hren\u00e4hnlicher Ansprache. Technisch einwandfrei, leichte Gebrauchsspuren.","og_url":"https:\/\/shop.tritone-music.de\/index.php\/produkt\/boss-bd-2-b50a-blues-driver-50th-anniversary\/","og_site_name":"Tritone Music","article_modified_time":"2025-12-30T14:19:48+00:00","og_image":[{"width":2560,"height":1709,"url":"https:\/\/shop.tritone-music.de\/wp-content\/uploads\/2025\/12\/Boss-BD-2A-1.jpg","type":"image\/jpeg"}],"twitter_card":"summary_large_image","twitter_misc":{"Gesch\u00e4tzte Lesezeit":"2\u00a0Minuten"},"schema":{"@context":"https:\/\/schema.org","@graph":[{"@type":"WebPage","@id":"https:\/\/shop.tritone-music.de\/index.php\/produkt\/boss-bd-2-b50a-blues-driver-50th-anniversary\/","url":"https:\/\/shop.tritone-music.de\/index.php\/produkt\/boss-bd-2-b50a-blues-driver-50th-anniversary\/","name":"BOSS BD-2-B50A Blues Driver 50th Anniversary - Tritone Music","isPartOf":{"@id":"https:\/\/shop.tritone-music.de\/#website"},"primaryImageOfPage":{"@id":"https:\/\/shop.tritone-music.de\/index.php\/produkt\/boss-bd-2-b50a-blues-driver-50th-anniversary\/#primaryimage"},"image":{"@id":"https:\/\/shop.tritone-music.de\/index.php\/produkt\/boss-bd-2-b50a-blues-driver-50th-anniversary\/#primaryimage"},"thumbnailUrl":"https:\/\/shop.tritone-music.de\/wp-content\/uploads\/2025\/12\/Boss-BD-2A-1.jpg","datePublished":"2025-12-30T13:46:16+00:00","dateModified":"2025-12-30T14:19:48+00:00","description":"Limitierter BOSS BD-2 Blues Driver zum 50-j\u00e4hrigen Jubil\u00e4um. Legend\u00e4rer Overdrive mit r\u00f6hren\u00e4hnlicher Ansprache. Technisch einwandfrei, leichte Gebrauchsspuren.","breadcrumb":{"@id":"https:\/\/shop.tritone-music.de\/index.php\/produkt\/boss-bd-2-b50a-blues-driver-50th-anniversary\/#breadcrumb"},"inLanguage":"de","potentialAction":[{"@type":"ReadAction","target":["https:\/\/shop.tritone-music.de\/index.php\/produkt\/boss-bd-2-b50a-blues-driver-50th-anniversary\/"]}]},{"@type":"ImageObject","inLanguage":"de","@id":"https:\/\/shop.tritone-music.de\/index.php\/produkt\/boss-bd-2-b50a-blues-driver-50th-anniversary\/#primaryimage","url":"https:\/\/shop.tritone-music.de\/wp-content\/uploads\/2025\/12\/Boss-BD-2A-1.jpg","contentUrl":"https:\/\/shop.tritone-music.de\/wp-content\/uploads\/2025\/12\/Boss-BD-2A-1.jpg","width":2560,"height":1709},{"@type":"BreadcrumbList","@id":"https:\/\/shop.tritone-music.de\/index.php\/produkt\/boss-bd-2-b50a-blues-driver-50th-anniversary\/#breadcrumb","itemListElement":[{"@type":"ListItem","position":1,"name":"Startseite","item":"https:\/\/shop.tritone-music.de\/"},{"@type":"ListItem","position":2,"name":"Shop","item":"https:\/\/shop.tritone-music.de\/index.php\/shop\/"},{"@type":"ListItem","position":3,"name":"BOSS BD-2-B50A Blues Driver 50th Anniversary"}]},{"@type":"WebSite","@id":"https:\/\/shop.tritone-music.de\/#website","url":"https:\/\/shop.tritone-music.de\/","name":"Tritone Music","description":"guitar store","publisher":{"@id":"https:\/\/shop.tritone-music.de\/#organization"},"potentialAction":[{"@type":"SearchAction","target":{"@type":"EntryPoint","urlTemplate":"https:\/\/shop.tritone-music.de\/?s={search_term_string}"},"query-input":{"@type":"PropertyValueSpecification","valueRequired":true,"valueName":"search_term_string"}}],"inLanguage":"de"},{"@type":"Organization","@id":"https:\/\/shop.tritone-music.de\/#organization","name":"Tritone Music","url":"https:\/\/shop.tritone-music.de\/","logo":{"@type":"ImageObject","inLanguage":"de","@id":"https:\/\/shop.tritone-music.de\/#\/schema\/logo\/image\/","url":"https:\/\/shop.tritone-music.de\/wp-content\/uploads\/2025\/09\/Tritone-Guitar-Logo-weiss.png","contentUrl":"https:\/\/shop.tritone-music.de\/wp-content\/uploads\/2025\/09\/Tritone-Guitar-Logo-weiss.png","width":2308,"height":642,"caption":"Tritone Music"},"image":{"@id":"https:\/\/shop.tritone-music.de\/#\/schema\/logo\/image\/"}}]}},"jetpack_sharing_enabled":true,"_links":{"self":[{"href":"https:\/\/shop.tritone-music.de\/index.php\/wp-json\/wp\/v2\/product\/1250","targetHints":{"allow":["GET"]}}],"collection":[{"href":"https:\/\/shop.tritone-music.de\/index.php\/wp-json\/wp\/v2\/product"}],"about":[{"href":"https:\/\/shop.tritone-music.de\/index.php\/wp-json\/wp\/v2\/types\/product"}],"replies":[{"embeddable":true,"href":"https:\/\/shop.tritone-music.de\/index.php\/wp-json\/wp\/v2\/comments?post=1250"}],"wp:featuredmedia":[{"embeddable":true,"href":"https:\/\/shop.tritone-music.de\/index.php\/wp-json\/wp\/v2\/media\/1254"}],"wp:attachment":[{"href":"https:\/\/shop.tritone-music.de\/index.php\/wp-json\/wp\/v2\/media?parent=1250"}],"wp:term":[{"taxonomy":"product_brand","embeddable":true,"href":"https:\/\/shop.tritone-music.de\/index.php\/wp-json\/wp\/v2\/product_brand?post=1250"},{"taxonomy":"product_cat","embeddable":true,"href":"https:\/\/shop.tritone-music.de\/index.php\/wp-json\/wp\/v2\/product_cat?post=1250"},{"taxonomy":"product_tag","embeddable":true,"href":"https:\/\/shop.tritone-music.de\/index.php\/wp-json\/wp\/v2\/product_tag?post=1250"}],"curies":[{"name":"wp","href":"https:\/\/api.w.org\/{rel}","templated":true}]}}