{"id":1443,"date":"2026-02-24T13:03:56","date_gmt":"2026-02-24T13:03:56","guid":{"rendered":"https:\/\/shop.tritone-music.de\/?post_type=product&#038;p=1443"},"modified":"2026-02-24T13:03:56","modified_gmt":"2026-02-24T13:03:56","slug":"mxr-m77-custom-badass-modified-o-d","status":"publish","type":"product","link":"https:\/\/shop.tritone-music.de\/index.php\/produkt\/mxr-m77-custom-badass-modified-o-d\/","title":{"rendered":"MXR M77 Custom Badass Modified O.D."},"content":{"rendered":"<p style=\"font-weight: 400;\">Das MXR M77 Custom Badass Modified O.D.\u00a0Pedal hat eine klassische Overdrive-Schaltung, die mit einem 100HZ-Regler und einem Bump-Schalter f\u00fcr verbesserte Leistung und Vielseitigkeit aufgewertet wurde.<\/p>\n<p style=\"font-weight: 400;\">F\u00fcr zus\u00e4tzliche Flexibilit\u00e4t hat MXR einen 100-Hz-Cut- und Boost-Regler hinzugef\u00fcgt, der einen fokussierteren EQ erm\u00f6glicht, wenn er abgesenkt wird, oder einen kr\u00e4ftigeren Ton, wenn er angehoben wird. Der Bump-Schalter aktiviert ein alternatives EQ-Voicing, das die B\u00e4sse und Mitten anhebt. Wenn du ihn vor den &#8217;78 Custom Badass Distortion schaltest, erh\u00e4ltst du eine Reihe von Gain-Strukturen, die deinen Klang nicht verfremden werden.<\/p>\n<p style=\"font-weight: 400;\">Dieses Pedal kann mit einer 9-Volt-Batterie, einem Dunlop ECB003 9-Volt-Adapter oder den Netzteilen DC Brick\u2122, Iso-Brick\u2122 und Mini Iso-Brick\u2122 betrieben werden (nicht im Lieferumfang enthalten).<\/p>\n","protected":false},"excerpt":{"rendered":"<p>Zustand: gebraucht \/ sehr gut<\/p>\n<p>inkl. OVP<\/p>\n","protected":false},"featured_media":1444,"comment_status":"open","ping_status":"closed","template":"","meta":{"site-sidebar-layout":"default","site-content-layout":"","ast-site-content-layout":"default","site-content-style":"default","site-sidebar-style":"default","ast-global-header-display":"","ast-banner-title-visibility":"","ast-main-header-display":"","ast-hfb-above-header-display":"","ast-hfb-below-header-display":"","ast-hfb-mobile-header-display":"","site-post-title":"","ast-breadcrumbs-content":"","ast-featured-img":"","footer-sml-layout":"","ast-disable-related-posts":"","theme-transparent-header-meta":"default","adv-header-id-meta":"","stick-header-meta":"","header-above-stick-meta":"","header-main-stick-meta":"","header-below-stick-meta":"","astra-migrate-meta-layouts":"set","ast-page-background-enabled":"default","ast-page-background-meta":{"desktop":{"background-color":"var(--ast-global-color-5)","background-image":"","background-repeat":"repeat","background-position":"center center","background-size":"auto","background-attachment":"scroll","background-type":"","background-media":"","overlay-type":"","overlay-color":"","overlay-opacity":"","overlay-gradient":""},"tablet":{"background-color":"","background-image":"","background-repeat":"repeat","background-position":"center center","background-size":"auto","background-attachment":"scroll","background-type":"","background-media":"","overlay-type":"","overlay-color":"","overlay-opacity":"","overlay-gradient":""},"mobile":{"background-color":"","background-image":"","background-repeat":"repeat","background-position":"center center","background-size":"auto","background-attachment":"scroll","background-type":"","background-media":"","overlay-type":"","overlay-color":"","overlay-opacity":"","overlay-gradient":""}},"ast-content-background-meta":{"desktop":{"background-color":"var(--ast-global-color-4)","background-image":"","background-repeat":"repeat","background-position":"center center","background-size":"auto","background-attachment":"scroll","background-type":"","background-media":"","overlay-type":"","overlay-color":"","overlay-opacity":"","overlay-gradient":""},"tablet":{"background-color":"var(--ast-global-color-4)","background-image":"","background-repeat":"repeat","background-position":"center center","background-size":"auto","background-attachment":"scroll","background-type":"","background-media":"","overlay-type":"","overlay-color":"","overlay-opacity":"","overlay-gradient":""},"mobile":{"background-color":"var(--ast-global-color-4)","background-image":"","background-repeat":"repeat","background-position":"center center","background-size":"auto","background-attachment":"scroll","background-type":"","background-media":"","overlay-type":"","overlay-color":"","overlay-opacity":"","overlay-gradient":""}}},"product_brand":[283],"product_cat":[84,89],"product_tag":[192,284,512],"class_list":{"0":"post-1443","1":"product","2":"type-product","3":"status-publish","4":"has-post-thumbnail","6":"product_brand-mxr","7":"product_cat-effects","8":"product_cat-store","9":"product_tag-overdrive","10":"product_tag-mxr","11":"product_tag-m77","12":"product_shipping_class-effektgeraete-zubehoer-differenz","13":"desktop-align-left","14":"tablet-align-left","15":"mobile-align-left","17":"first","18":"instock","19":"sold-individually","20":"purchasable","21":"product-type-simple"},"yoast_head":"<!-- This site is optimized with the Yoast SEO plugin v27.3 - https:\/\/yoast.com\/product\/yoast-seo-wordpress\/ -->\n<title>MXR M77 Custom Badass Modified O.D. - Tritone Music<\/title>\n<meta name=\"description\" content=\"Das MXR M77 Custom Badass Modified O.D. bietet klassischen Overdrive mit 100Hz-Cut\/Boost und Bump-Schalter f\u00fcr flexible EQ-Optionen.\" \/>\n<meta name=\"robots\" content=\"index, follow, max-snippet:-1, max-image-preview:large, max-video-preview:-1\" \/>\n<link rel=\"canonical\" href=\"https:\/\/shop.tritone-music.de\/index.php\/produkt\/mxr-m77-custom-badass-modified-o-d\/\" \/>\n<meta property=\"og:locale\" content=\"de_DE\" \/>\n<meta property=\"og:type\" content=\"article\" \/>\n<meta property=\"og:title\" content=\"MXR M77 Custom Badass Modified O.D. - Tritone Music\" \/>\n<meta property=\"og:description\" content=\"Das MXR M77 Custom Badass Modified O.D. bietet klassischen Overdrive mit 100Hz-Cut\/Boost und Bump-Schalter f\u00fcr flexible EQ-Optionen.\" \/>\n<meta property=\"og:url\" content=\"https:\/\/shop.tritone-music.de\/index.php\/produkt\/mxr-m77-custom-badass-modified-o-d\/\" \/>\n<meta property=\"og:site_name\" content=\"Tritone Music\" \/>\n<meta property=\"og:image\" content=\"https:\/\/shop.tritone-music.de\/wp-content\/uploads\/2026\/02\/MXR-M77-1.jpg\" \/>\n\t<meta property=\"og:image:width\" content=\"2560\" \/>\n\t<meta property=\"og:image:height\" content=\"1708\" \/>\n\t<meta property=\"og:image:type\" content=\"image\/jpeg\" \/>\n<meta name=\"twitter:card\" content=\"summary_large_image\" \/>\n<meta name=\"twitter:label1\" content=\"Gesch\u00e4tzte Lesezeit\" \/>\n\t<meta name=\"twitter:data1\" content=\"1\u00a0Minute\" \/>\n<script type=\"application\/ld+json\" class=\"yoast-schema-graph\">{\"@context\":\"https:\\\/\\\/schema.org\",\"@graph\":[{\"@type\":\"WebPage\",\"@id\":\"https:\\\/\\\/shop.tritone-music.de\\\/index.php\\\/produkt\\\/mxr-m77-custom-badass-modified-o-d\\\/\",\"url\":\"https:\\\/\\\/shop.tritone-music.de\\\/index.php\\\/produkt\\\/mxr-m77-custom-badass-modified-o-d\\\/\",\"name\":\"MXR M77 Custom Badass Modified O.D. - Tritone Music\",\"isPartOf\":{\"@id\":\"https:\\\/\\\/shop.tritone-music.de\\\/#website\"},\"primaryImageOfPage\":{\"@id\":\"https:\\\/\\\/shop.tritone-music.de\\\/index.php\\\/produkt\\\/mxr-m77-custom-badass-modified-o-d\\\/#primaryimage\"},\"image\":{\"@id\":\"https:\\\/\\\/shop.tritone-music.de\\\/index.php\\\/produkt\\\/mxr-m77-custom-badass-modified-o-d\\\/#primaryimage\"},\"thumbnailUrl\":\"https:\\\/\\\/shop.tritone-music.de\\\/wp-content\\\/uploads\\\/2026\\\/02\\\/MXR-M77-1.jpg\",\"datePublished\":\"2026-02-24T13:03:56+00:00\",\"description\":\"Das MXR M77 Custom Badass Modified O.D. bietet klassischen Overdrive mit 100Hz-Cut\\\/Boost und Bump-Schalter f\u00fcr flexible EQ-Optionen.\",\"breadcrumb\":{\"@id\":\"https:\\\/\\\/shop.tritone-music.de\\\/index.php\\\/produkt\\\/mxr-m77-custom-badass-modified-o-d\\\/#breadcrumb\"},\"inLanguage\":\"de\",\"potentialAction\":[{\"@type\":\"ReadAction\",\"target\":[\"https:\\\/\\\/shop.tritone-music.de\\\/index.php\\\/produkt\\\/mxr-m77-custom-badass-modified-o-d\\\/\"]}]},{\"@type\":\"ImageObject\",\"inLanguage\":\"de\",\"@id\":\"https:\\\/\\\/shop.tritone-music.de\\\/index.php\\\/produkt\\\/mxr-m77-custom-badass-modified-o-d\\\/#primaryimage\",\"url\":\"https:\\\/\\\/shop.tritone-music.de\\\/wp-content\\\/uploads\\\/2026\\\/02\\\/MXR-M77-1.jpg\",\"contentUrl\":\"https:\\\/\\\/shop.tritone-music.de\\\/wp-content\\\/uploads\\\/2026\\\/02\\\/MXR-M77-1.jpg\",\"width\":2560,\"height\":1708},{\"@type\":\"BreadcrumbList\",\"@id\":\"https:\\\/\\\/shop.tritone-music.de\\\/index.php\\\/produkt\\\/mxr-m77-custom-badass-modified-o-d\\\/#breadcrumb\",\"itemListElement\":[{\"@type\":\"ListItem\",\"position\":1,\"name\":\"Startseite\",\"item\":\"https:\\\/\\\/shop.tritone-music.de\\\/\"},{\"@type\":\"ListItem\",\"position\":2,\"name\":\"Shop\",\"item\":\"https:\\\/\\\/shop.tritone-music.de\\\/index.php\\\/shop\\\/\"},{\"@type\":\"ListItem\",\"position\":3,\"name\":\"MXR M77 Custom Badass Modified O.D.\"}]},{\"@type\":\"WebSite\",\"@id\":\"https:\\\/\\\/shop.tritone-music.de\\\/#website\",\"url\":\"https:\\\/\\\/shop.tritone-music.de\\\/\",\"name\":\"Tritone Music\",\"description\":\"guitar store\",\"publisher\":{\"@id\":\"https:\\\/\\\/shop.tritone-music.de\\\/#organization\"},\"potentialAction\":[{\"@type\":\"SearchAction\",\"target\":{\"@type\":\"EntryPoint\",\"urlTemplate\":\"https:\\\/\\\/shop.tritone-music.de\\\/?s={search_term_string}\"},\"query-input\":{\"@type\":\"PropertyValueSpecification\",\"valueRequired\":true,\"valueName\":\"search_term_string\"}}],\"inLanguage\":\"de\"},{\"@type\":\"Organization\",\"@id\":\"https:\\\/\\\/shop.tritone-music.de\\\/#organization\",\"name\":\"Tritone Music\",\"url\":\"https:\\\/\\\/shop.tritone-music.de\\\/\",\"logo\":{\"@type\":\"ImageObject\",\"inLanguage\":\"de\",\"@id\":\"https:\\\/\\\/shop.tritone-music.de\\\/#\\\/schema\\\/logo\\\/image\\\/\",\"url\":\"https:\\\/\\\/shop.tritone-music.de\\\/wp-content\\\/uploads\\\/2025\\\/09\\\/Tritone-Guitar-Logo-weiss.png\",\"contentUrl\":\"https:\\\/\\\/shop.tritone-music.de\\\/wp-content\\\/uploads\\\/2025\\\/09\\\/Tritone-Guitar-Logo-weiss.png\",\"width\":2308,\"height\":642,\"caption\":\"Tritone Music\"},\"image\":{\"@id\":\"https:\\\/\\\/shop.tritone-music.de\\\/#\\\/schema\\\/logo\\\/image\\\/\"}}]}<\/script>\n<!-- \/ Yoast SEO plugin. -->","yoast_head_json":{"title":"MXR M77 Custom Badass Modified O.D. - Tritone Music","description":"Das MXR M77 Custom Badass Modified O.D. bietet klassischen Overdrive mit 100Hz-Cut\/Boost und Bump-Schalter f\u00fcr flexible EQ-Optionen.","robots":{"index":"index","follow":"follow","max-snippet":"max-snippet:-1","max-image-preview":"max-image-preview:large","max-video-preview":"max-video-preview:-1"},"canonical":"https:\/\/shop.tritone-music.de\/index.php\/produkt\/mxr-m77-custom-badass-modified-o-d\/","og_locale":"de_DE","og_type":"article","og_title":"MXR M77 Custom Badass Modified O.D. - Tritone Music","og_description":"Das MXR M77 Custom Badass Modified O.D. bietet klassischen Overdrive mit 100Hz-Cut\/Boost und Bump-Schalter f\u00fcr flexible EQ-Optionen.","og_url":"https:\/\/shop.tritone-music.de\/index.php\/produkt\/mxr-m77-custom-badass-modified-o-d\/","og_site_name":"Tritone Music","og_image":[{"width":2560,"height":1708,"url":"https:\/\/shop.tritone-music.de\/wp-content\/uploads\/2026\/02\/MXR-M77-1.jpg","type":"image\/jpeg"}],"twitter_card":"summary_large_image","twitter_misc":{"Gesch\u00e4tzte Lesezeit":"1\u00a0Minute"},"schema":{"@context":"https:\/\/schema.org","@graph":[{"@type":"WebPage","@id":"https:\/\/shop.tritone-music.de\/index.php\/produkt\/mxr-m77-custom-badass-modified-o-d\/","url":"https:\/\/shop.tritone-music.de\/index.php\/produkt\/mxr-m77-custom-badass-modified-o-d\/","name":"MXR M77 Custom Badass Modified O.D. - Tritone Music","isPartOf":{"@id":"https:\/\/shop.tritone-music.de\/#website"},"primaryImageOfPage":{"@id":"https:\/\/shop.tritone-music.de\/index.php\/produkt\/mxr-m77-custom-badass-modified-o-d\/#primaryimage"},"image":{"@id":"https:\/\/shop.tritone-music.de\/index.php\/produkt\/mxr-m77-custom-badass-modified-o-d\/#primaryimage"},"thumbnailUrl":"https:\/\/shop.tritone-music.de\/wp-content\/uploads\/2026\/02\/MXR-M77-1.jpg","datePublished":"2026-02-24T13:03:56+00:00","description":"Das MXR M77 Custom Badass Modified O.D. bietet klassischen Overdrive mit 100Hz-Cut\/Boost und Bump-Schalter f\u00fcr flexible EQ-Optionen.","breadcrumb":{"@id":"https:\/\/shop.tritone-music.de\/index.php\/produkt\/mxr-m77-custom-badass-modified-o-d\/#breadcrumb"},"inLanguage":"de","potentialAction":[{"@type":"ReadAction","target":["https:\/\/shop.tritone-music.de\/index.php\/produkt\/mxr-m77-custom-badass-modified-o-d\/"]}]},{"@type":"ImageObject","inLanguage":"de","@id":"https:\/\/shop.tritone-music.de\/index.php\/produkt\/mxr-m77-custom-badass-modified-o-d\/#primaryimage","url":"https:\/\/shop.tritone-music.de\/wp-content\/uploads\/2026\/02\/MXR-M77-1.jpg","contentUrl":"https:\/\/shop.tritone-music.de\/wp-content\/uploads\/2026\/02\/MXR-M77-1.jpg","width":2560,"height":1708},{"@type":"BreadcrumbList","@id":"https:\/\/shop.tritone-music.de\/index.php\/produkt\/mxr-m77-custom-badass-modified-o-d\/#breadcrumb","itemListElement":[{"@type":"ListItem","position":1,"name":"Startseite","item":"https:\/\/shop.tritone-music.de\/"},{"@type":"ListItem","position":2,"name":"Shop","item":"https:\/\/shop.tritone-music.de\/index.php\/shop\/"},{"@type":"ListItem","position":3,"name":"MXR M77 Custom Badass Modified O.D."}]},{"@type":"WebSite","@id":"https:\/\/shop.tritone-music.de\/#website","url":"https:\/\/shop.tritone-music.de\/","name":"Tritone Music","description":"guitar store","publisher":{"@id":"https:\/\/shop.tritone-music.de\/#organization"},"potentialAction":[{"@type":"SearchAction","target":{"@type":"EntryPoint","urlTemplate":"https:\/\/shop.tritone-music.de\/?s={search_term_string}"},"query-input":{"@type":"PropertyValueSpecification","valueRequired":true,"valueName":"search_term_string"}}],"inLanguage":"de"},{"@type":"Organization","@id":"https:\/\/shop.tritone-music.de\/#organization","name":"Tritone Music","url":"https:\/\/shop.tritone-music.de\/","logo":{"@type":"ImageObject","inLanguage":"de","@id":"https:\/\/shop.tritone-music.de\/#\/schema\/logo\/image\/","url":"https:\/\/shop.tritone-music.de\/wp-content\/uploads\/2025\/09\/Tritone-Guitar-Logo-weiss.png","contentUrl":"https:\/\/shop.tritone-music.de\/wp-content\/uploads\/2025\/09\/Tritone-Guitar-Logo-weiss.png","width":2308,"height":642,"caption":"Tritone Music"},"image":{"@id":"https:\/\/shop.tritone-music.de\/#\/schema\/logo\/image\/"}}]}},"jetpack_sharing_enabled":true,"_links":{"self":[{"href":"https:\/\/shop.tritone-music.de\/index.php\/wp-json\/wp\/v2\/product\/1443","targetHints":{"allow":["GET"]}}],"collection":[{"href":"https:\/\/shop.tritone-music.de\/index.php\/wp-json\/wp\/v2\/product"}],"about":[{"href":"https:\/\/shop.tritone-music.de\/index.php\/wp-json\/wp\/v2\/types\/product"}],"replies":[{"embeddable":true,"href":"https:\/\/shop.tritone-music.de\/index.php\/wp-json\/wp\/v2\/comments?post=1443"}],"wp:featuredmedia":[{"embeddable":true,"href":"https:\/\/shop.tritone-music.de\/index.php\/wp-json\/wp\/v2\/media\/1444"}],"wp:attachment":[{"href":"https:\/\/shop.tritone-music.de\/index.php\/wp-json\/wp\/v2\/media?parent=1443"}],"wp:term":[{"taxonomy":"product_brand","embeddable":true,"href":"https:\/\/shop.tritone-music.de\/index.php\/wp-json\/wp\/v2\/product_brand?post=1443"},{"taxonomy":"product_cat","embeddable":true,"href":"https:\/\/shop.tritone-music.de\/index.php\/wp-json\/wp\/v2\/product_cat?post=1443"},{"taxonomy":"product_tag","embeddable":true,"href":"https:\/\/shop.tritone-music.de\/index.php\/wp-json\/wp\/v2\/product_tag?post=1443"}],"curies":[{"name":"wp","href":"https:\/\/api.w.org\/{rel}","templated":true}]}}