{"id":1453,"date":"2026-02-24T14:56:10","date_gmt":"2026-02-24T14:56:10","guid":{"rendered":"https:\/\/shop.tritone-music.de\/?post_type=product&#038;p=1453"},"modified":"2026-03-02T15:15:29","modified_gmt":"2026-03-02T15:15:29","slug":"driftwood-heavy-hatchet-distortion","status":"publish","type":"product","link":"https:\/\/shop.tritone-music.de\/index.php\/produkt\/driftwood-heavy-hatchet-distortion\/","title":{"rendered":"Driftwood Heavy Hatchet Distortion"},"content":{"rendered":"<p data-start=\"0\" data-end=\"312\">Entfache klangliche Urgewalt mit dem \u201eHeavy Hatchet Distortion\u201c-Pedal von <span class=\"hover:entity-accent entity-underline inline cursor-pointer align-baseline\"><span class=\"whitespace-normal\">Driftwood Amplifiers<\/span><\/span>. Ausgestattet mit einem integrierten Noise Gate zur Unterdr\u00fcckung unerw\u00fcnschter Nebenger\u00e4usche sowie einem zuschaltbaren Booster definiert dieses Pedal neu, wie ein kompaktes Metal-Rig klingen sollte.<\/p>\n<p data-start=\"314\" data-end=\"580\">Ob klassisch vor dem Verst\u00e4rker eingesetzt oder per Knopfdruck als Preamp genutzt \u2013 selbst direkt in den FX-Return deines Amps gespielt \u2013 bietet das Heavy Hatchet maximale Flexibilit\u00e4t bei kompromissloser Durchsetzungskraft. Diese Vielseitigkeit sucht ihresgleichen.<\/p>\n<p data-start=\"0\" data-end=\"271\">Mit dem \u201eRumble\u201c-Reglerformst du das Low-End pr\u00e4zise nach deinen Vorstellungen \u2013 von druckvoll und satt bis hin zu einem brachialen, erdbebenartigen Fundament.<\/p>\n<p data-start=\"273\" data-end=\"450\">Der \u201eSharp\u201c-Regler verleiht deinem Sound zus\u00e4tzlich den Charakter einer fein abgestimmten Power-Amp-EQ \u2013 f\u00fcr messerscharfe Definition und maximale Durchsetzungskraft im Mix.<\/p>\n<p data-start=\"452\" data-end=\"758\">Den Boost kannst du nicht nur in seiner Intensit\u00e4t exakt einstellen, sondern auch zwischen zwei Klangwelten w\u00e4hlen:<br data-start=\"567\" data-end=\"570\" \/>Vintage f\u00fcr warme, organische Anhebung \u2013 oder Modern f\u00fcr straffe, transparente Power mit maximalem Punch. Eine integrierte Remote-Buchse erm\u00f6glicht zudem komfortable Fernsteuerung.<\/p>\n<p data-start=\"760\" data-end=\"1089\">Mit \u201eLow Gain\u201c- und \u201eHigh Gain\u201c-Modus vereint das Pedal zwei Kan\u00e4le in einem kompakten Geh\u00e4use \u2013 von druckvollem Crunch bis hin zu kompromissloser High-Gain-Zerst\u00f6rung. Abgerundet wird das Ganze durch eine vollwertige 3-Band-Klangregelung inklusive Gain-Control, die dir pr\u00e4zises und effektives Sound-Shaping erlaubt.<\/p>\n<p data-start=\"1091\" data-end=\"1223\">Wenn du nach kompromisslosen Metal-Sounds suchst, ohne dein Budget zu sprengen, ist dieses kleine Biest genau das Richtige f\u00fcr dich.<\/p>\n","protected":false},"excerpt":{"rendered":"<p>Zustand: gebraucht \/ hervorragend<\/p>\n<p>inkl. OVP<\/p>\n","protected":false},"featured_media":1454,"comment_status":"open","ping_status":"closed","template":"","meta":{"site-sidebar-layout":"default","site-content-layout":"","ast-site-content-layout":"default","site-content-style":"default","site-sidebar-style":"default","ast-global-header-display":"","ast-banner-title-visibility":"","ast-main-header-display":"","ast-hfb-above-header-display":"","ast-hfb-below-header-display":"","ast-hfb-mobile-header-display":"","site-post-title":"","ast-breadcrumbs-content":"","ast-featured-img":"","footer-sml-layout":"","ast-disable-related-posts":"","theme-transparent-header-meta":"default","adv-header-id-meta":"","stick-header-meta":"","header-above-stick-meta":"","header-main-stick-meta":"","header-below-stick-meta":"","astra-migrate-meta-layouts":"set","ast-page-background-enabled":"default","ast-page-background-meta":{"desktop":{"background-color":"var(--ast-global-color-5)","background-image":"","background-repeat":"repeat","background-position":"center center","background-size":"auto","background-attachment":"scroll","background-type":"","background-media":"","overlay-type":"","overlay-color":"","overlay-opacity":"","overlay-gradient":""},"tablet":{"background-color":"","background-image":"","background-repeat":"repeat","background-position":"center center","background-size":"auto","background-attachment":"scroll","background-type":"","background-media":"","overlay-type":"","overlay-color":"","overlay-opacity":"","overlay-gradient":""},"mobile":{"background-color":"","background-image":"","background-repeat":"repeat","background-position":"center center","background-size":"auto","background-attachment":"scroll","background-type":"","background-media":"","overlay-type":"","overlay-color":"","overlay-opacity":"","overlay-gradient":""}},"ast-content-background-meta":{"desktop":{"background-color":"var(--ast-global-color-4)","background-image":"","background-repeat":"repeat","background-position":"center center","background-size":"auto","background-attachment":"scroll","background-type":"","background-media":"","overlay-type":"","overlay-color":"","overlay-opacity":"","overlay-gradient":""},"tablet":{"background-color":"var(--ast-global-color-4)","background-image":"","background-repeat":"repeat","background-position":"center center","background-size":"auto","background-attachment":"scroll","background-type":"","background-media":"","overlay-type":"","overlay-color":"","overlay-opacity":"","overlay-gradient":""},"mobile":{"background-color":"var(--ast-global-color-4)","background-image":"","background-repeat":"repeat","background-position":"center center","background-size":"auto","background-attachment":"scroll","background-type":"","background-media":"","overlay-type":"","overlay-color":"","overlay-opacity":"","overlay-gradient":""}}},"product_brand":[520],"product_cat":[485],"product_tag":[518,521,522,279,355,511],"class_list":{"0":"post-1453","1":"product","2":"type-product","3":"status-publish","4":"has-post-thumbnail","6":"product_brand-driftwood","7":"product_cat-sold","8":"product_tag-gate","9":"product_tag-driftwood","10":"product_tag-hatchet","11":"product_tag-distortion","12":"product_tag-heavy","13":"product_tag-preamp","14":"product_shipping_class-effektgeraete-zubehoer-differenz","15":"desktop-align-left","16":"tablet-align-left","17":"mobile-align-left","19":"first","20":"outofstock","21":"sold-individually","22":"purchasable","23":"product-type-simple"},"yoast_head":"<!-- This site is optimized with the Yoast SEO plugin v27.3 - https:\/\/yoast.com\/product\/yoast-seo-wordpress\/ -->\n<title>Driftwood Heavy Hatchet Distortion - Tritone Music<\/title>\n<meta name=\"description\" content=\"Das Driftwood Heavy Hatchet ist ein High-Gain-Distortion-Pedal mit Noise Gate, Booster, 3-Band-EQ und zwei Gain-Modi. Perfekt f\u00fcr druckvolle Riffs, pr\u00e4zises Sound-Shaping und brachiale Metal-T\u00f6ne\" \/>\n<meta name=\"robots\" content=\"index, follow, max-snippet:-1, max-image-preview:large, max-video-preview:-1\" \/>\n<link rel=\"canonical\" href=\"https:\/\/shop.tritone-music.de\/index.php\/produkt\/driftwood-heavy-hatchet-distortion\/\" \/>\n<meta property=\"og:locale\" content=\"de_DE\" \/>\n<meta property=\"og:type\" content=\"article\" \/>\n<meta property=\"og:title\" content=\"Driftwood Heavy Hatchet Distortion - Tritone Music\" \/>\n<meta property=\"og:description\" content=\"Das Driftwood Heavy Hatchet ist ein High-Gain-Distortion-Pedal mit Noise Gate, Booster, 3-Band-EQ und zwei Gain-Modi. Perfekt f\u00fcr druckvolle Riffs, pr\u00e4zises Sound-Shaping und brachiale Metal-T\u00f6ne\" \/>\n<meta property=\"og:url\" content=\"https:\/\/shop.tritone-music.de\/index.php\/produkt\/driftwood-heavy-hatchet-distortion\/\" \/>\n<meta property=\"og:site_name\" content=\"Tritone Music\" \/>\n<meta property=\"article:modified_time\" content=\"2026-03-02T15:15:29+00:00\" \/>\n<meta property=\"og:image\" content=\"https:\/\/shop.tritone-music.de\/wp-content\/uploads\/2026\/02\/Driftwood-Heavy-Hatchet-1.jpg\" \/>\n\t<meta property=\"og:image:width\" content=\"2560\" \/>\n\t<meta property=\"og:image:height\" content=\"1709\" \/>\n\t<meta property=\"og:image:type\" content=\"image\/jpeg\" \/>\n<meta name=\"twitter:card\" content=\"summary_large_image\" \/>\n<meta name=\"twitter:label1\" content=\"Gesch\u00e4tzte Lesezeit\" \/>\n\t<meta name=\"twitter:data1\" content=\"2\u00a0Minuten\" \/>\n<script type=\"application\/ld+json\" class=\"yoast-schema-graph\">{\"@context\":\"https:\\\/\\\/schema.org\",\"@graph\":[{\"@type\":\"WebPage\",\"@id\":\"https:\\\/\\\/shop.tritone-music.de\\\/index.php\\\/produkt\\\/driftwood-heavy-hatchet-distortion\\\/\",\"url\":\"https:\\\/\\\/shop.tritone-music.de\\\/index.php\\\/produkt\\\/driftwood-heavy-hatchet-distortion\\\/\",\"name\":\"Driftwood Heavy Hatchet Distortion - Tritone Music\",\"isPartOf\":{\"@id\":\"https:\\\/\\\/shop.tritone-music.de\\\/#website\"},\"primaryImageOfPage\":{\"@id\":\"https:\\\/\\\/shop.tritone-music.de\\\/index.php\\\/produkt\\\/driftwood-heavy-hatchet-distortion\\\/#primaryimage\"},\"image\":{\"@id\":\"https:\\\/\\\/shop.tritone-music.de\\\/index.php\\\/produkt\\\/driftwood-heavy-hatchet-distortion\\\/#primaryimage\"},\"thumbnailUrl\":\"https:\\\/\\\/shop.tritone-music.de\\\/wp-content\\\/uploads\\\/2026\\\/02\\\/Driftwood-Heavy-Hatchet-1.jpg\",\"datePublished\":\"2026-02-24T14:56:10+00:00\",\"dateModified\":\"2026-03-02T15:15:29+00:00\",\"description\":\"Das Driftwood Heavy Hatchet ist ein High-Gain-Distortion-Pedal mit Noise Gate, Booster, 3-Band-EQ und zwei Gain-Modi. Perfekt f\u00fcr druckvolle Riffs, pr\u00e4zises Sound-Shaping und brachiale Metal-T\u00f6ne\",\"breadcrumb\":{\"@id\":\"https:\\\/\\\/shop.tritone-music.de\\\/index.php\\\/produkt\\\/driftwood-heavy-hatchet-distortion\\\/#breadcrumb\"},\"inLanguage\":\"de\",\"potentialAction\":[{\"@type\":\"ReadAction\",\"target\":[\"https:\\\/\\\/shop.tritone-music.de\\\/index.php\\\/produkt\\\/driftwood-heavy-hatchet-distortion\\\/\"]}]},{\"@type\":\"ImageObject\",\"inLanguage\":\"de\",\"@id\":\"https:\\\/\\\/shop.tritone-music.de\\\/index.php\\\/produkt\\\/driftwood-heavy-hatchet-distortion\\\/#primaryimage\",\"url\":\"https:\\\/\\\/shop.tritone-music.de\\\/wp-content\\\/uploads\\\/2026\\\/02\\\/Driftwood-Heavy-Hatchet-1.jpg\",\"contentUrl\":\"https:\\\/\\\/shop.tritone-music.de\\\/wp-content\\\/uploads\\\/2026\\\/02\\\/Driftwood-Heavy-Hatchet-1.jpg\",\"width\":2560,\"height\":1709},{\"@type\":\"BreadcrumbList\",\"@id\":\"https:\\\/\\\/shop.tritone-music.de\\\/index.php\\\/produkt\\\/driftwood-heavy-hatchet-distortion\\\/#breadcrumb\",\"itemListElement\":[{\"@type\":\"ListItem\",\"position\":1,\"name\":\"Startseite\",\"item\":\"https:\\\/\\\/shop.tritone-music.de\\\/\"},{\"@type\":\"ListItem\",\"position\":2,\"name\":\"Shop\",\"item\":\"https:\\\/\\\/shop.tritone-music.de\\\/index.php\\\/shop\\\/\"},{\"@type\":\"ListItem\",\"position\":3,\"name\":\"Driftwood Heavy Hatchet Distortion\"}]},{\"@type\":\"WebSite\",\"@id\":\"https:\\\/\\\/shop.tritone-music.de\\\/#website\",\"url\":\"https:\\\/\\\/shop.tritone-music.de\\\/\",\"name\":\"Tritone Music\",\"description\":\"guitar store\",\"publisher\":{\"@id\":\"https:\\\/\\\/shop.tritone-music.de\\\/#organization\"},\"potentialAction\":[{\"@type\":\"SearchAction\",\"target\":{\"@type\":\"EntryPoint\",\"urlTemplate\":\"https:\\\/\\\/shop.tritone-music.de\\\/?s={search_term_string}\"},\"query-input\":{\"@type\":\"PropertyValueSpecification\",\"valueRequired\":true,\"valueName\":\"search_term_string\"}}],\"inLanguage\":\"de\"},{\"@type\":\"Organization\",\"@id\":\"https:\\\/\\\/shop.tritone-music.de\\\/#organization\",\"name\":\"Tritone Music\",\"url\":\"https:\\\/\\\/shop.tritone-music.de\\\/\",\"logo\":{\"@type\":\"ImageObject\",\"inLanguage\":\"de\",\"@id\":\"https:\\\/\\\/shop.tritone-music.de\\\/#\\\/schema\\\/logo\\\/image\\\/\",\"url\":\"https:\\\/\\\/shop.tritone-music.de\\\/wp-content\\\/uploads\\\/2025\\\/09\\\/Tritone-Guitar-Logo-weiss.png\",\"contentUrl\":\"https:\\\/\\\/shop.tritone-music.de\\\/wp-content\\\/uploads\\\/2025\\\/09\\\/Tritone-Guitar-Logo-weiss.png\",\"width\":2308,\"height\":642,\"caption\":\"Tritone Music\"},\"image\":{\"@id\":\"https:\\\/\\\/shop.tritone-music.de\\\/#\\\/schema\\\/logo\\\/image\\\/\"}}]}<\/script>\n<!-- \/ Yoast SEO plugin. -->","yoast_head_json":{"title":"Driftwood Heavy Hatchet Distortion - Tritone Music","description":"Das Driftwood Heavy Hatchet ist ein High-Gain-Distortion-Pedal mit Noise Gate, Booster, 3-Band-EQ und zwei Gain-Modi. Perfekt f\u00fcr druckvolle Riffs, pr\u00e4zises Sound-Shaping und brachiale Metal-T\u00f6ne","robots":{"index":"index","follow":"follow","max-snippet":"max-snippet:-1","max-image-preview":"max-image-preview:large","max-video-preview":"max-video-preview:-1"},"canonical":"https:\/\/shop.tritone-music.de\/index.php\/produkt\/driftwood-heavy-hatchet-distortion\/","og_locale":"de_DE","og_type":"article","og_title":"Driftwood Heavy Hatchet Distortion - Tritone Music","og_description":"Das Driftwood Heavy Hatchet ist ein High-Gain-Distortion-Pedal mit Noise Gate, Booster, 3-Band-EQ und zwei Gain-Modi. Perfekt f\u00fcr druckvolle Riffs, pr\u00e4zises Sound-Shaping und brachiale Metal-T\u00f6ne","og_url":"https:\/\/shop.tritone-music.de\/index.php\/produkt\/driftwood-heavy-hatchet-distortion\/","og_site_name":"Tritone Music","article_modified_time":"2026-03-02T15:15:29+00:00","og_image":[{"width":2560,"height":1709,"url":"https:\/\/shop.tritone-music.de\/wp-content\/uploads\/2026\/02\/Driftwood-Heavy-Hatchet-1.jpg","type":"image\/jpeg"}],"twitter_card":"summary_large_image","twitter_misc":{"Gesch\u00e4tzte Lesezeit":"2\u00a0Minuten"},"schema":{"@context":"https:\/\/schema.org","@graph":[{"@type":"WebPage","@id":"https:\/\/shop.tritone-music.de\/index.php\/produkt\/driftwood-heavy-hatchet-distortion\/","url":"https:\/\/shop.tritone-music.de\/index.php\/produkt\/driftwood-heavy-hatchet-distortion\/","name":"Driftwood Heavy Hatchet Distortion - Tritone Music","isPartOf":{"@id":"https:\/\/shop.tritone-music.de\/#website"},"primaryImageOfPage":{"@id":"https:\/\/shop.tritone-music.de\/index.php\/produkt\/driftwood-heavy-hatchet-distortion\/#primaryimage"},"image":{"@id":"https:\/\/shop.tritone-music.de\/index.php\/produkt\/driftwood-heavy-hatchet-distortion\/#primaryimage"},"thumbnailUrl":"https:\/\/shop.tritone-music.de\/wp-content\/uploads\/2026\/02\/Driftwood-Heavy-Hatchet-1.jpg","datePublished":"2026-02-24T14:56:10+00:00","dateModified":"2026-03-02T15:15:29+00:00","description":"Das Driftwood Heavy Hatchet ist ein High-Gain-Distortion-Pedal mit Noise Gate, Booster, 3-Band-EQ und zwei Gain-Modi. Perfekt f\u00fcr druckvolle Riffs, pr\u00e4zises Sound-Shaping und brachiale Metal-T\u00f6ne","breadcrumb":{"@id":"https:\/\/shop.tritone-music.de\/index.php\/produkt\/driftwood-heavy-hatchet-distortion\/#breadcrumb"},"inLanguage":"de","potentialAction":[{"@type":"ReadAction","target":["https:\/\/shop.tritone-music.de\/index.php\/produkt\/driftwood-heavy-hatchet-distortion\/"]}]},{"@type":"ImageObject","inLanguage":"de","@id":"https:\/\/shop.tritone-music.de\/index.php\/produkt\/driftwood-heavy-hatchet-distortion\/#primaryimage","url":"https:\/\/shop.tritone-music.de\/wp-content\/uploads\/2026\/02\/Driftwood-Heavy-Hatchet-1.jpg","contentUrl":"https:\/\/shop.tritone-music.de\/wp-content\/uploads\/2026\/02\/Driftwood-Heavy-Hatchet-1.jpg","width":2560,"height":1709},{"@type":"BreadcrumbList","@id":"https:\/\/shop.tritone-music.de\/index.php\/produkt\/driftwood-heavy-hatchet-distortion\/#breadcrumb","itemListElement":[{"@type":"ListItem","position":1,"name":"Startseite","item":"https:\/\/shop.tritone-music.de\/"},{"@type":"ListItem","position":2,"name":"Shop","item":"https:\/\/shop.tritone-music.de\/index.php\/shop\/"},{"@type":"ListItem","position":3,"name":"Driftwood Heavy Hatchet Distortion"}]},{"@type":"WebSite","@id":"https:\/\/shop.tritone-music.de\/#website","url":"https:\/\/shop.tritone-music.de\/","name":"Tritone Music","description":"guitar store","publisher":{"@id":"https:\/\/shop.tritone-music.de\/#organization"},"potentialAction":[{"@type":"SearchAction","target":{"@type":"EntryPoint","urlTemplate":"https:\/\/shop.tritone-music.de\/?s={search_term_string}"},"query-input":{"@type":"PropertyValueSpecification","valueRequired":true,"valueName":"search_term_string"}}],"inLanguage":"de"},{"@type":"Organization","@id":"https:\/\/shop.tritone-music.de\/#organization","name":"Tritone Music","url":"https:\/\/shop.tritone-music.de\/","logo":{"@type":"ImageObject","inLanguage":"de","@id":"https:\/\/shop.tritone-music.de\/#\/schema\/logo\/image\/","url":"https:\/\/shop.tritone-music.de\/wp-content\/uploads\/2025\/09\/Tritone-Guitar-Logo-weiss.png","contentUrl":"https:\/\/shop.tritone-music.de\/wp-content\/uploads\/2025\/09\/Tritone-Guitar-Logo-weiss.png","width":2308,"height":642,"caption":"Tritone Music"},"image":{"@id":"https:\/\/shop.tritone-music.de\/#\/schema\/logo\/image\/"}}]}},"jetpack_sharing_enabled":true,"_links":{"self":[{"href":"https:\/\/shop.tritone-music.de\/index.php\/wp-json\/wp\/v2\/product\/1453","targetHints":{"allow":["GET"]}}],"collection":[{"href":"https:\/\/shop.tritone-music.de\/index.php\/wp-json\/wp\/v2\/product"}],"about":[{"href":"https:\/\/shop.tritone-music.de\/index.php\/wp-json\/wp\/v2\/types\/product"}],"replies":[{"embeddable":true,"href":"https:\/\/shop.tritone-music.de\/index.php\/wp-json\/wp\/v2\/comments?post=1453"}],"wp:featuredmedia":[{"embeddable":true,"href":"https:\/\/shop.tritone-music.de\/index.php\/wp-json\/wp\/v2\/media\/1454"}],"wp:attachment":[{"href":"https:\/\/shop.tritone-music.de\/index.php\/wp-json\/wp\/v2\/media?parent=1453"}],"wp:term":[{"taxonomy":"product_brand","embeddable":true,"href":"https:\/\/shop.tritone-music.de\/index.php\/wp-json\/wp\/v2\/product_brand?post=1453"},{"taxonomy":"product_cat","embeddable":true,"href":"https:\/\/shop.tritone-music.de\/index.php\/wp-json\/wp\/v2\/product_cat?post=1453"},{"taxonomy":"product_tag","embeddable":true,"href":"https:\/\/shop.tritone-music.de\/index.php\/wp-json\/wp\/v2\/product_tag?post=1453"}],"curies":[{"name":"wp","href":"https:\/\/api.w.org\/{rel}","templated":true}]}}