{"id":1459,"date":"2026-02-25T13:13:11","date_gmt":"2026-02-25T13:13:11","guid":{"rendered":"https:\/\/shop.tritone-music.de\/?post_type=product&#038;p=1459"},"modified":"2026-02-25T13:25:01","modified_gmt":"2026-02-25T13:25:01","slug":"orange-brent-hinds-terror","status":"publish","type":"product","link":"https:\/\/shop.tritone-music.de\/index.php\/produkt\/orange-brent-hinds-terror\/","title":{"rendered":"Orange Brent Hinds Terror"},"content":{"rendered":"<p data-start=\"0\" data-end=\"380\">Mit individuellem Voicing \u00a0und eigenst\u00e4ndigem Charakter ist der <strong>Orange<\/strong> <strong data-start=\"62\" data-end=\"84\">Brent Hinds Terror<\/strong> ein echtes Unikat. In Zusammenarbeit mit <strong data-start=\"126\" data-end=\"167\"><span class=\"hover:entity-accent entity-underline inline cursor-pointer align-baseline\"><span class=\"whitespace-normal\">Brent Hinds<\/span><\/span><\/strong> von <strong data-start=\"172\" data-end=\"213\"><span class=\"hover:entity-accent entity-underline inline cursor-pointer align-baseline\"><span class=\"whitespace-normal\">Mastodon<\/span><\/span><\/strong> entwickelt, verf\u00fcgt der Verst\u00e4rker \u00fcber zwei Kan\u00e4le und eine neu konzipierte Gain-Struktur, die ihn zu einem vollst\u00e4ndig eigenst\u00e4ndigen Modell der Terror-Serie macht.<\/p>\n<p data-start=\"382\" data-end=\"849\">Der Einknopf-Regler des Natural-Kanals wurde mit erweitertem Bassfundament neu abgestimmt, beh\u00e4lt jedoch den fein ausbalancierten und \u00e4u\u00dferst spielerfreundlichen Charakter der Rocker-Serie bei. Der Dirty-Kanal arbeitet mit einer dreistufigen Gain-Struktur: Bei niedrigen Gain-Einstellungen klingt er brillanter und transparenter, mit zunehmendem Gain wird der Sound zunehmend fetter und druckvoller. Durch die neue Gain-Struktur setzt die Verzerrung zudem fr\u00fcher ein.<\/p>\n<p data-start=\"851\" data-end=\"1239\" data-is-last-node=\"\" data-is-only-node=\"\">Dank umschaltbarer Leistungsstufen von 15, 7, 1 und 0,5 Watt eignet sich der Verst\u00e4rker gleicherma\u00dfen f\u00fcr Schlafzimmer, Studio und B\u00fchne. Ausgestattet mit den kraftvollen Terror-Transformatoren sch\u00f6pft der Brent Hinds Terror das volle Potenzial seiner EL84-Endstufe aus und erm\u00f6glicht warme R\u00f6hrenkompression sowie harmonische S\u00e4ttigung \u2013 selbst bei nachbarschaftsfreundlicher Lautst\u00e4rke.<\/p>\n<div>\n<p class=\"accordion__title inline-richtext h4\"><strong>FULL SPECIFICATION<\/strong><\/p>\n<\/div>\n<div id=\"CollapsibleAccordion-collapsible_row_DfAWzE-template--25045082177862__collapsible_content_YJrFMi\" class=\"accordion__content rte\" role=\"region\" aria-labelledby=\"Summary-collapsible_row_DfAWzE-template--25045082177862__collapsible_content_YJrFMi\">\n<div class=\"metafield-rich_text_field\">\n<p>FEATURES<\/p>\n<ul>\n<li>TWIN CHANNEL, VALVE BUFFERED EFFECTS LOOP, HALF POWER MODE &amp; \u2018HEADROOM\/BEDROOM\u2019 ATTENUATOR SWITCH.<\/li>\n<\/ul>\n<p>CONTROLS (RIGHT TO LEFT)<\/p>\n<ul>\n<li>NATURAL CHANNEL: VOLUME \uff5c DIRTY CHANNEL: GAIN, BASS, MIDDLE, TREBLE, VOLUME\uff5c CHANNEL SELECTOR, HALF\/STBY\/FULL POWER SELECTOR\uff5c POWER SWITCH<\/li>\n<\/ul>\n<p>VALVES<\/p>\n<ul>\n<li>PREAMP: 3 X ECC83 (12AX7), 1 X ECC81 (12AT7)POWER AMP: 2 X EL84Output Power:0.5, 1, 7 OR 15 WATTS (SWITCHABLE)<\/li>\n<\/ul>\n<p>EFFECTS LOOP<\/p>\n<ul>\n<li>YES (VALVE BUFFERED)<\/li>\n<\/ul>\n<p>UNBOXED DIMENSIONS (W X H X D)<\/p>\n<ul>\n<li>35.6 X 17.7 X 15CM (14.01 X 6.96 X 5.9\u2033)<\/li>\n<\/ul>\n<p>BOXED DIMENSIONS (W X H X D)<\/p>\n<ul>\n<li>43.9 x 25.3 x 23.9cm (17.28 x 9.96 x 9.40\u2033)<\/li>\n<\/ul>\n<p>UNBOXED WEIGHT<\/p>\n<ul>\n<li>6.4KG (14.10LBS)<\/li>\n<\/ul>\n<\/div>\n<\/div>\n","protected":false},"excerpt":{"rendered":"<p>Zustand: gebraucht\/ sehr gut<\/p>\n<p>inkl. Tasche und OVP<\/p>\n","protected":false},"featured_media":1460,"comment_status":"open","ping_status":"closed","template":"","meta":{"site-sidebar-layout":"default","site-content-layout":"","ast-site-content-layout":"default","site-content-style":"default","site-sidebar-style":"default","ast-global-header-display":"","ast-banner-title-visibility":"","ast-main-header-display":"","ast-hfb-above-header-display":"","ast-hfb-below-header-display":"","ast-hfb-mobile-header-display":"","site-post-title":"","ast-breadcrumbs-content":"","ast-featured-img":"","footer-sml-layout":"","ast-disable-related-posts":"","theme-transparent-header-meta":"default","adv-header-id-meta":"","stick-header-meta":"","header-above-stick-meta":"","header-main-stick-meta":"","header-below-stick-meta":"","astra-migrate-meta-layouts":"set","ast-page-background-enabled":"default","ast-page-background-meta":{"desktop":{"background-color":"var(--ast-global-color-5)","background-image":"","background-repeat":"repeat","background-position":"center center","background-size":"auto","background-attachment":"scroll","background-type":"","background-media":"","overlay-type":"","overlay-color":"","overlay-opacity":"","overlay-gradient":""},"tablet":{"background-color":"","background-image":"","background-repeat":"repeat","background-position":"center center","background-size":"auto","background-attachment":"scroll","background-type":"","background-media":"","overlay-type":"","overlay-color":"","overlay-opacity":"","overlay-gradient":""},"mobile":{"background-color":"","background-image":"","background-repeat":"repeat","background-position":"center center","background-size":"auto","background-attachment":"scroll","background-type":"","background-media":"","overlay-type":"","overlay-color":"","overlay-opacity":"","overlay-gradient":""}},"ast-content-background-meta":{"desktop":{"background-color":"var(--ast-global-color-4)","background-image":"","background-repeat":"repeat","background-position":"center center","background-size":"auto","background-attachment":"scroll","background-type":"","background-media":"","overlay-type":"","overlay-color":"","overlay-opacity":"","overlay-gradient":""},"tablet":{"background-color":"var(--ast-global-color-4)","background-image":"","background-repeat":"repeat","background-position":"center center","background-size":"auto","background-attachment":"scroll","background-type":"","background-media":"","overlay-type":"","overlay-color":"","overlay-opacity":"","overlay-gradient":""},"mobile":{"background-color":"var(--ast-global-color-4)","background-image":"","background-repeat":"repeat","background-position":"center center","background-size":"auto","background-attachment":"scroll","background-type":"","background-media":"","overlay-type":"","overlay-color":"","overlay-opacity":"","overlay-gradient":""}}},"product_brand":[358],"product_cat":[85,89],"product_tag":[363,524,525,233,359,361,362],"class_list":{"0":"post-1459","1":"product","2":"type-product","3":"status-publish","4":"has-post-thumbnail","6":"product_brand-orange","7":"product_cat-amps","8":"product_cat-store","9":"product_tag-tube","10":"product_tag-brent-hinds","11":"product_tag-mastodon","12":"product_tag-amp","13":"product_tag-orange","14":"product_tag-terror","15":"product_tag-head","16":"product_shipping_class-verstaerker-klein-differenz","17":"desktop-align-left","18":"tablet-align-left","19":"mobile-align-left","21":"first","22":"instock","23":"sold-individually","24":"purchasable","25":"product-type-simple"},"yoast_head":"<!-- This site is optimized with the Yoast SEO plugin v27.3 - https:\/\/yoast.com\/product\/yoast-seo-wordpress\/ -->\n<title>Orange Brent Hinds Terror - Tritone Music<\/title>\n<meta name=\"description\" content=\"Der Orange Brent Hinds Terror ist ein zweikanaliger R\u00f6hrenverst\u00e4rker mit neuer Gain-Struktur, umschaltbarer Leistung (15\/7\/1\/0,5 Watt) und charakterstarkem Sound.\" \/>\n<meta name=\"robots\" content=\"index, follow, max-snippet:-1, max-image-preview:large, max-video-preview:-1\" \/>\n<link rel=\"canonical\" href=\"https:\/\/shop.tritone-music.de\/index.php\/produkt\/orange-brent-hinds-terror\/\" \/>\n<meta property=\"og:locale\" content=\"de_DE\" \/>\n<meta property=\"og:type\" content=\"article\" \/>\n<meta property=\"og:title\" content=\"Orange Brent Hinds Terror - Tritone Music\" \/>\n<meta property=\"og:description\" content=\"Der Orange Brent Hinds Terror ist ein zweikanaliger R\u00f6hrenverst\u00e4rker mit neuer Gain-Struktur, umschaltbarer Leistung (15\/7\/1\/0,5 Watt) und charakterstarkem Sound.\" \/>\n<meta property=\"og:url\" content=\"https:\/\/shop.tritone-music.de\/index.php\/produkt\/orange-brent-hinds-terror\/\" \/>\n<meta property=\"og:site_name\" content=\"Tritone Music\" \/>\n<meta property=\"article:modified_time\" content=\"2026-02-25T13:25:01+00:00\" \/>\n<meta property=\"og:image\" content=\"https:\/\/shop.tritone-music.de\/wp-content\/uploads\/2026\/02\/Orange-Brent-Hinds-Terror-1.jpg\" \/>\n\t<meta property=\"og:image:width\" content=\"2560\" \/>\n\t<meta property=\"og:image:height\" content=\"1709\" \/>\n\t<meta property=\"og:image:type\" content=\"image\/jpeg\" \/>\n<meta name=\"twitter:card\" content=\"summary_large_image\" \/>\n<meta name=\"twitter:label1\" content=\"Gesch\u00e4tzte Lesezeit\" \/>\n\t<meta name=\"twitter:data1\" content=\"2\u00a0Minuten\" \/>\n<script type=\"application\/ld+json\" class=\"yoast-schema-graph\">{\"@context\":\"https:\\\/\\\/schema.org\",\"@graph\":[{\"@type\":\"WebPage\",\"@id\":\"https:\\\/\\\/shop.tritone-music.de\\\/index.php\\\/produkt\\\/orange-brent-hinds-terror\\\/\",\"url\":\"https:\\\/\\\/shop.tritone-music.de\\\/index.php\\\/produkt\\\/orange-brent-hinds-terror\\\/\",\"name\":\"Orange Brent Hinds Terror - Tritone Music\",\"isPartOf\":{\"@id\":\"https:\\\/\\\/shop.tritone-music.de\\\/#website\"},\"primaryImageOfPage\":{\"@id\":\"https:\\\/\\\/shop.tritone-music.de\\\/index.php\\\/produkt\\\/orange-brent-hinds-terror\\\/#primaryimage\"},\"image\":{\"@id\":\"https:\\\/\\\/shop.tritone-music.de\\\/index.php\\\/produkt\\\/orange-brent-hinds-terror\\\/#primaryimage\"},\"thumbnailUrl\":\"https:\\\/\\\/shop.tritone-music.de\\\/wp-content\\\/uploads\\\/2026\\\/02\\\/Orange-Brent-Hinds-Terror-1.jpg\",\"datePublished\":\"2026-02-25T13:13:11+00:00\",\"dateModified\":\"2026-02-25T13:25:01+00:00\",\"description\":\"Der Orange Brent Hinds Terror ist ein zweikanaliger R\u00f6hrenverst\u00e4rker mit neuer Gain-Struktur, umschaltbarer Leistung (15\\\/7\\\/1\\\/0,5 Watt) und charakterstarkem Sound.\",\"breadcrumb\":{\"@id\":\"https:\\\/\\\/shop.tritone-music.de\\\/index.php\\\/produkt\\\/orange-brent-hinds-terror\\\/#breadcrumb\"},\"inLanguage\":\"de\",\"potentialAction\":[{\"@type\":\"ReadAction\",\"target\":[\"https:\\\/\\\/shop.tritone-music.de\\\/index.php\\\/produkt\\\/orange-brent-hinds-terror\\\/\"]}]},{\"@type\":\"ImageObject\",\"inLanguage\":\"de\",\"@id\":\"https:\\\/\\\/shop.tritone-music.de\\\/index.php\\\/produkt\\\/orange-brent-hinds-terror\\\/#primaryimage\",\"url\":\"https:\\\/\\\/shop.tritone-music.de\\\/wp-content\\\/uploads\\\/2026\\\/02\\\/Orange-Brent-Hinds-Terror-1.jpg\",\"contentUrl\":\"https:\\\/\\\/shop.tritone-music.de\\\/wp-content\\\/uploads\\\/2026\\\/02\\\/Orange-Brent-Hinds-Terror-1.jpg\",\"width\":2560,\"height\":1709},{\"@type\":\"BreadcrumbList\",\"@id\":\"https:\\\/\\\/shop.tritone-music.de\\\/index.php\\\/produkt\\\/orange-brent-hinds-terror\\\/#breadcrumb\",\"itemListElement\":[{\"@type\":\"ListItem\",\"position\":1,\"name\":\"Startseite\",\"item\":\"https:\\\/\\\/shop.tritone-music.de\\\/\"},{\"@type\":\"ListItem\",\"position\":2,\"name\":\"Shop\",\"item\":\"https:\\\/\\\/shop.tritone-music.de\\\/index.php\\\/shop\\\/\"},{\"@type\":\"ListItem\",\"position\":3,\"name\":\"Orange Brent Hinds Terror\"}]},{\"@type\":\"WebSite\",\"@id\":\"https:\\\/\\\/shop.tritone-music.de\\\/#website\",\"url\":\"https:\\\/\\\/shop.tritone-music.de\\\/\",\"name\":\"Tritone Music\",\"description\":\"guitar store\",\"publisher\":{\"@id\":\"https:\\\/\\\/shop.tritone-music.de\\\/#organization\"},\"potentialAction\":[{\"@type\":\"SearchAction\",\"target\":{\"@type\":\"EntryPoint\",\"urlTemplate\":\"https:\\\/\\\/shop.tritone-music.de\\\/?s={search_term_string}\"},\"query-input\":{\"@type\":\"PropertyValueSpecification\",\"valueRequired\":true,\"valueName\":\"search_term_string\"}}],\"inLanguage\":\"de\"},{\"@type\":\"Organization\",\"@id\":\"https:\\\/\\\/shop.tritone-music.de\\\/#organization\",\"name\":\"Tritone Music\",\"url\":\"https:\\\/\\\/shop.tritone-music.de\\\/\",\"logo\":{\"@type\":\"ImageObject\",\"inLanguage\":\"de\",\"@id\":\"https:\\\/\\\/shop.tritone-music.de\\\/#\\\/schema\\\/logo\\\/image\\\/\",\"url\":\"https:\\\/\\\/shop.tritone-music.de\\\/wp-content\\\/uploads\\\/2025\\\/09\\\/Tritone-Guitar-Logo-weiss.png\",\"contentUrl\":\"https:\\\/\\\/shop.tritone-music.de\\\/wp-content\\\/uploads\\\/2025\\\/09\\\/Tritone-Guitar-Logo-weiss.png\",\"width\":2308,\"height\":642,\"caption\":\"Tritone Music\"},\"image\":{\"@id\":\"https:\\\/\\\/shop.tritone-music.de\\\/#\\\/schema\\\/logo\\\/image\\\/\"}}]}<\/script>\n<!-- \/ Yoast SEO plugin. -->","yoast_head_json":{"title":"Orange Brent Hinds Terror - Tritone Music","description":"Der Orange Brent Hinds Terror ist ein zweikanaliger R\u00f6hrenverst\u00e4rker mit neuer Gain-Struktur, umschaltbarer Leistung (15\/7\/1\/0,5 Watt) und charakterstarkem Sound.","robots":{"index":"index","follow":"follow","max-snippet":"max-snippet:-1","max-image-preview":"max-image-preview:large","max-video-preview":"max-video-preview:-1"},"canonical":"https:\/\/shop.tritone-music.de\/index.php\/produkt\/orange-brent-hinds-terror\/","og_locale":"de_DE","og_type":"article","og_title":"Orange Brent Hinds Terror - Tritone Music","og_description":"Der Orange Brent Hinds Terror ist ein zweikanaliger R\u00f6hrenverst\u00e4rker mit neuer Gain-Struktur, umschaltbarer Leistung (15\/7\/1\/0,5 Watt) und charakterstarkem Sound.","og_url":"https:\/\/shop.tritone-music.de\/index.php\/produkt\/orange-brent-hinds-terror\/","og_site_name":"Tritone Music","article_modified_time":"2026-02-25T13:25:01+00:00","og_image":[{"width":2560,"height":1709,"url":"https:\/\/shop.tritone-music.de\/wp-content\/uploads\/2026\/02\/Orange-Brent-Hinds-Terror-1.jpg","type":"image\/jpeg"}],"twitter_card":"summary_large_image","twitter_misc":{"Gesch\u00e4tzte Lesezeit":"2\u00a0Minuten"},"schema":{"@context":"https:\/\/schema.org","@graph":[{"@type":"WebPage","@id":"https:\/\/shop.tritone-music.de\/index.php\/produkt\/orange-brent-hinds-terror\/","url":"https:\/\/shop.tritone-music.de\/index.php\/produkt\/orange-brent-hinds-terror\/","name":"Orange Brent Hinds Terror - Tritone Music","isPartOf":{"@id":"https:\/\/shop.tritone-music.de\/#website"},"primaryImageOfPage":{"@id":"https:\/\/shop.tritone-music.de\/index.php\/produkt\/orange-brent-hinds-terror\/#primaryimage"},"image":{"@id":"https:\/\/shop.tritone-music.de\/index.php\/produkt\/orange-brent-hinds-terror\/#primaryimage"},"thumbnailUrl":"https:\/\/shop.tritone-music.de\/wp-content\/uploads\/2026\/02\/Orange-Brent-Hinds-Terror-1.jpg","datePublished":"2026-02-25T13:13:11+00:00","dateModified":"2026-02-25T13:25:01+00:00","description":"Der Orange Brent Hinds Terror ist ein zweikanaliger R\u00f6hrenverst\u00e4rker mit neuer Gain-Struktur, umschaltbarer Leistung (15\/7\/1\/0,5 Watt) und charakterstarkem Sound.","breadcrumb":{"@id":"https:\/\/shop.tritone-music.de\/index.php\/produkt\/orange-brent-hinds-terror\/#breadcrumb"},"inLanguage":"de","potentialAction":[{"@type":"ReadAction","target":["https:\/\/shop.tritone-music.de\/index.php\/produkt\/orange-brent-hinds-terror\/"]}]},{"@type":"ImageObject","inLanguage":"de","@id":"https:\/\/shop.tritone-music.de\/index.php\/produkt\/orange-brent-hinds-terror\/#primaryimage","url":"https:\/\/shop.tritone-music.de\/wp-content\/uploads\/2026\/02\/Orange-Brent-Hinds-Terror-1.jpg","contentUrl":"https:\/\/shop.tritone-music.de\/wp-content\/uploads\/2026\/02\/Orange-Brent-Hinds-Terror-1.jpg","width":2560,"height":1709},{"@type":"BreadcrumbList","@id":"https:\/\/shop.tritone-music.de\/index.php\/produkt\/orange-brent-hinds-terror\/#breadcrumb","itemListElement":[{"@type":"ListItem","position":1,"name":"Startseite","item":"https:\/\/shop.tritone-music.de\/"},{"@type":"ListItem","position":2,"name":"Shop","item":"https:\/\/shop.tritone-music.de\/index.php\/shop\/"},{"@type":"ListItem","position":3,"name":"Orange Brent Hinds Terror"}]},{"@type":"WebSite","@id":"https:\/\/shop.tritone-music.de\/#website","url":"https:\/\/shop.tritone-music.de\/","name":"Tritone Music","description":"guitar store","publisher":{"@id":"https:\/\/shop.tritone-music.de\/#organization"},"potentialAction":[{"@type":"SearchAction","target":{"@type":"EntryPoint","urlTemplate":"https:\/\/shop.tritone-music.de\/?s={search_term_string}"},"query-input":{"@type":"PropertyValueSpecification","valueRequired":true,"valueName":"search_term_string"}}],"inLanguage":"de"},{"@type":"Organization","@id":"https:\/\/shop.tritone-music.de\/#organization","name":"Tritone Music","url":"https:\/\/shop.tritone-music.de\/","logo":{"@type":"ImageObject","inLanguage":"de","@id":"https:\/\/shop.tritone-music.de\/#\/schema\/logo\/image\/","url":"https:\/\/shop.tritone-music.de\/wp-content\/uploads\/2025\/09\/Tritone-Guitar-Logo-weiss.png","contentUrl":"https:\/\/shop.tritone-music.de\/wp-content\/uploads\/2025\/09\/Tritone-Guitar-Logo-weiss.png","width":2308,"height":642,"caption":"Tritone Music"},"image":{"@id":"https:\/\/shop.tritone-music.de\/#\/schema\/logo\/image\/"}}]}},"jetpack_sharing_enabled":true,"_links":{"self":[{"href":"https:\/\/shop.tritone-music.de\/index.php\/wp-json\/wp\/v2\/product\/1459","targetHints":{"allow":["GET"]}}],"collection":[{"href":"https:\/\/shop.tritone-music.de\/index.php\/wp-json\/wp\/v2\/product"}],"about":[{"href":"https:\/\/shop.tritone-music.de\/index.php\/wp-json\/wp\/v2\/types\/product"}],"replies":[{"embeddable":true,"href":"https:\/\/shop.tritone-music.de\/index.php\/wp-json\/wp\/v2\/comments?post=1459"}],"wp:featuredmedia":[{"embeddable":true,"href":"https:\/\/shop.tritone-music.de\/index.php\/wp-json\/wp\/v2\/media\/1460"}],"wp:attachment":[{"href":"https:\/\/shop.tritone-music.de\/index.php\/wp-json\/wp\/v2\/media?parent=1459"}],"wp:term":[{"taxonomy":"product_brand","embeddable":true,"href":"https:\/\/shop.tritone-music.de\/index.php\/wp-json\/wp\/v2\/product_brand?post=1459"},{"taxonomy":"product_cat","embeddable":true,"href":"https:\/\/shop.tritone-music.de\/index.php\/wp-json\/wp\/v2\/product_cat?post=1459"},{"taxonomy":"product_tag","embeddable":true,"href":"https:\/\/shop.tritone-music.de\/index.php\/wp-json\/wp\/v2\/product_tag?post=1459"}],"curies":[{"name":"wp","href":"https:\/\/api.w.org\/{rel}","templated":true}]}}