{"id":1521,"date":"2026-03-12T08:24:39","date_gmt":"2026-03-12T08:24:39","guid":{"rendered":"https:\/\/shop.tritone-music.de\/?post_type=product&#038;p=1521"},"modified":"2026-03-12T10:51:11","modified_gmt":"2026-03-12T10:51:11","slug":"proco-rat-2-distortion","status":"publish","type":"product","link":"https:\/\/shop.tritone-music.de\/index.php\/produkt\/proco-rat-2-distortion\/","title":{"rendered":"ProCo RAT 2 Distortion"},"content":{"rendered":"<p data-start=\"18\" data-end=\"313\"><span class=\"BZ_Pyq_fadeIn\">Das ProCo RAT2 <\/span><span class=\"BZ_Pyq_fadeIn\">ist <\/span><span class=\"BZ_Pyq_fadeIn\">ein <\/span><span class=\"BZ_Pyq_fadeIn\">legend\u00e4res <\/span><span class=\"BZ_Pyq_fadeIn\">Distortion-\/<\/span><span class=\"BZ_Pyq_fadeIn\">Overdrive-<\/span><span class=\"BZ_Pyq_fadeIn\">Pedal <\/span><span class=\"BZ_Pyq_fadeIn\">mit <\/span><span class=\"BZ_Pyq_fadeIn\">Reglern <\/span><span class=\"BZ_Pyq_fadeIn\">f\u00fcr <\/span><span class=\"BZ_Pyq_fadeIn\">Distortion, <\/span><span class=\"BZ_Pyq_fadeIn\">Filter <\/span><span class=\"BZ_Pyq_fadeIn\">und <\/span><span class=\"BZ_Pyq_fadeIn\">Volume. <\/span><span class=\"BZ_Pyq_fadeIn\">Sie <\/span><span class=\"BZ_Pyq_fadeIn\">bietet <\/span><span class=\"BZ_Pyq_fadeIn\">den <\/span><span class=\"BZ_Pyq_fadeIn\">klassischen <\/span><span class=\"BZ_Pyq_fadeIn\">RAT-<\/span><span class=\"BZ_Pyq_fadeIn\">Sound \u2013 <\/span><span class=\"BZ_Pyq_fadeIn\">von <\/span><span class=\"BZ_Pyq_fadeIn\">mildem <\/span><span class=\"BZ_Pyq_fadeIn\">Vintage-<\/span><span class=\"BZ_Pyq_fadeIn\">Overdrive <\/span><span class=\"BZ_Pyq_fadeIn\">bis <\/span><span class=\"BZ_Pyq_fadeIn\">zu <\/span><span class=\"BZ_Pyq_fadeIn\">starkem <\/span><span class=\"BZ_Pyq_fadeIn\">Distortion. <\/span><span class=\"BZ_Pyq_fadeIn\">Dank <\/span><span class=\"BZ_Pyq_fadeIn\">stufenloser <\/span><span class=\"BZ_Pyq_fadeIn\">Regelung <\/span><span class=\"BZ_Pyq_fadeIn\">lassen <\/span><span class=\"BZ_Pyq_fadeIn\">sich <\/span><span class=\"BZ_Pyq_fadeIn\">Verzerrung, <\/span><span class=\"BZ_Pyq_fadeIn\">Pr\u00e4senz <\/span><span class=\"BZ_Pyq_fadeIn\">und <\/span><span class=\"BZ_Pyq_fadeIn\">Ausgangspegel <\/span><span class=\"BZ_Pyq_fadeIn\">pr\u00e4zise <\/span><span class=\"BZ_Pyq_fadeIn\">einstellen.<\/span><\/p>\n<p data-start=\"315\" data-end=\"538\"><span class=\"BZ_Pyq_fadeIn\">Das <\/span><span class=\"BZ_Pyq_fadeIn\">Pedal <\/span><span class=\"BZ_Pyq_fadeIn\">besitzt <\/span><span class=\"BZ_Pyq_fadeIn\">einen <\/span><span class=\"BZ_Pyq_fadeIn\">echten <\/span><span class=\"BZ_Pyq_fadeIn\">Bypass, <\/span><span class=\"BZ_Pyq_fadeIn\">eine <\/span><span class=\"BZ_Pyq_fadeIn\">LED-<\/span><span class=\"BZ_Pyq_fadeIn\">Statusanzeige <\/span><span class=\"BZ_Pyq_fadeIn\">und <\/span><span class=\"BZ_Pyq_fadeIn\">eine <\/span><span class=\"BZ_Pyq_fadeIn\">im <\/span><span class=\"BZ_Pyq_fadeIn\">Dunkeln <\/span><span class=\"BZ_Pyq_fadeIn\">sichtbare <\/span><span class=\"BZ_Pyq_fadeIn\">Skala. <\/span><span class=\"BZ_Pyq_fadeIn\">Es <\/span><span class=\"BZ_Pyq_fadeIn\">arbeitet <\/span><span class=\"BZ_Pyq_fadeIn\">mit 9-<\/span><span class=\"BZ_Pyq_fadeIn\">V-<\/span><span class=\"BZ_Pyq_fadeIn\">Batterie (<\/span><span class=\"BZ_Pyq_fadeIn\">ca. 160 <\/span><span class=\"BZ_Pyq_fadeIn\">Std.) <\/span><span class=\"BZ_Pyq_fadeIn\">oder <\/span><span class=\"BZ_Pyq_fadeIn\">optionalem <\/span><span class=\"BZ_Pyq_fadeIn\">Netzteil <\/span><span class=\"BZ_Pyq_fadeIn\">und <\/span><span class=\"BZ_Pyq_fadeIn\">ist <\/span><span class=\"BZ_Pyq_fadeIn\">in <\/span><span class=\"BZ_Pyq_fadeIn\">einem <\/span><span class=\"BZ_Pyq_fadeIn\">\u00e4u\u00dferst <\/span><span class=\"BZ_Pyq_fadeIn\">robusten <\/span><span class=\"BZ_Pyq_fadeIn\">Stahlgeh\u00e4use <\/span><span class=\"BZ_Pyq_fadeIn\">verbaut.<\/span><\/p>\n<p data-start=\"540\" data-end=\"560\"><strong data-start=\"540\" data-end=\"560\"><span class=\"BZ_Pyq_fadeIn\">Features:<\/span><\/strong><\/p>\n<ul data-start=\"561\" data-end=\"861\">\n<li data-section-id=\"ivieyy\" data-start=\"561\" data-end=\"589\">\n<p data-start=\"563\" data-end=\"589\"><span class=\"BZ_Pyq_fadeIn\">100 % <\/span><span class=\"BZ_Pyq_fadeIn\">analoger <\/span><span class=\"BZ_Pyq_fadeIn\">Signalweg<\/span><\/p>\n<\/li>\n<li data-section-id=\"tmim3e\" data-start=\"590\" data-end=\"628\">\n<p data-start=\"592\" data-end=\"628\"><span class=\"BZ_Pyq_fadeIn\">Regler: <\/span><span class=\"BZ_Pyq_fadeIn\">Distortion, <\/span><span class=\"BZ_Pyq_fadeIn\">Filter, <\/span><span class=\"BZ_Pyq_fadeIn\">Volume<\/span><\/p>\n<\/li>\n<li data-section-id=\"1lxrfw9\" data-start=\"629\" data-end=\"655\">\n<p data-start=\"631\" data-end=\"655\"><span class=\"BZ_Pyq_fadeIn\">Eingangsimpedanz: 1 <\/span><span class=\"BZ_Pyq_fadeIn\">M\u03a9<\/span><\/p>\n<\/li>\n<li data-section-id=\"ipbzrd\" data-start=\"656\" data-end=\"676\">\n<p data-start=\"658\" data-end=\"676\"><span class=\"BZ_Pyq_fadeIn\">Max. <\/span><span class=\"BZ_Pyq_fadeIn\">Gain: 60 <\/span><span class=\"BZ_Pyq_fadeIn\">dB<\/span><\/p>\n<\/li>\n<li data-section-id=\"2nljjk\" data-start=\"677\" data-end=\"708\">\n<p data-start=\"679\" data-end=\"708\"><span class=\"BZ_Pyq_fadeIn\">6 <\/span><span class=\"BZ_Pyq_fadeIn\">dB\/<\/span><span class=\"BZ_Pyq_fadeIn\">Oktave <\/span><span class=\"BZ_Pyq_fadeIn\">Low-<\/span><span class=\"BZ_Pyq_fadeIn\">Pass-<\/span><span class=\"BZ_Pyq_fadeIn\">Filter<\/span><\/p>\n<\/li>\n<li data-section-id=\"2nljjk\" data-start=\"677\" data-end=\"708\">\n<p data-start=\"679\" data-end=\"708\"><span class=\"BZ_Pyq_fadeIn\">Stromverbrauch: <\/span><span class=\"BZ_Pyq_fadeIn\">ca. 3 <\/span><span class=\"BZ_Pyq_fadeIn\">mA (\u2248160 <\/span><span class=\"BZ_Pyq_fadeIn\">Std. <\/span><span class=\"BZ_Pyq_fadeIn\">mit <\/span><span class=\"BZ_Pyq_fadeIn\">Batterie)<\/span><\/p>\n<\/li>\n<li data-section-id=\"1rc9581\" data-start=\"763\" data-end=\"810\">\n<p data-start=\"765\" data-end=\"810\"><span class=\"BZ_Pyq_fadeIn\">Stahlgeh\u00e4use, <\/span><span class=\"BZ_Pyq_fadeIn\">werkzeugloser <\/span><span class=\"BZ_Pyq_fadeIn\">Batteriewechsel<\/span><\/p>\n<\/li>\n<li data-section-id=\"rmj4my\" data-start=\"811\" data-end=\"841\">\n<p data-start=\"813\" data-end=\"841\"><span class=\"BZ_Pyq_fadeIn\">Ma\u00dfe: 79,4 \u00d7 73 \u00d7 103,2 <\/span><span class=\"BZ_Pyq_fadeIn\">mm<\/span><\/p>\n<\/li>\n<li data-section-id=\"tfn6bc\" data-start=\"842\" data-end=\"861\">\n<p data-start=\"844\" data-end=\"861\"><span class=\"BZ_Pyq_fadeIn\">Gewicht: 0,9 <\/span><span class=\"BZ_Pyq_fadeIn\">kg<\/span><\/p>\n<\/li>\n<\/ul>\n","protected":false},"excerpt":{"rendered":"<p>Zustand: gebraucht \/ hervorragend<\/p>\n<p>inkl. OVP<\/p>\n","protected":false},"featured_media":1524,"comment_status":"open","ping_status":"closed","template":"","meta":{"site-sidebar-layout":"default","site-content-layout":"","ast-site-content-layout":"default","site-content-style":"default","site-sidebar-style":"default","ast-global-header-display":"","ast-banner-title-visibility":"","ast-main-header-display":"","ast-hfb-above-header-display":"","ast-hfb-below-header-display":"","ast-hfb-mobile-header-display":"","site-post-title":"","ast-breadcrumbs-content":"","ast-featured-img":"","footer-sml-layout":"","ast-disable-related-posts":"","theme-transparent-header-meta":"default","adv-header-id-meta":"","stick-header-meta":"","header-above-stick-meta":"","header-main-stick-meta":"","header-below-stick-meta":"","astra-migrate-meta-layouts":"set","ast-page-background-enabled":"default","ast-page-background-meta":{"desktop":{"background-color":"var(--ast-global-color-5)","background-image":"","background-repeat":"repeat","background-position":"center center","background-size":"auto","background-attachment":"scroll","background-type":"","background-media":"","overlay-type":"","overlay-color":"","overlay-opacity":"","overlay-gradient":""},"tablet":{"background-color":"","background-image":"","background-repeat":"repeat","background-position":"center center","background-size":"auto","background-attachment":"scroll","background-type":"","background-media":"","overlay-type":"","overlay-color":"","overlay-opacity":"","overlay-gradient":""},"mobile":{"background-color":"","background-image":"","background-repeat":"repeat","background-position":"center center","background-size":"auto","background-attachment":"scroll","background-type":"","background-media":"","overlay-type":"","overlay-color":"","overlay-opacity":"","overlay-gradient":""}},"ast-content-background-meta":{"desktop":{"background-color":"var(--ast-global-color-4)","background-image":"","background-repeat":"repeat","background-position":"center center","background-size":"auto","background-attachment":"scroll","background-type":"","background-media":"","overlay-type":"","overlay-color":"","overlay-opacity":"","overlay-gradient":""},"tablet":{"background-color":"var(--ast-global-color-4)","background-image":"","background-repeat":"repeat","background-position":"center center","background-size":"auto","background-attachment":"scroll","background-type":"","background-media":"","overlay-type":"","overlay-color":"","overlay-opacity":"","overlay-gradient":""},"mobile":{"background-color":"var(--ast-global-color-4)","background-image":"","background-repeat":"repeat","background-position":"center center","background-size":"auto","background-attachment":"scroll","background-type":"","background-media":"","overlay-type":"","overlay-color":"","overlay-opacity":"","overlay-gradient":""}}},"product_brand":[543],"product_cat":[84,89],"product_tag":[194,279,326,544,545,192],"class_list":{"0":"post-1521","1":"product","2":"type-product","3":"status-publish","4":"has-post-thumbnail","6":"product_brand-proco","7":"product_cat-effects","8":"product_cat-store","9":"product_tag-pedal","10":"product_tag-distortion","11":"product_tag-analog","12":"product_tag-proco","13":"product_tag-rat","14":"product_tag-overdrive","15":"product_shipping_class-effektgeraete-zubehoer-differenz","16":"desktop-align-left","17":"tablet-align-left","18":"mobile-align-left","20":"first","21":"outofstock","22":"sold-individually","23":"purchasable","24":"product-type-simple"},"yoast_head":"<!-- This site is optimized with the Yoast SEO plugin v27.3 - https:\/\/yoast.com\/product\/yoast-seo-wordpress\/ -->\n<title>ProCo RAT 2 Distortion - Tritone Music<\/title>\n<meta name=\"description\" content=\"Die Pro Co RAT2 ist ein legend\u00e4res analoges Distortion-Pedal mit Distortion-, Filter- und Volume-Reglern.\" \/>\n<meta name=\"robots\" content=\"index, follow, max-snippet:-1, max-image-preview:large, max-video-preview:-1\" \/>\n<link rel=\"canonical\" href=\"https:\/\/shop.tritone-music.de\/index.php\/produkt\/proco-rat-2-distortion\/\" \/>\n<meta property=\"og:locale\" content=\"de_DE\" \/>\n<meta property=\"og:type\" content=\"article\" \/>\n<meta property=\"og:title\" content=\"ProCo RAT 2 Distortion - Tritone Music\" \/>\n<meta property=\"og:description\" content=\"Die Pro Co RAT2 ist ein legend\u00e4res analoges Distortion-Pedal mit Distortion-, Filter- und Volume-Reglern.\" \/>\n<meta property=\"og:url\" content=\"https:\/\/shop.tritone-music.de\/index.php\/produkt\/proco-rat-2-distortion\/\" \/>\n<meta property=\"og:site_name\" content=\"Tritone Music\" \/>\n<meta property=\"article:modified_time\" content=\"2026-03-12T10:51:11+00:00\" \/>\n<meta property=\"og:image\" content=\"https:\/\/shop.tritone-music.de\/wp-content\/uploads\/2026\/03\/ProCo-RAT-1.jpg\" \/>\n\t<meta property=\"og:image:width\" content=\"2560\" \/>\n\t<meta property=\"og:image:height\" content=\"1709\" \/>\n\t<meta property=\"og:image:type\" content=\"image\/jpeg\" \/>\n<meta name=\"twitter:card\" content=\"summary_large_image\" \/>\n<meta name=\"twitter:label1\" content=\"Gesch\u00e4tzte Lesezeit\" \/>\n\t<meta name=\"twitter:data1\" content=\"1\u00a0Minute\" \/>\n<script type=\"application\/ld+json\" class=\"yoast-schema-graph\">{\"@context\":\"https:\\\/\\\/schema.org\",\"@graph\":[{\"@type\":\"WebPage\",\"@id\":\"https:\\\/\\\/shop.tritone-music.de\\\/index.php\\\/produkt\\\/proco-rat-2-distortion\\\/\",\"url\":\"https:\\\/\\\/shop.tritone-music.de\\\/index.php\\\/produkt\\\/proco-rat-2-distortion\\\/\",\"name\":\"ProCo RAT 2 Distortion - Tritone Music\",\"isPartOf\":{\"@id\":\"https:\\\/\\\/shop.tritone-music.de\\\/#website\"},\"primaryImageOfPage\":{\"@id\":\"https:\\\/\\\/shop.tritone-music.de\\\/index.php\\\/produkt\\\/proco-rat-2-distortion\\\/#primaryimage\"},\"image\":{\"@id\":\"https:\\\/\\\/shop.tritone-music.de\\\/index.php\\\/produkt\\\/proco-rat-2-distortion\\\/#primaryimage\"},\"thumbnailUrl\":\"https:\\\/\\\/shop.tritone-music.de\\\/wp-content\\\/uploads\\\/2026\\\/03\\\/ProCo-RAT-1.jpg\",\"datePublished\":\"2026-03-12T08:24:39+00:00\",\"dateModified\":\"2026-03-12T10:51:11+00:00\",\"description\":\"Die Pro Co RAT2 ist ein legend\u00e4res analoges Distortion-Pedal mit Distortion-, Filter- und Volume-Reglern.\",\"breadcrumb\":{\"@id\":\"https:\\\/\\\/shop.tritone-music.de\\\/index.php\\\/produkt\\\/proco-rat-2-distortion\\\/#breadcrumb\"},\"inLanguage\":\"de\",\"potentialAction\":[{\"@type\":\"ReadAction\",\"target\":[\"https:\\\/\\\/shop.tritone-music.de\\\/index.php\\\/produkt\\\/proco-rat-2-distortion\\\/\"]}]},{\"@type\":\"ImageObject\",\"inLanguage\":\"de\",\"@id\":\"https:\\\/\\\/shop.tritone-music.de\\\/index.php\\\/produkt\\\/proco-rat-2-distortion\\\/#primaryimage\",\"url\":\"https:\\\/\\\/shop.tritone-music.de\\\/wp-content\\\/uploads\\\/2026\\\/03\\\/ProCo-RAT-1.jpg\",\"contentUrl\":\"https:\\\/\\\/shop.tritone-music.de\\\/wp-content\\\/uploads\\\/2026\\\/03\\\/ProCo-RAT-1.jpg\",\"width\":2560,\"height\":1709},{\"@type\":\"BreadcrumbList\",\"@id\":\"https:\\\/\\\/shop.tritone-music.de\\\/index.php\\\/produkt\\\/proco-rat-2-distortion\\\/#breadcrumb\",\"itemListElement\":[{\"@type\":\"ListItem\",\"position\":1,\"name\":\"Startseite\",\"item\":\"https:\\\/\\\/shop.tritone-music.de\\\/\"},{\"@type\":\"ListItem\",\"position\":2,\"name\":\"Shop\",\"item\":\"https:\\\/\\\/shop.tritone-music.de\\\/index.php\\\/shop\\\/\"},{\"@type\":\"ListItem\",\"position\":3,\"name\":\"ProCo RAT 2 Distortion\"}]},{\"@type\":\"WebSite\",\"@id\":\"https:\\\/\\\/shop.tritone-music.de\\\/#website\",\"url\":\"https:\\\/\\\/shop.tritone-music.de\\\/\",\"name\":\"Tritone Music\",\"description\":\"guitar store\",\"publisher\":{\"@id\":\"https:\\\/\\\/shop.tritone-music.de\\\/#organization\"},\"potentialAction\":[{\"@type\":\"SearchAction\",\"target\":{\"@type\":\"EntryPoint\",\"urlTemplate\":\"https:\\\/\\\/shop.tritone-music.de\\\/?s={search_term_string}\"},\"query-input\":{\"@type\":\"PropertyValueSpecification\",\"valueRequired\":true,\"valueName\":\"search_term_string\"}}],\"inLanguage\":\"de\"},{\"@type\":\"Organization\",\"@id\":\"https:\\\/\\\/shop.tritone-music.de\\\/#organization\",\"name\":\"Tritone Music\",\"url\":\"https:\\\/\\\/shop.tritone-music.de\\\/\",\"logo\":{\"@type\":\"ImageObject\",\"inLanguage\":\"de\",\"@id\":\"https:\\\/\\\/shop.tritone-music.de\\\/#\\\/schema\\\/logo\\\/image\\\/\",\"url\":\"https:\\\/\\\/shop.tritone-music.de\\\/wp-content\\\/uploads\\\/2025\\\/09\\\/Tritone-Guitar-Logo-weiss.png\",\"contentUrl\":\"https:\\\/\\\/shop.tritone-music.de\\\/wp-content\\\/uploads\\\/2025\\\/09\\\/Tritone-Guitar-Logo-weiss.png\",\"width\":2308,\"height\":642,\"caption\":\"Tritone Music\"},\"image\":{\"@id\":\"https:\\\/\\\/shop.tritone-music.de\\\/#\\\/schema\\\/logo\\\/image\\\/\"}}]}<\/script>\n<!-- \/ Yoast SEO plugin. -->","yoast_head_json":{"title":"ProCo RAT 2 Distortion - Tritone Music","description":"Die Pro Co RAT2 ist ein legend\u00e4res analoges Distortion-Pedal mit Distortion-, Filter- und Volume-Reglern.","robots":{"index":"index","follow":"follow","max-snippet":"max-snippet:-1","max-image-preview":"max-image-preview:large","max-video-preview":"max-video-preview:-1"},"canonical":"https:\/\/shop.tritone-music.de\/index.php\/produkt\/proco-rat-2-distortion\/","og_locale":"de_DE","og_type":"article","og_title":"ProCo RAT 2 Distortion - Tritone Music","og_description":"Die Pro Co RAT2 ist ein legend\u00e4res analoges Distortion-Pedal mit Distortion-, Filter- und Volume-Reglern.","og_url":"https:\/\/shop.tritone-music.de\/index.php\/produkt\/proco-rat-2-distortion\/","og_site_name":"Tritone Music","article_modified_time":"2026-03-12T10:51:11+00:00","og_image":[{"width":2560,"height":1709,"url":"https:\/\/shop.tritone-music.de\/wp-content\/uploads\/2026\/03\/ProCo-RAT-1.jpg","type":"image\/jpeg"}],"twitter_card":"summary_large_image","twitter_misc":{"Gesch\u00e4tzte Lesezeit":"1\u00a0Minute"},"schema":{"@context":"https:\/\/schema.org","@graph":[{"@type":"WebPage","@id":"https:\/\/shop.tritone-music.de\/index.php\/produkt\/proco-rat-2-distortion\/","url":"https:\/\/shop.tritone-music.de\/index.php\/produkt\/proco-rat-2-distortion\/","name":"ProCo RAT 2 Distortion - Tritone Music","isPartOf":{"@id":"https:\/\/shop.tritone-music.de\/#website"},"primaryImageOfPage":{"@id":"https:\/\/shop.tritone-music.de\/index.php\/produkt\/proco-rat-2-distortion\/#primaryimage"},"image":{"@id":"https:\/\/shop.tritone-music.de\/index.php\/produkt\/proco-rat-2-distortion\/#primaryimage"},"thumbnailUrl":"https:\/\/shop.tritone-music.de\/wp-content\/uploads\/2026\/03\/ProCo-RAT-1.jpg","datePublished":"2026-03-12T08:24:39+00:00","dateModified":"2026-03-12T10:51:11+00:00","description":"Die Pro Co RAT2 ist ein legend\u00e4res analoges Distortion-Pedal mit Distortion-, Filter- und Volume-Reglern.","breadcrumb":{"@id":"https:\/\/shop.tritone-music.de\/index.php\/produkt\/proco-rat-2-distortion\/#breadcrumb"},"inLanguage":"de","potentialAction":[{"@type":"ReadAction","target":["https:\/\/shop.tritone-music.de\/index.php\/produkt\/proco-rat-2-distortion\/"]}]},{"@type":"ImageObject","inLanguage":"de","@id":"https:\/\/shop.tritone-music.de\/index.php\/produkt\/proco-rat-2-distortion\/#primaryimage","url":"https:\/\/shop.tritone-music.de\/wp-content\/uploads\/2026\/03\/ProCo-RAT-1.jpg","contentUrl":"https:\/\/shop.tritone-music.de\/wp-content\/uploads\/2026\/03\/ProCo-RAT-1.jpg","width":2560,"height":1709},{"@type":"BreadcrumbList","@id":"https:\/\/shop.tritone-music.de\/index.php\/produkt\/proco-rat-2-distortion\/#breadcrumb","itemListElement":[{"@type":"ListItem","position":1,"name":"Startseite","item":"https:\/\/shop.tritone-music.de\/"},{"@type":"ListItem","position":2,"name":"Shop","item":"https:\/\/shop.tritone-music.de\/index.php\/shop\/"},{"@type":"ListItem","position":3,"name":"ProCo RAT 2 Distortion"}]},{"@type":"WebSite","@id":"https:\/\/shop.tritone-music.de\/#website","url":"https:\/\/shop.tritone-music.de\/","name":"Tritone Music","description":"guitar store","publisher":{"@id":"https:\/\/shop.tritone-music.de\/#organization"},"potentialAction":[{"@type":"SearchAction","target":{"@type":"EntryPoint","urlTemplate":"https:\/\/shop.tritone-music.de\/?s={search_term_string}"},"query-input":{"@type":"PropertyValueSpecification","valueRequired":true,"valueName":"search_term_string"}}],"inLanguage":"de"},{"@type":"Organization","@id":"https:\/\/shop.tritone-music.de\/#organization","name":"Tritone Music","url":"https:\/\/shop.tritone-music.de\/","logo":{"@type":"ImageObject","inLanguage":"de","@id":"https:\/\/shop.tritone-music.de\/#\/schema\/logo\/image\/","url":"https:\/\/shop.tritone-music.de\/wp-content\/uploads\/2025\/09\/Tritone-Guitar-Logo-weiss.png","contentUrl":"https:\/\/shop.tritone-music.de\/wp-content\/uploads\/2025\/09\/Tritone-Guitar-Logo-weiss.png","width":2308,"height":642,"caption":"Tritone Music"},"image":{"@id":"https:\/\/shop.tritone-music.de\/#\/schema\/logo\/image\/"}}]}},"jetpack_sharing_enabled":true,"_links":{"self":[{"href":"https:\/\/shop.tritone-music.de\/index.php\/wp-json\/wp\/v2\/product\/1521","targetHints":{"allow":["GET"]}}],"collection":[{"href":"https:\/\/shop.tritone-music.de\/index.php\/wp-json\/wp\/v2\/product"}],"about":[{"href":"https:\/\/shop.tritone-music.de\/index.php\/wp-json\/wp\/v2\/types\/product"}],"replies":[{"embeddable":true,"href":"https:\/\/shop.tritone-music.de\/index.php\/wp-json\/wp\/v2\/comments?post=1521"}],"wp:featuredmedia":[{"embeddable":true,"href":"https:\/\/shop.tritone-music.de\/index.php\/wp-json\/wp\/v2\/media\/1524"}],"wp:attachment":[{"href":"https:\/\/shop.tritone-music.de\/index.php\/wp-json\/wp\/v2\/media?parent=1521"}],"wp:term":[{"taxonomy":"product_brand","embeddable":true,"href":"https:\/\/shop.tritone-music.de\/index.php\/wp-json\/wp\/v2\/product_brand?post=1521"},{"taxonomy":"product_cat","embeddable":true,"href":"https:\/\/shop.tritone-music.de\/index.php\/wp-json\/wp\/v2\/product_cat?post=1521"},{"taxonomy":"product_tag","embeddable":true,"href":"https:\/\/shop.tritone-music.de\/index.php\/wp-json\/wp\/v2\/product_tag?post=1521"}],"curies":[{"name":"wp","href":"https:\/\/api.w.org\/{rel}","templated":true}]}}