{"id":1607,"date":"2026-03-21T11:16:45","date_gmt":"2026-03-21T11:16:45","guid":{"rendered":"https:\/\/shop.tritone-music.de\/?post_type=product&#038;p=1607"},"modified":"2026-03-25T08:35:59","modified_gmt":"2026-03-25T08:35:59","slug":"boss-cs-3-compression-sustainer-2","status":"publish","type":"product","link":"https:\/\/shop.tritone-music.de\/index.php\/produkt\/boss-cs-3-compression-sustainer-2\/","title":{"rendered":"BOSS CS-3 Compression Sustainer"},"content":{"rendered":"<p class=\"overview-title\">BOSS CS-3 Compression Sustainer &#8211; Klassische Kompression, smoothes Sustain<\/p>\n<p class=\"overview-text\">Unz\u00e4hlige Gitarristen vertrauen auf das CS-3 Compression Sustainer Pedal mit seinem gleichm\u00e4\u00dfigen Sound und der au\u00dfergew\u00f6hnlichen Vielseitigkeit. Ob subtile Dynamikkontrolle oder dichtes, cleanes Sustain \u2013 der kleine blaue BOSS Klassiker bietet eine herausragende Ausgewogenheit und Artikulation, ganz gleich, ob du Rhythmus oder Lead spielst. Mit Reglern f\u00fcr Level, Tone, Attack und Sustain l\u00e4sst sich der Sound pr\u00e4zise und intuitiv steuern und f\u00fcr jeden Musikstil anpassen. Durchg\u00e4ngig in Produktion seit 1986, gilt das CS-3 als Referenz f\u00fcr Gitarristen, die eine nat\u00fcrlich klingende Kompression bevorzugen.<\/p>\n<p class=\"features-column-title features-column-title--center\"><strong>Features<\/strong><\/p>\n<ul class=\"p-main-features__list\">\n<li>Klassisches analoges Kompressorpedal, dem Gitarristen seit Jahrzehnten vertrauen<\/li>\n<li>Nat\u00fcrliche Kompression und dichtes Sustain ohne zus\u00e4tzliche Verzerrung<\/li>\n<li>Attack- und Sustain-Regler f\u00fcr eine transparente und gleichm\u00e4\u00dfige Dynamikkontrolle<\/li>\n<li>Tone-Regler zur Anpassung der hohen Frequenzen<\/li>\n<li>Leistungsf\u00e4hige VCA-Schaltung f\u00fcr einen stabilen, ausgewogenen Sound<\/li>\n<li>Niedriges Grundrauschen f\u00fcr den transparenten Betrieb<\/li>\n<\/ul>\n","protected":false},"excerpt":{"rendered":"<p>Zustand: gebraucht \/ voll funktionsf\u00e4hig, Geh\u00e4use mit leichten Gebrauchsspuren<\/p>\n","protected":false},"featured_media":1608,"comment_status":"open","ping_status":"closed","template":"","meta":{"site-sidebar-layout":"default","site-content-layout":"","ast-site-content-layout":"default","site-content-style":"default","site-sidebar-style":"default","ast-global-header-display":"","ast-banner-title-visibility":"","ast-main-header-display":"","ast-hfb-above-header-display":"","ast-hfb-below-header-display":"","ast-hfb-mobile-header-display":"","site-post-title":"","ast-breadcrumbs-content":"","ast-featured-img":"","footer-sml-layout":"","ast-disable-related-posts":"","theme-transparent-header-meta":"default","adv-header-id-meta":"","stick-header-meta":"","header-above-stick-meta":"","header-main-stick-meta":"","header-below-stick-meta":"","astra-migrate-meta-layouts":"set","ast-page-background-enabled":"default","ast-page-background-meta":{"desktop":{"background-color":"var(--ast-global-color-5)","background-image":"","background-repeat":"repeat","background-position":"center center","background-size":"auto","background-attachment":"scroll","background-type":"","background-media":"","overlay-type":"","overlay-color":"","overlay-opacity":"","overlay-gradient":""},"tablet":{"background-color":"","background-image":"","background-repeat":"repeat","background-position":"center center","background-size":"auto","background-attachment":"scroll","background-type":"","background-media":"","overlay-type":"","overlay-color":"","overlay-opacity":"","overlay-gradient":""},"mobile":{"background-color":"","background-image":"","background-repeat":"repeat","background-position":"center center","background-size":"auto","background-attachment":"scroll","background-type":"","background-media":"","overlay-type":"","overlay-color":"","overlay-opacity":"","overlay-gradient":""}},"ast-content-background-meta":{"desktop":{"background-color":"var(--ast-global-color-4)","background-image":"","background-repeat":"repeat","background-position":"center center","background-size":"auto","background-attachment":"scroll","background-type":"","background-media":"","overlay-type":"","overlay-color":"","overlay-opacity":"","overlay-gradient":""},"tablet":{"background-color":"var(--ast-global-color-4)","background-image":"","background-repeat":"repeat","background-position":"center center","background-size":"auto","background-attachment":"scroll","background-type":"","background-media":"","overlay-type":"","overlay-color":"","overlay-opacity":"","overlay-gradient":""},"mobile":{"background-color":"var(--ast-global-color-4)","background-image":"","background-repeat":"repeat","background-position":"center center","background-size":"auto","background-attachment":"scroll","background-type":"","background-media":"","overlay-type":"","overlay-color":"","overlay-opacity":"","overlay-gradient":""}}},"product_brand":[190],"product_cat":[84,89],"product_tag":[194,526,527,528,529,530,191],"class_list":{"0":"post-1607","1":"product","2":"type-product","3":"status-publish","4":"has-post-thumbnail","6":"product_brand-boss","7":"product_cat-effects","8":"product_cat-store","9":"product_tag-pedal","10":"product_tag-cs-3","11":"product_tag-compression","12":"product_tag-sustainer","13":"product_tag-kompressor","14":"product_tag-sustain","15":"product_tag-boss","16":"product_shipping_class-effektgeraete-zubehoer-differenz","17":"desktop-align-left","18":"tablet-align-left","19":"mobile-align-left","21":"first","22":"outofstock","23":"sold-individually","24":"purchasable","25":"product-type-simple"},"yoast_head":"<!-- This site is optimized with the Yoast SEO plugin v27.3 - https:\/\/yoast.com\/product\/yoast-seo-wordpress\/ -->\n<title>BOSS CS-3 Compression Sustainer - Tritone Music<\/title>\n<meta name=\"description\" content=\"Das BOSS CS-3 Compression Sustainer bietet klassische, nat\u00fcrlich klingende Kompression mit dichtem Sustain. Vielseitig einstellbar \u00fcber Level, Tone, Attack und Sustain.\" \/>\n<meta name=\"robots\" content=\"index, follow, max-snippet:-1, max-image-preview:large, max-video-preview:-1\" \/>\n<link rel=\"canonical\" href=\"https:\/\/shop.tritone-music.de\/index.php\/produkt\/boss-cs-3-compression-sustainer-2\/\" \/>\n<meta property=\"og:locale\" content=\"de_DE\" \/>\n<meta property=\"og:type\" content=\"article\" \/>\n<meta property=\"og:title\" content=\"BOSS CS-3 Compression Sustainer - Tritone Music\" \/>\n<meta property=\"og:description\" content=\"Das BOSS CS-3 Compression Sustainer bietet klassische, nat\u00fcrlich klingende Kompression mit dichtem Sustain. Vielseitig einstellbar \u00fcber Level, Tone, Attack und Sustain.\" \/>\n<meta property=\"og:url\" content=\"https:\/\/shop.tritone-music.de\/index.php\/produkt\/boss-cs-3-compression-sustainer-2\/\" \/>\n<meta property=\"og:site_name\" content=\"Tritone Music\" \/>\n<meta property=\"article:modified_time\" content=\"2026-03-25T08:35:59+00:00\" \/>\n<meta property=\"og:image\" content=\"https:\/\/shop.tritone-music.de\/wp-content\/uploads\/2026\/03\/Boss-CS3-5.jpg\" \/>\n\t<meta property=\"og:image:width\" content=\"2560\" \/>\n\t<meta property=\"og:image:height\" content=\"1709\" \/>\n\t<meta property=\"og:image:type\" content=\"image\/jpeg\" \/>\n<meta name=\"twitter:card\" content=\"summary_large_image\" \/>\n<meta name=\"twitter:label1\" content=\"Gesch\u00e4tzte Lesezeit\" \/>\n\t<meta name=\"twitter:data1\" content=\"1\u00a0Minute\" \/>\n<script type=\"application\/ld+json\" class=\"yoast-schema-graph\">{\"@context\":\"https:\\\/\\\/schema.org\",\"@graph\":[{\"@type\":\"WebPage\",\"@id\":\"https:\\\/\\\/shop.tritone-music.de\\\/index.php\\\/produkt\\\/boss-cs-3-compression-sustainer-2\\\/\",\"url\":\"https:\\\/\\\/shop.tritone-music.de\\\/index.php\\\/produkt\\\/boss-cs-3-compression-sustainer-2\\\/\",\"name\":\"BOSS CS-3 Compression Sustainer - Tritone Music\",\"isPartOf\":{\"@id\":\"https:\\\/\\\/shop.tritone-music.de\\\/#website\"},\"primaryImageOfPage\":{\"@id\":\"https:\\\/\\\/shop.tritone-music.de\\\/index.php\\\/produkt\\\/boss-cs-3-compression-sustainer-2\\\/#primaryimage\"},\"image\":{\"@id\":\"https:\\\/\\\/shop.tritone-music.de\\\/index.php\\\/produkt\\\/boss-cs-3-compression-sustainer-2\\\/#primaryimage\"},\"thumbnailUrl\":\"https:\\\/\\\/shop.tritone-music.de\\\/wp-content\\\/uploads\\\/2026\\\/03\\\/Boss-CS3-5.jpg\",\"datePublished\":\"2026-03-21T11:16:45+00:00\",\"dateModified\":\"2026-03-25T08:35:59+00:00\",\"description\":\"Das BOSS CS-3 Compression Sustainer bietet klassische, nat\u00fcrlich klingende Kompression mit dichtem Sustain. Vielseitig einstellbar \u00fcber Level, Tone, Attack und Sustain.\",\"breadcrumb\":{\"@id\":\"https:\\\/\\\/shop.tritone-music.de\\\/index.php\\\/produkt\\\/boss-cs-3-compression-sustainer-2\\\/#breadcrumb\"},\"inLanguage\":\"de\",\"potentialAction\":[{\"@type\":\"ReadAction\",\"target\":[\"https:\\\/\\\/shop.tritone-music.de\\\/index.php\\\/produkt\\\/boss-cs-3-compression-sustainer-2\\\/\"]}]},{\"@type\":\"ImageObject\",\"inLanguage\":\"de\",\"@id\":\"https:\\\/\\\/shop.tritone-music.de\\\/index.php\\\/produkt\\\/boss-cs-3-compression-sustainer-2\\\/#primaryimage\",\"url\":\"https:\\\/\\\/shop.tritone-music.de\\\/wp-content\\\/uploads\\\/2026\\\/03\\\/Boss-CS3-5.jpg\",\"contentUrl\":\"https:\\\/\\\/shop.tritone-music.de\\\/wp-content\\\/uploads\\\/2026\\\/03\\\/Boss-CS3-5.jpg\",\"width\":2560,\"height\":1709},{\"@type\":\"BreadcrumbList\",\"@id\":\"https:\\\/\\\/shop.tritone-music.de\\\/index.php\\\/produkt\\\/boss-cs-3-compression-sustainer-2\\\/#breadcrumb\",\"itemListElement\":[{\"@type\":\"ListItem\",\"position\":1,\"name\":\"Startseite\",\"item\":\"https:\\\/\\\/shop.tritone-music.de\\\/\"},{\"@type\":\"ListItem\",\"position\":2,\"name\":\"Shop\",\"item\":\"https:\\\/\\\/shop.tritone-music.de\\\/index.php\\\/shop\\\/\"},{\"@type\":\"ListItem\",\"position\":3,\"name\":\"BOSS CS-3 Compression Sustainer\"}]},{\"@type\":\"WebSite\",\"@id\":\"https:\\\/\\\/shop.tritone-music.de\\\/#website\",\"url\":\"https:\\\/\\\/shop.tritone-music.de\\\/\",\"name\":\"Tritone Music\",\"description\":\"guitar store\",\"publisher\":{\"@id\":\"https:\\\/\\\/shop.tritone-music.de\\\/#organization\"},\"potentialAction\":[{\"@type\":\"SearchAction\",\"target\":{\"@type\":\"EntryPoint\",\"urlTemplate\":\"https:\\\/\\\/shop.tritone-music.de\\\/?s={search_term_string}\"},\"query-input\":{\"@type\":\"PropertyValueSpecification\",\"valueRequired\":true,\"valueName\":\"search_term_string\"}}],\"inLanguage\":\"de\"},{\"@type\":\"Organization\",\"@id\":\"https:\\\/\\\/shop.tritone-music.de\\\/#organization\",\"name\":\"Tritone Music\",\"url\":\"https:\\\/\\\/shop.tritone-music.de\\\/\",\"logo\":{\"@type\":\"ImageObject\",\"inLanguage\":\"de\",\"@id\":\"https:\\\/\\\/shop.tritone-music.de\\\/#\\\/schema\\\/logo\\\/image\\\/\",\"url\":\"https:\\\/\\\/shop.tritone-music.de\\\/wp-content\\\/uploads\\\/2025\\\/09\\\/Tritone-Guitar-Logo-weiss.png\",\"contentUrl\":\"https:\\\/\\\/shop.tritone-music.de\\\/wp-content\\\/uploads\\\/2025\\\/09\\\/Tritone-Guitar-Logo-weiss.png\",\"width\":2308,\"height\":642,\"caption\":\"Tritone Music\"},\"image\":{\"@id\":\"https:\\\/\\\/shop.tritone-music.de\\\/#\\\/schema\\\/logo\\\/image\\\/\"}}]}<\/script>\n<!-- \/ Yoast SEO plugin. -->","yoast_head_json":{"title":"BOSS CS-3 Compression Sustainer - Tritone Music","description":"Das BOSS CS-3 Compression Sustainer bietet klassische, nat\u00fcrlich klingende Kompression mit dichtem Sustain. Vielseitig einstellbar \u00fcber Level, Tone, Attack und Sustain.","robots":{"index":"index","follow":"follow","max-snippet":"max-snippet:-1","max-image-preview":"max-image-preview:large","max-video-preview":"max-video-preview:-1"},"canonical":"https:\/\/shop.tritone-music.de\/index.php\/produkt\/boss-cs-3-compression-sustainer-2\/","og_locale":"de_DE","og_type":"article","og_title":"BOSS CS-3 Compression Sustainer - Tritone Music","og_description":"Das BOSS CS-3 Compression Sustainer bietet klassische, nat\u00fcrlich klingende Kompression mit dichtem Sustain. Vielseitig einstellbar \u00fcber Level, Tone, Attack und Sustain.","og_url":"https:\/\/shop.tritone-music.de\/index.php\/produkt\/boss-cs-3-compression-sustainer-2\/","og_site_name":"Tritone Music","article_modified_time":"2026-03-25T08:35:59+00:00","og_image":[{"width":2560,"height":1709,"url":"https:\/\/shop.tritone-music.de\/wp-content\/uploads\/2026\/03\/Boss-CS3-5.jpg","type":"image\/jpeg"}],"twitter_card":"summary_large_image","twitter_misc":{"Gesch\u00e4tzte Lesezeit":"1\u00a0Minute"},"schema":{"@context":"https:\/\/schema.org","@graph":[{"@type":"WebPage","@id":"https:\/\/shop.tritone-music.de\/index.php\/produkt\/boss-cs-3-compression-sustainer-2\/","url":"https:\/\/shop.tritone-music.de\/index.php\/produkt\/boss-cs-3-compression-sustainer-2\/","name":"BOSS CS-3 Compression Sustainer - Tritone Music","isPartOf":{"@id":"https:\/\/shop.tritone-music.de\/#website"},"primaryImageOfPage":{"@id":"https:\/\/shop.tritone-music.de\/index.php\/produkt\/boss-cs-3-compression-sustainer-2\/#primaryimage"},"image":{"@id":"https:\/\/shop.tritone-music.de\/index.php\/produkt\/boss-cs-3-compression-sustainer-2\/#primaryimage"},"thumbnailUrl":"https:\/\/shop.tritone-music.de\/wp-content\/uploads\/2026\/03\/Boss-CS3-5.jpg","datePublished":"2026-03-21T11:16:45+00:00","dateModified":"2026-03-25T08:35:59+00:00","description":"Das BOSS CS-3 Compression Sustainer bietet klassische, nat\u00fcrlich klingende Kompression mit dichtem Sustain. Vielseitig einstellbar \u00fcber Level, Tone, Attack und Sustain.","breadcrumb":{"@id":"https:\/\/shop.tritone-music.de\/index.php\/produkt\/boss-cs-3-compression-sustainer-2\/#breadcrumb"},"inLanguage":"de","potentialAction":[{"@type":"ReadAction","target":["https:\/\/shop.tritone-music.de\/index.php\/produkt\/boss-cs-3-compression-sustainer-2\/"]}]},{"@type":"ImageObject","inLanguage":"de","@id":"https:\/\/shop.tritone-music.de\/index.php\/produkt\/boss-cs-3-compression-sustainer-2\/#primaryimage","url":"https:\/\/shop.tritone-music.de\/wp-content\/uploads\/2026\/03\/Boss-CS3-5.jpg","contentUrl":"https:\/\/shop.tritone-music.de\/wp-content\/uploads\/2026\/03\/Boss-CS3-5.jpg","width":2560,"height":1709},{"@type":"BreadcrumbList","@id":"https:\/\/shop.tritone-music.de\/index.php\/produkt\/boss-cs-3-compression-sustainer-2\/#breadcrumb","itemListElement":[{"@type":"ListItem","position":1,"name":"Startseite","item":"https:\/\/shop.tritone-music.de\/"},{"@type":"ListItem","position":2,"name":"Shop","item":"https:\/\/shop.tritone-music.de\/index.php\/shop\/"},{"@type":"ListItem","position":3,"name":"BOSS CS-3 Compression Sustainer"}]},{"@type":"WebSite","@id":"https:\/\/shop.tritone-music.de\/#website","url":"https:\/\/shop.tritone-music.de\/","name":"Tritone Music","description":"guitar store","publisher":{"@id":"https:\/\/shop.tritone-music.de\/#organization"},"potentialAction":[{"@type":"SearchAction","target":{"@type":"EntryPoint","urlTemplate":"https:\/\/shop.tritone-music.de\/?s={search_term_string}"},"query-input":{"@type":"PropertyValueSpecification","valueRequired":true,"valueName":"search_term_string"}}],"inLanguage":"de"},{"@type":"Organization","@id":"https:\/\/shop.tritone-music.de\/#organization","name":"Tritone Music","url":"https:\/\/shop.tritone-music.de\/","logo":{"@type":"ImageObject","inLanguage":"de","@id":"https:\/\/shop.tritone-music.de\/#\/schema\/logo\/image\/","url":"https:\/\/shop.tritone-music.de\/wp-content\/uploads\/2025\/09\/Tritone-Guitar-Logo-weiss.png","contentUrl":"https:\/\/shop.tritone-music.de\/wp-content\/uploads\/2025\/09\/Tritone-Guitar-Logo-weiss.png","width":2308,"height":642,"caption":"Tritone Music"},"image":{"@id":"https:\/\/shop.tritone-music.de\/#\/schema\/logo\/image\/"}}]}},"jetpack_sharing_enabled":true,"_links":{"self":[{"href":"https:\/\/shop.tritone-music.de\/index.php\/wp-json\/wp\/v2\/product\/1607","targetHints":{"allow":["GET"]}}],"collection":[{"href":"https:\/\/shop.tritone-music.de\/index.php\/wp-json\/wp\/v2\/product"}],"about":[{"href":"https:\/\/shop.tritone-music.de\/index.php\/wp-json\/wp\/v2\/types\/product"}],"replies":[{"embeddable":true,"href":"https:\/\/shop.tritone-music.de\/index.php\/wp-json\/wp\/v2\/comments?post=1607"}],"wp:featuredmedia":[{"embeddable":true,"href":"https:\/\/shop.tritone-music.de\/index.php\/wp-json\/wp\/v2\/media\/1608"}],"wp:attachment":[{"href":"https:\/\/shop.tritone-music.de\/index.php\/wp-json\/wp\/v2\/media?parent=1607"}],"wp:term":[{"taxonomy":"product_brand","embeddable":true,"href":"https:\/\/shop.tritone-music.de\/index.php\/wp-json\/wp\/v2\/product_brand?post=1607"},{"taxonomy":"product_cat","embeddable":true,"href":"https:\/\/shop.tritone-music.de\/index.php\/wp-json\/wp\/v2\/product_cat?post=1607"},{"taxonomy":"product_tag","embeddable":true,"href":"https:\/\/shop.tritone-music.de\/index.php\/wp-json\/wp\/v2\/product_tag?post=1607"}],"curies":[{"name":"wp","href":"https:\/\/api.w.org\/{rel}","templated":true}]}}