{"id":1622,"date":"2026-03-23T07:58:29","date_gmt":"2026-03-23T07:58:29","guid":{"rendered":"https:\/\/shop.tritone-music.de\/?post_type=product&#038;p=1622"},"modified":"2026-03-23T08:09:15","modified_gmt":"2026-03-23T08:09:15","slug":"okko-dominator-mk-ii-black","status":"publish","type":"product","link":"https:\/\/shop.tritone-music.de\/index.php\/produkt\/okko-dominator-mk-ii-black\/","title":{"rendered":"OKKO Dominator MK II Black"},"content":{"rendered":"<p data-start=\"95\" data-end=\"159\"><strong data-start=\"95\" data-end=\"159\">OKKO Dominator MK II Black \u2013 kompromissloser High-Gain-Sound<\/strong><\/p>\n<p data-start=\"161\" data-end=\"462\">Der Dominator MK II Black, der \u201eb\u00f6se Zwilling\u201c des Dominator Red, steht f\u00fcr kompromisslosen, brachialen Distortion-Sound. Mit enormen Gain-Reserven, einem extrem straffen Low-End und druckvollem Punch ist er die ideale Wahl f\u00fcr moderne Metal-Stile \u2013 von Hardcore \u00fcber Grindcore bis hin zu Death Metal.<\/p>\n<p data-start=\"464\" data-end=\"607\">F\u00fcr maximale Flexibilit\u00e4t sorgt eine <strong data-start=\"501\" data-end=\"532\">aktive 3-Band-Klangregelung<\/strong> mit w\u00e4hlbarer Mittenfrequenz, mit der sich der Sound pr\u00e4zise formen l\u00e4sst.<\/p>\n<p data-start=\"609\" data-end=\"694\">Ein zentrales Feature der MKII-Generation ist das <strong data-start=\"659\" data-end=\"693\">zweifach schaltbare Noise Gate<\/strong>:<\/p>\n<ul data-start=\"695\" data-end=\"900\">\n<li data-section-id=\"4hfu50\" data-start=\"695\" data-end=\"798\">Im <strong data-start=\"700\" data-end=\"713\">Hard-Mode<\/strong> schlie\u00dft das Gate extrem schnell und sorgt f\u00fcr ultra-pr\u00e4zise, explosive Palm Mutes<\/li>\n<li data-section-id=\"1hdnxrs\" data-start=\"799\" data-end=\"900\">Der <strong data-start=\"805\" data-end=\"818\">Soft-Mode<\/strong> erm\u00f6glicht ein l\u00e4ngeres, nat\u00fcrlicheres Ausklingen und einen organischeren Sound<\/li>\n<\/ul>\n<p data-start=\"907\" data-end=\"921\"><strong data-start=\"907\" data-end=\"921\">Features:<\/strong><\/p>\n<ul data-start=\"922\" data-end=\"1193\">\n<li data-section-id=\"rbi763\" data-start=\"922\" data-end=\"970\">Distortion-\/Drive-Pedal f\u00fcr High-Gain-Sounds<\/li>\n<li data-section-id=\"3l4w9m\" data-start=\"971\" data-end=\"1021\">Aktiver 3-Band-EQ mit w\u00e4hlbarer Mittenfrequenz<\/li>\n<li data-section-id=\"pr9slf\" data-start=\"1022\" data-end=\"1051\">Regler f\u00fcr Gain und Level<\/li>\n<li data-section-id=\"1tn7sr9\" data-start=\"1052\" data-end=\"1099\">Zweifach schaltbares Noise Gate (Soft\/Hard)<\/li>\n<li data-section-id=\"14ozxfu\" data-start=\"1100\" data-end=\"1147\">Betrieb \u00fcber optional erh\u00e4ltliches Netzteil<\/li>\n<li data-section-id=\"pjk0r4\" data-start=\"1148\" data-end=\"1193\">Integrierter Voltage Doubler (9V auf 18V)<\/li>\n<li data-section-id=\"pjk0r4\" data-start=\"1148\" data-end=\"1193\">Handbuilt in Germany<\/li>\n<\/ul>\n","protected":false},"excerpt":{"rendered":"<p>Zustand: gebraucht \/ sehr gut &#8211; voll funktionsf\u00e4hig, Geh\u00e4use mit leichten Gebrauchsspuren<\/p>\n<p>inkl. OVP<\/p>\n","protected":false},"featured_media":1623,"comment_status":"open","ping_status":"closed","template":"","meta":{"site-sidebar-layout":"default","site-content-layout":"","ast-site-content-layout":"default","site-content-style":"default","site-sidebar-style":"default","ast-global-header-display":"","ast-banner-title-visibility":"","ast-main-header-display":"","ast-hfb-above-header-display":"","ast-hfb-below-header-display":"","ast-hfb-mobile-header-display":"","site-post-title":"","ast-breadcrumbs-content":"","ast-featured-img":"","footer-sml-layout":"","ast-disable-related-posts":"","theme-transparent-header-meta":"default","adv-header-id-meta":"","stick-header-meta":"","header-above-stick-meta":"","header-main-stick-meta":"","header-below-stick-meta":"","astra-migrate-meta-layouts":"set","ast-page-background-enabled":"default","ast-page-background-meta":{"desktop":{"background-color":"var(--ast-global-color-5)","background-image":"","background-repeat":"repeat","background-position":"center center","background-size":"auto","background-attachment":"scroll","background-type":"","background-media":"","overlay-type":"","overlay-color":"","overlay-opacity":"","overlay-gradient":""},"tablet":{"background-color":"","background-image":"","background-repeat":"repeat","background-position":"center center","background-size":"auto","background-attachment":"scroll","background-type":"","background-media":"","overlay-type":"","overlay-color":"","overlay-opacity":"","overlay-gradient":""},"mobile":{"background-color":"","background-image":"","background-repeat":"repeat","background-position":"center center","background-size":"auto","background-attachment":"scroll","background-type":"","background-media":"","overlay-type":"","overlay-color":"","overlay-opacity":"","overlay-gradient":""}},"ast-content-background-meta":{"desktop":{"background-color":"var(--ast-global-color-4)","background-image":"","background-repeat":"repeat","background-position":"center center","background-size":"auto","background-attachment":"scroll","background-type":"","background-media":"","overlay-type":"","overlay-color":"","overlay-opacity":"","overlay-gradient":""},"tablet":{"background-color":"var(--ast-global-color-4)","background-image":"","background-repeat":"repeat","background-position":"center center","background-size":"auto","background-attachment":"scroll","background-type":"","background-media":"","overlay-type":"","overlay-color":"","overlay-opacity":"","overlay-gradient":""},"mobile":{"background-color":"var(--ast-global-color-4)","background-image":"","background-repeat":"repeat","background-position":"center center","background-size":"auto","background-attachment":"scroll","background-type":"","background-media":"","overlay-type":"","overlay-color":"","overlay-opacity":"","overlay-gradient":""}}},"product_brand":[585],"product_cat":[84,89],"product_tag":[587,194,279,356,586],"class_list":{"0":"post-1622","1":"product","2":"type-product","3":"status-publish","4":"has-post-thumbnail","6":"product_brand-okko","7":"product_cat-effects","8":"product_cat-store","9":"product_tag-dominator","10":"product_tag-pedal","11":"product_tag-distortion","12":"product_tag-metal","13":"product_tag-okko","14":"product_shipping_class-effektgeraete-zubehoer-differenz","15":"desktop-align-left","16":"tablet-align-left","17":"mobile-align-left","19":"first","20":"instock","21":"sold-individually","22":"purchasable","23":"product-type-simple"},"yoast_head":"<!-- This site is optimized with the Yoast SEO plugin v27.3 - https:\/\/yoast.com\/product\/yoast-seo-wordpress\/ -->\n<title>OKKO Dominator MK II Black - Tritone Music<\/title>\n<meta name=\"description\" content=\"High-Gain Distortion f\u00fcr Metal: OKKO Dominator MK II Black mit aktivem 3-Band EQ, w\u00e4hlbaren Mitten und Noise Gate f\u00fcr pr\u00e4zise, druckvolle Sounds.\" \/>\n<meta name=\"robots\" content=\"index, follow, max-snippet:-1, max-image-preview:large, max-video-preview:-1\" \/>\n<link rel=\"canonical\" href=\"https:\/\/shop.tritone-music.de\/index.php\/produkt\/okko-dominator-mk-ii-black\/\" \/>\n<meta property=\"og:locale\" content=\"de_DE\" \/>\n<meta property=\"og:type\" content=\"article\" \/>\n<meta property=\"og:title\" content=\"OKKO Dominator MK II Black - Tritone Music\" \/>\n<meta property=\"og:description\" content=\"High-Gain Distortion f\u00fcr Metal: OKKO Dominator MK II Black mit aktivem 3-Band EQ, w\u00e4hlbaren Mitten und Noise Gate f\u00fcr pr\u00e4zise, druckvolle Sounds.\" \/>\n<meta property=\"og:url\" content=\"https:\/\/shop.tritone-music.de\/index.php\/produkt\/okko-dominator-mk-ii-black\/\" \/>\n<meta property=\"og:site_name\" content=\"Tritone Music\" \/>\n<meta property=\"article:modified_time\" content=\"2026-03-23T08:09:15+00:00\" \/>\n<meta property=\"og:image\" content=\"https:\/\/shop.tritone-music.de\/wp-content\/uploads\/2026\/03\/OKKO-Dominator-1.jpg\" \/>\n\t<meta property=\"og:image:width\" content=\"2560\" \/>\n\t<meta property=\"og:image:height\" content=\"1709\" \/>\n\t<meta property=\"og:image:type\" content=\"image\/jpeg\" \/>\n<meta name=\"twitter:card\" content=\"summary_large_image\" \/>\n<meta name=\"twitter:label1\" content=\"Gesch\u00e4tzte Lesezeit\" \/>\n\t<meta name=\"twitter:data1\" content=\"1\u00a0Minute\" \/>\n<script type=\"application\/ld+json\" class=\"yoast-schema-graph\">{\"@context\":\"https:\\\/\\\/schema.org\",\"@graph\":[{\"@type\":\"WebPage\",\"@id\":\"https:\\\/\\\/shop.tritone-music.de\\\/index.php\\\/produkt\\\/okko-dominator-mk-ii-black\\\/\",\"url\":\"https:\\\/\\\/shop.tritone-music.de\\\/index.php\\\/produkt\\\/okko-dominator-mk-ii-black\\\/\",\"name\":\"OKKO Dominator MK II Black - Tritone Music\",\"isPartOf\":{\"@id\":\"https:\\\/\\\/shop.tritone-music.de\\\/#website\"},\"primaryImageOfPage\":{\"@id\":\"https:\\\/\\\/shop.tritone-music.de\\\/index.php\\\/produkt\\\/okko-dominator-mk-ii-black\\\/#primaryimage\"},\"image\":{\"@id\":\"https:\\\/\\\/shop.tritone-music.de\\\/index.php\\\/produkt\\\/okko-dominator-mk-ii-black\\\/#primaryimage\"},\"thumbnailUrl\":\"https:\\\/\\\/shop.tritone-music.de\\\/wp-content\\\/uploads\\\/2026\\\/03\\\/OKKO-Dominator-1.jpg\",\"datePublished\":\"2026-03-23T07:58:29+00:00\",\"dateModified\":\"2026-03-23T08:09:15+00:00\",\"description\":\"High-Gain Distortion f\u00fcr Metal: OKKO Dominator MK II Black mit aktivem 3-Band EQ, w\u00e4hlbaren Mitten und Noise Gate f\u00fcr pr\u00e4zise, druckvolle Sounds.\",\"breadcrumb\":{\"@id\":\"https:\\\/\\\/shop.tritone-music.de\\\/index.php\\\/produkt\\\/okko-dominator-mk-ii-black\\\/#breadcrumb\"},\"inLanguage\":\"de\",\"potentialAction\":[{\"@type\":\"ReadAction\",\"target\":[\"https:\\\/\\\/shop.tritone-music.de\\\/index.php\\\/produkt\\\/okko-dominator-mk-ii-black\\\/\"]}]},{\"@type\":\"ImageObject\",\"inLanguage\":\"de\",\"@id\":\"https:\\\/\\\/shop.tritone-music.de\\\/index.php\\\/produkt\\\/okko-dominator-mk-ii-black\\\/#primaryimage\",\"url\":\"https:\\\/\\\/shop.tritone-music.de\\\/wp-content\\\/uploads\\\/2026\\\/03\\\/OKKO-Dominator-1.jpg\",\"contentUrl\":\"https:\\\/\\\/shop.tritone-music.de\\\/wp-content\\\/uploads\\\/2026\\\/03\\\/OKKO-Dominator-1.jpg\",\"width\":2560,\"height\":1709},{\"@type\":\"BreadcrumbList\",\"@id\":\"https:\\\/\\\/shop.tritone-music.de\\\/index.php\\\/produkt\\\/okko-dominator-mk-ii-black\\\/#breadcrumb\",\"itemListElement\":[{\"@type\":\"ListItem\",\"position\":1,\"name\":\"Startseite\",\"item\":\"https:\\\/\\\/shop.tritone-music.de\\\/\"},{\"@type\":\"ListItem\",\"position\":2,\"name\":\"Shop\",\"item\":\"https:\\\/\\\/shop.tritone-music.de\\\/index.php\\\/shop\\\/\"},{\"@type\":\"ListItem\",\"position\":3,\"name\":\"OKKO Dominator MK II Black\"}]},{\"@type\":\"WebSite\",\"@id\":\"https:\\\/\\\/shop.tritone-music.de\\\/#website\",\"url\":\"https:\\\/\\\/shop.tritone-music.de\\\/\",\"name\":\"Tritone Music\",\"description\":\"guitar store\",\"publisher\":{\"@id\":\"https:\\\/\\\/shop.tritone-music.de\\\/#organization\"},\"potentialAction\":[{\"@type\":\"SearchAction\",\"target\":{\"@type\":\"EntryPoint\",\"urlTemplate\":\"https:\\\/\\\/shop.tritone-music.de\\\/?s={search_term_string}\"},\"query-input\":{\"@type\":\"PropertyValueSpecification\",\"valueRequired\":true,\"valueName\":\"search_term_string\"}}],\"inLanguage\":\"de\"},{\"@type\":\"Organization\",\"@id\":\"https:\\\/\\\/shop.tritone-music.de\\\/#organization\",\"name\":\"Tritone Music\",\"url\":\"https:\\\/\\\/shop.tritone-music.de\\\/\",\"logo\":{\"@type\":\"ImageObject\",\"inLanguage\":\"de\",\"@id\":\"https:\\\/\\\/shop.tritone-music.de\\\/#\\\/schema\\\/logo\\\/image\\\/\",\"url\":\"https:\\\/\\\/shop.tritone-music.de\\\/wp-content\\\/uploads\\\/2025\\\/09\\\/Tritone-Guitar-Logo-weiss.png\",\"contentUrl\":\"https:\\\/\\\/shop.tritone-music.de\\\/wp-content\\\/uploads\\\/2025\\\/09\\\/Tritone-Guitar-Logo-weiss.png\",\"width\":2308,\"height\":642,\"caption\":\"Tritone Music\"},\"image\":{\"@id\":\"https:\\\/\\\/shop.tritone-music.de\\\/#\\\/schema\\\/logo\\\/image\\\/\"}}]}<\/script>\n<!-- \/ Yoast SEO plugin. -->","yoast_head_json":{"title":"OKKO Dominator MK II Black - Tritone Music","description":"High-Gain Distortion f\u00fcr Metal: OKKO Dominator MK II Black mit aktivem 3-Band EQ, w\u00e4hlbaren Mitten und Noise Gate f\u00fcr pr\u00e4zise, druckvolle Sounds.","robots":{"index":"index","follow":"follow","max-snippet":"max-snippet:-1","max-image-preview":"max-image-preview:large","max-video-preview":"max-video-preview:-1"},"canonical":"https:\/\/shop.tritone-music.de\/index.php\/produkt\/okko-dominator-mk-ii-black\/","og_locale":"de_DE","og_type":"article","og_title":"OKKO Dominator MK II Black - Tritone Music","og_description":"High-Gain Distortion f\u00fcr Metal: OKKO Dominator MK II Black mit aktivem 3-Band EQ, w\u00e4hlbaren Mitten und Noise Gate f\u00fcr pr\u00e4zise, druckvolle Sounds.","og_url":"https:\/\/shop.tritone-music.de\/index.php\/produkt\/okko-dominator-mk-ii-black\/","og_site_name":"Tritone Music","article_modified_time":"2026-03-23T08:09:15+00:00","og_image":[{"width":2560,"height":1709,"url":"https:\/\/shop.tritone-music.de\/wp-content\/uploads\/2026\/03\/OKKO-Dominator-1.jpg","type":"image\/jpeg"}],"twitter_card":"summary_large_image","twitter_misc":{"Gesch\u00e4tzte Lesezeit":"1\u00a0Minute"},"schema":{"@context":"https:\/\/schema.org","@graph":[{"@type":"WebPage","@id":"https:\/\/shop.tritone-music.de\/index.php\/produkt\/okko-dominator-mk-ii-black\/","url":"https:\/\/shop.tritone-music.de\/index.php\/produkt\/okko-dominator-mk-ii-black\/","name":"OKKO Dominator MK II Black - Tritone Music","isPartOf":{"@id":"https:\/\/shop.tritone-music.de\/#website"},"primaryImageOfPage":{"@id":"https:\/\/shop.tritone-music.de\/index.php\/produkt\/okko-dominator-mk-ii-black\/#primaryimage"},"image":{"@id":"https:\/\/shop.tritone-music.de\/index.php\/produkt\/okko-dominator-mk-ii-black\/#primaryimage"},"thumbnailUrl":"https:\/\/shop.tritone-music.de\/wp-content\/uploads\/2026\/03\/OKKO-Dominator-1.jpg","datePublished":"2026-03-23T07:58:29+00:00","dateModified":"2026-03-23T08:09:15+00:00","description":"High-Gain Distortion f\u00fcr Metal: OKKO Dominator MK II Black mit aktivem 3-Band EQ, w\u00e4hlbaren Mitten und Noise Gate f\u00fcr pr\u00e4zise, druckvolle Sounds.","breadcrumb":{"@id":"https:\/\/shop.tritone-music.de\/index.php\/produkt\/okko-dominator-mk-ii-black\/#breadcrumb"},"inLanguage":"de","potentialAction":[{"@type":"ReadAction","target":["https:\/\/shop.tritone-music.de\/index.php\/produkt\/okko-dominator-mk-ii-black\/"]}]},{"@type":"ImageObject","inLanguage":"de","@id":"https:\/\/shop.tritone-music.de\/index.php\/produkt\/okko-dominator-mk-ii-black\/#primaryimage","url":"https:\/\/shop.tritone-music.de\/wp-content\/uploads\/2026\/03\/OKKO-Dominator-1.jpg","contentUrl":"https:\/\/shop.tritone-music.de\/wp-content\/uploads\/2026\/03\/OKKO-Dominator-1.jpg","width":2560,"height":1709},{"@type":"BreadcrumbList","@id":"https:\/\/shop.tritone-music.de\/index.php\/produkt\/okko-dominator-mk-ii-black\/#breadcrumb","itemListElement":[{"@type":"ListItem","position":1,"name":"Startseite","item":"https:\/\/shop.tritone-music.de\/"},{"@type":"ListItem","position":2,"name":"Shop","item":"https:\/\/shop.tritone-music.de\/index.php\/shop\/"},{"@type":"ListItem","position":3,"name":"OKKO Dominator MK II Black"}]},{"@type":"WebSite","@id":"https:\/\/shop.tritone-music.de\/#website","url":"https:\/\/shop.tritone-music.de\/","name":"Tritone Music","description":"guitar store","publisher":{"@id":"https:\/\/shop.tritone-music.de\/#organization"},"potentialAction":[{"@type":"SearchAction","target":{"@type":"EntryPoint","urlTemplate":"https:\/\/shop.tritone-music.de\/?s={search_term_string}"},"query-input":{"@type":"PropertyValueSpecification","valueRequired":true,"valueName":"search_term_string"}}],"inLanguage":"de"},{"@type":"Organization","@id":"https:\/\/shop.tritone-music.de\/#organization","name":"Tritone Music","url":"https:\/\/shop.tritone-music.de\/","logo":{"@type":"ImageObject","inLanguage":"de","@id":"https:\/\/shop.tritone-music.de\/#\/schema\/logo\/image\/","url":"https:\/\/shop.tritone-music.de\/wp-content\/uploads\/2025\/09\/Tritone-Guitar-Logo-weiss.png","contentUrl":"https:\/\/shop.tritone-music.de\/wp-content\/uploads\/2025\/09\/Tritone-Guitar-Logo-weiss.png","width":2308,"height":642,"caption":"Tritone Music"},"image":{"@id":"https:\/\/shop.tritone-music.de\/#\/schema\/logo\/image\/"}}]}},"jetpack_sharing_enabled":true,"_links":{"self":[{"href":"https:\/\/shop.tritone-music.de\/index.php\/wp-json\/wp\/v2\/product\/1622","targetHints":{"allow":["GET"]}}],"collection":[{"href":"https:\/\/shop.tritone-music.de\/index.php\/wp-json\/wp\/v2\/product"}],"about":[{"href":"https:\/\/shop.tritone-music.de\/index.php\/wp-json\/wp\/v2\/types\/product"}],"replies":[{"embeddable":true,"href":"https:\/\/shop.tritone-music.de\/index.php\/wp-json\/wp\/v2\/comments?post=1622"}],"wp:featuredmedia":[{"embeddable":true,"href":"https:\/\/shop.tritone-music.de\/index.php\/wp-json\/wp\/v2\/media\/1623"}],"wp:attachment":[{"href":"https:\/\/shop.tritone-music.de\/index.php\/wp-json\/wp\/v2\/media?parent=1622"}],"wp:term":[{"taxonomy":"product_brand","embeddable":true,"href":"https:\/\/shop.tritone-music.de\/index.php\/wp-json\/wp\/v2\/product_brand?post=1622"},{"taxonomy":"product_cat","embeddable":true,"href":"https:\/\/shop.tritone-music.de\/index.php\/wp-json\/wp\/v2\/product_cat?post=1622"},{"taxonomy":"product_tag","embeddable":true,"href":"https:\/\/shop.tritone-music.de\/index.php\/wp-json\/wp\/v2\/product_tag?post=1622"}],"curies":[{"name":"wp","href":"https:\/\/api.w.org\/{rel}","templated":true}]}}