{"id":258,"date":"2025-09-08T10:52:36","date_gmt":"2025-09-08T10:52:36","guid":{"rendered":"https:\/\/shop.tritone-music.de\/?post_type=product&#038;p=258"},"modified":"2026-02-11T08:14:50","modified_gmt":"2026-02-11T08:14:50","slug":"ibanez-az2402-tff-prestige","status":"publish","type":"product","link":"https:\/\/shop.tritone-music.de\/index.php\/produkt\/ibanez-az2402-tff-prestige\/","title":{"rendered":"Ibanez AZ2402-TFF Prestige"},"content":{"rendered":"<p>Die hier angebotene Ibanez AZ2402-TFF aus der renommierten Prestige-Serie befindet sich in absolut neuwertigem Zustand und weist kaum sichtbare Spielspuren auf.<br \/>\nGeliefert wird die Gitarre im originalen Prestige Case, inklusive dem vollst\u00e4ndigen Zubeh\u00f6r bzw. Case Candy der Erstauslieferung \u2013 alles in hervorragendem Zustand.<br \/>\nEin Top-Instrument f\u00fcr anspruchsvolle Gitarristen, das in puncto Verarbeitung, Bespielbarkeit und Klang keine W\u00fcnsche offenl\u00e4sst.<\/p>\n<table cellspacing=\"0\" cellpadding=\"0\">\n<tbody>\n<tr>\n<td colspan=\"2\" valign=\"top\"><span style=\"color: #515151; font-family: Helvetica Neue; font-size: small;\"><b>General<\/b><\/span><\/td>\n<td colspan=\"2\" valign=\"top\"><span style=\"color: #515151; font-family: Helvetica Neue; font-size: small;\"><b>Body<\/b><\/span><\/td>\n<\/tr>\n<tr>\n<td valign=\"top\"><span style=\"color: #000000; font-family: Helvetica Neue; font-size: small;\"><b>Condition <\/b><\/span><\/td>\n<td valign=\"top\"><span style=\"color: #000000; font-family: Helvetica Neue; font-size: small;\">Used \/ Mint<\/span><\/td>\n<td valign=\"top\"><span style=\"color: #000000; font-family: Helvetica Neue; font-size: small;\"><b>Material<\/b><\/span><\/td>\n<td valign=\"top\"><span style=\"color: #000000; font-family: Helvetica Neue; font-size: small;\">Alder body<\/span><\/td>\n<\/tr>\n<tr>\n<td valign=\"top\"><span style=\"color: #000000; font-family: Helvetica Neue; font-size: small;\"><b>Direction<\/b><\/span><\/td>\n<td valign=\"top\"><span style=\"color: #000000; font-family: Helvetica Neue; font-size: small;\">Right-handed<\/span><\/td>\n<td valign=\"top\"><span style=\"color: #000000; font-family: Helvetica Neue; font-size: small;\"><b>Shape<\/b><\/span><\/td>\n<td valign=\"top\"><span style=\"color: #000000; font-family: Helvetica Neue; font-size: small;\">AZ<\/span><\/td>\n<\/tr>\n<tr>\n<td valign=\"top\"><span style=\"color: #000000; font-family: Helvetica Neue; font-size: small;\"><b>Number of Strings<\/b><\/span><\/td>\n<td valign=\"top\"><span style=\"color: #000000; font-family: Helvetica Neue; font-size: small;\">6<\/span><\/td>\n<td valign=\"top\"><span style=\"color: #000000; font-family: Helvetica Neue; font-size: small;\"><b>Colour<\/b><\/span><\/td>\n<td valign=\"top\"><span style=\"color: #000000; font-family: Helvetica Neue; font-size: small;\">Tri-fade Burst Flat<\/span><\/td>\n<\/tr>\n<tr>\n<td valign=\"top\"><span style=\"color: #000000; font-family: Helvetica Neue; font-size: small;\"><b>Weight<\/b><\/span><\/td>\n<td valign=\"top\"><span style=\"color: #000000; font-family: Helvetica Neue; font-size: small;\">&#8211;<\/span><\/td>\n<td valign=\"top\"><span style=\"color: #000000; font-family: Helvetica Neue; font-size: small;\"><b>Finish<\/b><\/span><\/td>\n<td valign=\"top\"><span style=\"color: #000000; font-family: Helvetica Neue; font-size: small;\">mat<\/span><\/td>\n<\/tr>\n<tr>\n<td valign=\"top\"><span style=\"color: #000000; font-family: Helvetica Neue; font-size: small;\"><b>Country of Manufacture<\/b><\/span><\/td>\n<td valign=\"top\"><span style=\"color: #000000; font-family: Helvetica Neue; font-size: small;\">Japan<\/span><\/td>\n<td valign=\"top\"><span style=\"color: #000000; font-family: Helvetica Neue; font-size: small;\"><b>Pickguard<\/b><\/span><\/td>\n<td valign=\"top\"><span style=\"color: #000000; font-family: Helvetica Neue; font-size: small;\">no<\/span><\/td>\n<\/tr>\n<tr>\n<td valign=\"top\"><span style=\"color: #000000; font-family: Helvetica Neue; font-size: small;\"><b>Year of Manufacture<\/b><\/span><\/td>\n<td valign=\"top\"><span style=\"color: #000000; font-family: Helvetica Neue; font-size: small;\">2024<\/span><\/td>\n<td colspan=\"2\" valign=\"top\"><span style=\"color: #515151; font-family: Helvetica Neue; font-size: small;\"><b>Neck<\/b><\/span><\/td>\n<\/tr>\n<tr>\n<td valign=\"top\"><span style=\"color: #000000; font-family: Helvetica Neue; font-size: small;\"><b>Serial Number<\/b><\/span><\/td>\n<td valign=\"top\"><span style=\"color: #000000; font-family: Helvetica Neue; font-size: small;\">F2424136<\/span><\/td>\n<td valign=\"top\"><span style=\"color: #000000; font-family: Helvetica Neue; font-size: small;\"><b>Neck Joint<\/b><\/span><\/td>\n<td valign=\"top\"><span style=\"color: #000000; font-family: Helvetica Neue; font-size: small;\">Bolt-On with Super All Access Neck Joint<\/span><\/td>\n<\/tr>\n<tr>\n<td valign=\"top\"><span style=\"color: #000000; font-family: Helvetica Neue; font-size: small;\"><b>Case \/ Gigbag<\/b><\/span><\/td>\n<td valign=\"top\"><span style=\"color: #000000; font-family: Helvetica Neue; font-size: small;\">Original Hardshell Case included<\/span><\/td>\n<td valign=\"top\"><span style=\"color: #000000; font-family: Helvetica Neue; font-size: small;\"><b>Material<\/b><\/span><\/td>\n<td valign=\"top\"><span style=\"color: #000000; font-family: Helvetica Neue; font-size: small;\">S-TECH WOOD Roasted Maple<\/span><\/td>\n<\/tr>\n<tr>\n<td valign=\"top\"><span style=\"color: #000000; font-family: Helvetica Neue; font-size: small;\"><b>Accessories<\/b><\/span><\/td>\n<td valign=\"top\"><span style=\"color: #000000; font-family: Helvetica Neue; font-size: small;\">Tags, Tools, Certificate<\/span><\/td>\n<td valign=\"top\"><span style=\"color: #000000; font-family: Helvetica Neue; font-size: small;\"><b>Profile<\/b><\/span><\/td>\n<td valign=\"top\"><span style=\"color: #000000; font-family: Helvetica Neue; font-size: small;\">AZ Oval C<\/span><\/td>\n<\/tr>\n<tr>\n<td colspan=\"2\" valign=\"top\"><span style=\"color: #515151; font-family: Helvetica Neue; font-size: small;\"><b>Electronics<\/b><\/span><\/td>\n<td valign=\"top\"><span style=\"color: #000000; font-family: Helvetica Neue; font-size: small;\"><b>Fingerboard Material<\/b><\/span><\/td>\n<td valign=\"top\"><span style=\"color: #000000; font-family: Helvetica Neue; font-size: small;\">S-TECH WOOD Roasted Maple<\/span><\/td>\n<\/tr>\n<tr>\n<td valign=\"top\"><span style=\"color: #000000; font-family: Helvetica Neue; font-size: small;\"><b>Pickup-Configuration<\/b><\/span><\/td>\n<td valign=\"top\"><span style=\"color: #000000; font-family: Helvetica Neue; font-size: small;\">H-H<\/span><\/td>\n<td valign=\"top\"><span style=\"color: #000000; font-family: Helvetica Neue; font-size: small;\"><b>Fingerboard Radius<\/b><\/span><\/td>\n<td valign=\"top\"><span style=\"color: #000000; font-family: Helvetica Neue; font-size: small;\">305mm<\/span><\/td>\n<\/tr>\n<tr>\n<td valign=\"top\"><span style=\"color: #000000; font-family: Helvetica Neue; font-size: small;\"><b>Neck-Pickup<\/b><\/span><\/td>\n<td valign=\"top\"><span style=\"color: #000000; font-family: Helvetica Neue; font-size: small;\">Seymour Duncan\u00ae Hyperion\u2122 (H) neck pickup (Passive \/ Alnico)<\/span><\/td>\n<td valign=\"top\"><span style=\"color: #000000; font-family: Helvetica Neue; font-size: small;\"><b>Number of Frets \/ Type<\/b><\/span><\/td>\n<td valign=\"top\"><span style=\"color: #000000; font-family: Helvetica Neue; font-size: small;\">24 \/ Jumbo Stainless Steel fretsPrestige fret edge treatment<\/span><\/td>\n<\/tr>\n<tr>\n<td valign=\"top\"><span style=\"color: #000000; font-family: Helvetica Neue; font-size: small;\"><b>Bridge-Pickup<\/b><\/span><\/td>\n<td valign=\"top\"><span style=\"color: #000000; font-family: Helvetica Neue; font-size: small;\">Seymour Duncan\u00ae Hyperion\u2122 (H) bridge pickup (Passive \/ Alnico)<\/span><\/td>\n<td valign=\"top\"><span style=\"color: #000000; font-family: Helvetica Neue; font-size: small;\"><b>Scale length<\/b><\/span><\/td>\n<td valign=\"top\"><span style=\"color: #000000; font-family: Helvetica Neue; font-size: small;\">25,5\u201c \/ 648mm<\/span><\/td>\n<\/tr>\n<tr>\n<td valign=\"top\"><span style=\"color: #000000; font-family: Helvetica Neue; font-size: small;\"><b>Controls<\/b><\/span><\/td>\n<td valign=\"top\"><span style=\"color: #000000; font-family: Helvetica Neue; font-size: small;\">dyna-MIX10 switching system with Alter Switch:<\/span><\/p>\n<p><span style=\"color: #000000; font-family: Helvetica Neue; font-size: small;\">1 Volume \/ 1 Tone \/ 5-way P.U. Selector \/ Alter switch<\/span><\/td>\n<td valign=\"top\"><span style=\"color: #000000; font-family: Helvetica Neue; font-size: small;\"><b>Nut Material \/ Type<\/b><\/span><\/td>\n<td valign=\"top\"><span style=\"color: #000000; font-family: Helvetica Neue; font-size: small;\">Oil-impregnated Bone Nut<\/span><\/td>\n<\/tr>\n<tr>\n<td colspan=\"2\" valign=\"top\"><span style=\"color: #515151; font-family: Helvetica Neue; font-size: small;\"><b>Hardware<\/b><\/span><\/td>\n<td valign=\"top\"><span style=\"color: #000000; font-family: Helvetica Neue; font-size: small;\"><b>Nut Width<\/b><\/span><\/td>\n<td valign=\"top\"><span style=\"color: #000000; font-family: Helvetica Neue; font-size: small;\">42mm<\/span><\/td>\n<\/tr>\n<tr>\n<td valign=\"top\"><span style=\"color: #000000; font-family: Helvetica Neue; font-size: small;\"><b>Tuners<\/b><\/span><\/td>\n<td valign=\"top\"><span style=\"color: #000000; font-family: Helvetica Neue; font-size: small;\">Gotoh\u00ae Magnum Lock machine heads w\/H.A.P.<\/span><\/td>\n<td valign=\"top\"><span style=\"color: #000000; font-family: Helvetica Neue; font-size: small;\"><b>Inlays<\/b><\/span><\/td>\n<td valign=\"top\"><span style=\"color: #000000; font-family: Helvetica Neue; font-size: small;\">black dots \/ Luminlay side dots<\/span><\/td>\n<\/tr>\n<tr>\n<td valign=\"top\"><span style=\"color: #000000; font-family: Helvetica Neue; font-size: small;\"><b>Bridge<\/b><\/span><\/td>\n<td valign=\"top\"><span style=\"color: #000000; font-family: Helvetica Neue; font-size: small;\">Gotoh\u00ae T1802 bridge<\/span><\/td>\n<td colspan=\"2\" valign=\"top\"><\/td>\n<\/tr>\n<\/tbody>\n<\/table>\n","protected":false},"excerpt":{"rendered":"<p>Ibanez AZ2402-TFF Prestige<\/p>\n<p>Zustand: gebraucht \u2013 neuwertig \u00a0\/ mint<\/p>\n","protected":false},"featured_media":546,"comment_status":"open","ping_status":"closed","template":"","meta":{"site-sidebar-layout":"default","site-content-layout":"","ast-site-content-layout":"default","site-content-style":"default","site-sidebar-style":"default","ast-global-header-display":"","ast-banner-title-visibility":"","ast-main-header-display":"","ast-hfb-above-header-display":"","ast-hfb-below-header-display":"","ast-hfb-mobile-header-display":"","site-post-title":"","ast-breadcrumbs-content":"","ast-featured-img":"","footer-sml-layout":"","ast-disable-related-posts":"","theme-transparent-header-meta":"default","adv-header-id-meta":"","stick-header-meta":"","header-above-stick-meta":"","header-main-stick-meta":"","header-below-stick-meta":"","astra-migrate-meta-layouts":"set","ast-page-background-enabled":"default","ast-page-background-meta":{"desktop":{"background-color":"var(--ast-global-color-5)","background-image":"","background-repeat":"repeat","background-position":"center center","background-size":"auto","background-attachment":"scroll","background-type":"","background-media":"","overlay-type":"","overlay-color":"","overlay-opacity":"","overlay-gradient":""},"tablet":{"background-color":"","background-image":"","background-repeat":"repeat","background-position":"center center","background-size":"auto","background-attachment":"scroll","background-type":"","background-media":"","overlay-type":"","overlay-color":"","overlay-opacity":"","overlay-gradient":""},"mobile":{"background-color":"","background-image":"","background-repeat":"repeat","background-position":"center center","background-size":"auto","background-attachment":"scroll","background-type":"","background-media":"","overlay-type":"","overlay-color":"","overlay-opacity":"","overlay-gradient":""}},"ast-content-background-meta":{"desktop":{"background-color":"var(--ast-global-color-4)","background-image":"","background-repeat":"repeat","background-position":"center center","background-size":"auto","background-attachment":"scroll","background-type":"","background-media":"","overlay-type":"","overlay-color":"","overlay-opacity":"","overlay-gradient":""},"tablet":{"background-color":"var(--ast-global-color-4)","background-image":"","background-repeat":"repeat","background-position":"center center","background-size":"auto","background-attachment":"scroll","background-type":"","background-media":"","overlay-type":"","overlay-color":"","overlay-opacity":"","overlay-gradient":""},"mobile":{"background-color":"var(--ast-global-color-4)","background-image":"","background-repeat":"repeat","background-position":"center center","background-size":"auto","background-attachment":"scroll","background-type":"","background-media":"","overlay-type":"","overlay-color":"","overlay-opacity":"","overlay-gradient":""}}},"product_brand":[124],"product_cat":[485],"product_tag":[126,127,128,125],"class_list":{"0":"post-258","1":"product","2":"type-product","3":"status-publish","4":"has-post-thumbnail","6":"product_brand-ibanez","7":"product_cat-sold","8":"product_tag-az2402","9":"product_tag-prestige","10":"product_tag-japan","11":"product_tag-ibanez","12":"product_shipping_class-gitarre-standard-differenz","13":"desktop-align-left","14":"tablet-align-left","15":"mobile-align-left","17":"first","18":"outofstock","19":"sold-individually","20":"purchasable","21":"product-type-simple"},"yoast_head":"<!-- This site is optimized with the Yoast SEO plugin v27.3 - https:\/\/yoast.com\/product\/yoast-seo-wordpress\/ -->\n<title>Ibanez AZ2402-TFF Prestige - Tritone Music<\/title>\n<meta name=\"description\" content=\"Die hier angebotene Ibanez AZ2402-TFF Prestige ist absolut neuwertig und weist nahezu keine Spielspuren auf. Inkl. Prestige Case und Case Candy\" \/>\n<meta name=\"robots\" content=\"index, follow, max-snippet:-1, max-image-preview:large, max-video-preview:-1\" \/>\n<link rel=\"canonical\" href=\"https:\/\/shop.tritone-music.de\/index.php\/produkt\/ibanez-az2402-tff-prestige\/\" \/>\n<meta property=\"og:locale\" content=\"de_DE\" \/>\n<meta property=\"og:type\" content=\"article\" \/>\n<meta property=\"og:title\" content=\"Ibanez AZ2402-TFF Prestige - Tritone Music\" \/>\n<meta property=\"og:description\" content=\"Die hier angebotene Ibanez AZ2402-TFF Prestige ist absolut neuwertig und weist nahezu keine Spielspuren auf. Inkl. Prestige Case und Case Candy\" \/>\n<meta property=\"og:url\" content=\"https:\/\/shop.tritone-music.de\/index.php\/produkt\/ibanez-az2402-tff-prestige\/\" \/>\n<meta property=\"og:site_name\" content=\"Tritone Music\" \/>\n<meta property=\"article:modified_time\" content=\"2026-02-11T08:14:50+00:00\" \/>\n<meta property=\"og:image\" content=\"https:\/\/shop.tritone-music.de\/wp-content\/uploads\/2025\/09\/Ibanez-AZ2402-1.jpg\" \/>\n\t<meta property=\"og:image:width\" content=\"2560\" \/>\n\t<meta property=\"og:image:height\" content=\"1709\" \/>\n\t<meta property=\"og:image:type\" content=\"image\/jpeg\" \/>\n<meta name=\"twitter:card\" content=\"summary_large_image\" \/>\n<meta name=\"twitter:label1\" content=\"Gesch\u00e4tzte Lesezeit\" \/>\n\t<meta name=\"twitter:data1\" content=\"2\u00a0Minuten\" \/>\n<script type=\"application\/ld+json\" class=\"yoast-schema-graph\">{\"@context\":\"https:\\\/\\\/schema.org\",\"@graph\":[{\"@type\":\"WebPage\",\"@id\":\"https:\\\/\\\/shop.tritone-music.de\\\/index.php\\\/produkt\\\/ibanez-az2402-tff-prestige\\\/\",\"url\":\"https:\\\/\\\/shop.tritone-music.de\\\/index.php\\\/produkt\\\/ibanez-az2402-tff-prestige\\\/\",\"name\":\"Ibanez AZ2402-TFF Prestige - Tritone Music\",\"isPartOf\":{\"@id\":\"https:\\\/\\\/shop.tritone-music.de\\\/#website\"},\"primaryImageOfPage\":{\"@id\":\"https:\\\/\\\/shop.tritone-music.de\\\/index.php\\\/produkt\\\/ibanez-az2402-tff-prestige\\\/#primaryimage\"},\"image\":{\"@id\":\"https:\\\/\\\/shop.tritone-music.de\\\/index.php\\\/produkt\\\/ibanez-az2402-tff-prestige\\\/#primaryimage\"},\"thumbnailUrl\":\"https:\\\/\\\/shop.tritone-music.de\\\/wp-content\\\/uploads\\\/2025\\\/09\\\/Ibanez-AZ2402-1.jpg\",\"datePublished\":\"2025-09-08T10:52:36+00:00\",\"dateModified\":\"2026-02-11T08:14:50+00:00\",\"description\":\"Die hier angebotene Ibanez AZ2402-TFF Prestige ist absolut neuwertig und weist nahezu keine Spielspuren auf. Inkl. Prestige Case und Case Candy\",\"breadcrumb\":{\"@id\":\"https:\\\/\\\/shop.tritone-music.de\\\/index.php\\\/produkt\\\/ibanez-az2402-tff-prestige\\\/#breadcrumb\"},\"inLanguage\":\"de\",\"potentialAction\":[{\"@type\":\"ReadAction\",\"target\":[\"https:\\\/\\\/shop.tritone-music.de\\\/index.php\\\/produkt\\\/ibanez-az2402-tff-prestige\\\/\"]}]},{\"@type\":\"ImageObject\",\"inLanguage\":\"de\",\"@id\":\"https:\\\/\\\/shop.tritone-music.de\\\/index.php\\\/produkt\\\/ibanez-az2402-tff-prestige\\\/#primaryimage\",\"url\":\"https:\\\/\\\/shop.tritone-music.de\\\/wp-content\\\/uploads\\\/2025\\\/09\\\/Ibanez-AZ2402-1.jpg\",\"contentUrl\":\"https:\\\/\\\/shop.tritone-music.de\\\/wp-content\\\/uploads\\\/2025\\\/09\\\/Ibanez-AZ2402-1.jpg\",\"width\":2560,\"height\":1709},{\"@type\":\"BreadcrumbList\",\"@id\":\"https:\\\/\\\/shop.tritone-music.de\\\/index.php\\\/produkt\\\/ibanez-az2402-tff-prestige\\\/#breadcrumb\",\"itemListElement\":[{\"@type\":\"ListItem\",\"position\":1,\"name\":\"Startseite\",\"item\":\"https:\\\/\\\/shop.tritone-music.de\\\/\"},{\"@type\":\"ListItem\",\"position\":2,\"name\":\"Shop\",\"item\":\"https:\\\/\\\/shop.tritone-music.de\\\/index.php\\\/shop\\\/\"},{\"@type\":\"ListItem\",\"position\":3,\"name\":\"Ibanez AZ2402-TFF Prestige\"}]},{\"@type\":\"WebSite\",\"@id\":\"https:\\\/\\\/shop.tritone-music.de\\\/#website\",\"url\":\"https:\\\/\\\/shop.tritone-music.de\\\/\",\"name\":\"Tritone Music\",\"description\":\"guitar store\",\"publisher\":{\"@id\":\"https:\\\/\\\/shop.tritone-music.de\\\/#organization\"},\"potentialAction\":[{\"@type\":\"SearchAction\",\"target\":{\"@type\":\"EntryPoint\",\"urlTemplate\":\"https:\\\/\\\/shop.tritone-music.de\\\/?s={search_term_string}\"},\"query-input\":{\"@type\":\"PropertyValueSpecification\",\"valueRequired\":true,\"valueName\":\"search_term_string\"}}],\"inLanguage\":\"de\"},{\"@type\":\"Organization\",\"@id\":\"https:\\\/\\\/shop.tritone-music.de\\\/#organization\",\"name\":\"Tritone Music\",\"url\":\"https:\\\/\\\/shop.tritone-music.de\\\/\",\"logo\":{\"@type\":\"ImageObject\",\"inLanguage\":\"de\",\"@id\":\"https:\\\/\\\/shop.tritone-music.de\\\/#\\\/schema\\\/logo\\\/image\\\/\",\"url\":\"https:\\\/\\\/shop.tritone-music.de\\\/wp-content\\\/uploads\\\/2025\\\/09\\\/Tritone-Guitar-Logo-weiss.png\",\"contentUrl\":\"https:\\\/\\\/shop.tritone-music.de\\\/wp-content\\\/uploads\\\/2025\\\/09\\\/Tritone-Guitar-Logo-weiss.png\",\"width\":2308,\"height\":642,\"caption\":\"Tritone Music\"},\"image\":{\"@id\":\"https:\\\/\\\/shop.tritone-music.de\\\/#\\\/schema\\\/logo\\\/image\\\/\"}}]}<\/script>\n<!-- \/ Yoast SEO plugin. -->","yoast_head_json":{"title":"Ibanez AZ2402-TFF Prestige - Tritone Music","description":"Die hier angebotene Ibanez AZ2402-TFF Prestige ist absolut neuwertig und weist nahezu keine Spielspuren auf. Inkl. Prestige Case und Case Candy","robots":{"index":"index","follow":"follow","max-snippet":"max-snippet:-1","max-image-preview":"max-image-preview:large","max-video-preview":"max-video-preview:-1"},"canonical":"https:\/\/shop.tritone-music.de\/index.php\/produkt\/ibanez-az2402-tff-prestige\/","og_locale":"de_DE","og_type":"article","og_title":"Ibanez AZ2402-TFF Prestige - Tritone Music","og_description":"Die hier angebotene Ibanez AZ2402-TFF Prestige ist absolut neuwertig und weist nahezu keine Spielspuren auf. Inkl. Prestige Case und Case Candy","og_url":"https:\/\/shop.tritone-music.de\/index.php\/produkt\/ibanez-az2402-tff-prestige\/","og_site_name":"Tritone Music","article_modified_time":"2026-02-11T08:14:50+00:00","og_image":[{"width":2560,"height":1709,"url":"https:\/\/shop.tritone-music.de\/wp-content\/uploads\/2025\/09\/Ibanez-AZ2402-1.jpg","type":"image\/jpeg"}],"twitter_card":"summary_large_image","twitter_misc":{"Gesch\u00e4tzte Lesezeit":"2\u00a0Minuten"},"schema":{"@context":"https:\/\/schema.org","@graph":[{"@type":"WebPage","@id":"https:\/\/shop.tritone-music.de\/index.php\/produkt\/ibanez-az2402-tff-prestige\/","url":"https:\/\/shop.tritone-music.de\/index.php\/produkt\/ibanez-az2402-tff-prestige\/","name":"Ibanez AZ2402-TFF Prestige - Tritone Music","isPartOf":{"@id":"https:\/\/shop.tritone-music.de\/#website"},"primaryImageOfPage":{"@id":"https:\/\/shop.tritone-music.de\/index.php\/produkt\/ibanez-az2402-tff-prestige\/#primaryimage"},"image":{"@id":"https:\/\/shop.tritone-music.de\/index.php\/produkt\/ibanez-az2402-tff-prestige\/#primaryimage"},"thumbnailUrl":"https:\/\/shop.tritone-music.de\/wp-content\/uploads\/2025\/09\/Ibanez-AZ2402-1.jpg","datePublished":"2025-09-08T10:52:36+00:00","dateModified":"2026-02-11T08:14:50+00:00","description":"Die hier angebotene Ibanez AZ2402-TFF Prestige ist absolut neuwertig und weist nahezu keine Spielspuren auf. Inkl. Prestige Case und Case Candy","breadcrumb":{"@id":"https:\/\/shop.tritone-music.de\/index.php\/produkt\/ibanez-az2402-tff-prestige\/#breadcrumb"},"inLanguage":"de","potentialAction":[{"@type":"ReadAction","target":["https:\/\/shop.tritone-music.de\/index.php\/produkt\/ibanez-az2402-tff-prestige\/"]}]},{"@type":"ImageObject","inLanguage":"de","@id":"https:\/\/shop.tritone-music.de\/index.php\/produkt\/ibanez-az2402-tff-prestige\/#primaryimage","url":"https:\/\/shop.tritone-music.de\/wp-content\/uploads\/2025\/09\/Ibanez-AZ2402-1.jpg","contentUrl":"https:\/\/shop.tritone-music.de\/wp-content\/uploads\/2025\/09\/Ibanez-AZ2402-1.jpg","width":2560,"height":1709},{"@type":"BreadcrumbList","@id":"https:\/\/shop.tritone-music.de\/index.php\/produkt\/ibanez-az2402-tff-prestige\/#breadcrumb","itemListElement":[{"@type":"ListItem","position":1,"name":"Startseite","item":"https:\/\/shop.tritone-music.de\/"},{"@type":"ListItem","position":2,"name":"Shop","item":"https:\/\/shop.tritone-music.de\/index.php\/shop\/"},{"@type":"ListItem","position":3,"name":"Ibanez AZ2402-TFF Prestige"}]},{"@type":"WebSite","@id":"https:\/\/shop.tritone-music.de\/#website","url":"https:\/\/shop.tritone-music.de\/","name":"Tritone Music","description":"guitar store","publisher":{"@id":"https:\/\/shop.tritone-music.de\/#organization"},"potentialAction":[{"@type":"SearchAction","target":{"@type":"EntryPoint","urlTemplate":"https:\/\/shop.tritone-music.de\/?s={search_term_string}"},"query-input":{"@type":"PropertyValueSpecification","valueRequired":true,"valueName":"search_term_string"}}],"inLanguage":"de"},{"@type":"Organization","@id":"https:\/\/shop.tritone-music.de\/#organization","name":"Tritone Music","url":"https:\/\/shop.tritone-music.de\/","logo":{"@type":"ImageObject","inLanguage":"de","@id":"https:\/\/shop.tritone-music.de\/#\/schema\/logo\/image\/","url":"https:\/\/shop.tritone-music.de\/wp-content\/uploads\/2025\/09\/Tritone-Guitar-Logo-weiss.png","contentUrl":"https:\/\/shop.tritone-music.de\/wp-content\/uploads\/2025\/09\/Tritone-Guitar-Logo-weiss.png","width":2308,"height":642,"caption":"Tritone Music"},"image":{"@id":"https:\/\/shop.tritone-music.de\/#\/schema\/logo\/image\/"}}]}},"jetpack_sharing_enabled":true,"_links":{"self":[{"href":"https:\/\/shop.tritone-music.de\/index.php\/wp-json\/wp\/v2\/product\/258","targetHints":{"allow":["GET"]}}],"collection":[{"href":"https:\/\/shop.tritone-music.de\/index.php\/wp-json\/wp\/v2\/product"}],"about":[{"href":"https:\/\/shop.tritone-music.de\/index.php\/wp-json\/wp\/v2\/types\/product"}],"replies":[{"embeddable":true,"href":"https:\/\/shop.tritone-music.de\/index.php\/wp-json\/wp\/v2\/comments?post=258"}],"wp:featuredmedia":[{"embeddable":true,"href":"https:\/\/shop.tritone-music.de\/index.php\/wp-json\/wp\/v2\/media\/546"}],"wp:attachment":[{"href":"https:\/\/shop.tritone-music.de\/index.php\/wp-json\/wp\/v2\/media?parent=258"}],"wp:term":[{"taxonomy":"product_brand","embeddable":true,"href":"https:\/\/shop.tritone-music.de\/index.php\/wp-json\/wp\/v2\/product_brand?post=258"},{"taxonomy":"product_cat","embeddable":true,"href":"https:\/\/shop.tritone-music.de\/index.php\/wp-json\/wp\/v2\/product_cat?post=258"},{"taxonomy":"product_tag","embeddable":true,"href":"https:\/\/shop.tritone-music.de\/index.php\/wp-json\/wp\/v2\/product_tag?post=258"}],"curies":[{"name":"wp","href":"https:\/\/api.w.org\/{rel}","templated":true}]}}