{"id":379,"date":"2025-09-17T06:45:24","date_gmt":"2025-09-17T06:45:24","guid":{"rendered":"https:\/\/shop.tritone-music.de\/?post_type=product&#038;p=379"},"modified":"2026-02-11T08:13:20","modified_gmt":"2026-02-11T08:13:20","slug":"gibson-sg-special-ebony-2014","status":"publish","type":"product","link":"https:\/\/shop.tritone-music.de\/index.php\/produkt\/gibson-sg-special-ebony-2014\/","title":{"rendered":"Gibson SG Special Ebony 2014"},"content":{"rendered":"<p>Die Gibson SG Special 2014 &#8222;120th Anniversary&#8220; ist besonders vielseitig: Sie verf\u00fcgt \u00fcber 24 B\u00fcnde und ist mit 490R \/ 490T Humbuckern ausgestattet, die per Coil-Split auch Singlecoil-Sounds erm\u00f6glichen. Die Gitarre ist in gutem Zustand, weist aber \u2013 auch bedingt durch die d\u00fcnne, matte Nitro-Lackierung \u2013 einige Gebrauchsspuren auf: Der Lack ist an mehreren Stellen abgerieben, zudem gibt es einen kleinen Paint Chip neben der Output-Buchse sowie Lackkratzer am Hals, die das Spielgef\u00fchl jedoch kaum beeintr\u00e4chtigen.<\/p>\n<table cellspacing=\"0\" cellpadding=\"0\">\n<tbody>\n<tr>\n<td colspan=\"2\" valign=\"top\"><span style=\"color: #515151; font-family: Helvetica Neue; font-size: small;\"><b>General<\/b><\/span><\/td>\n<td colspan=\"2\" valign=\"top\"><span style=\"color: #515151; font-family: Helvetica Neue; font-size: small;\"><b>Body<\/b><\/span><\/td>\n<\/tr>\n<tr>\n<td valign=\"top\"><span style=\"color: #000000; font-family: Helvetica Neue; font-size: small;\"><b>Condition <\/b><\/span><\/td>\n<td valign=\"top\"><span style=\"color: #000000; font-family: Helvetica Neue; font-size: small;\">Used \/ Good<\/span><\/td>\n<td valign=\"top\"><span style=\"color: #000000; font-family: Helvetica Neue; font-size: small;\"><b>Material<\/b><\/span><\/td>\n<td valign=\"top\"><span style=\"color: #000000; font-family: Helvetica Neue; font-size: small;\">Mahogany<\/span><\/td>\n<\/tr>\n<tr>\n<td valign=\"top\"><span style=\"color: #000000; font-family: Helvetica Neue; font-size: small;\"><b>Weight<\/b><\/span><\/td>\n<td valign=\"top\"><span style=\"color: #000000; font-family: Helvetica Neue; font-size: small;\">3050g<\/span><\/td>\n<td valign=\"top\"><span style=\"color: #000000; font-family: Helvetica Neue; font-size: small;\"><b>Shape<\/b><\/span><\/td>\n<td valign=\"top\"><span style=\"color: #000000; font-family: Helvetica Neue; font-size: small;\">SG<\/span><\/td>\n<\/tr>\n<tr>\n<td valign=\"top\"><span style=\"color: #000000; font-family: Helvetica Neue; font-size: small;\"><b>Direction<\/b><\/span><\/td>\n<td valign=\"top\"><span style=\"color: #000000; font-family: Helvetica Neue; font-size: small;\">Right-handed<\/span><\/td>\n<td valign=\"top\"><span style=\"color: #000000; font-family: Helvetica Neue; font-size: small;\"><b>Colour<\/b><\/span><\/td>\n<td valign=\"top\"><span style=\"color: #000000; font-family: Helvetica Neue; font-size: small;\">Ebony<\/span><\/td>\n<\/tr>\n<tr>\n<td valign=\"top\"><span style=\"color: #000000; font-family: Helvetica Neue; font-size: small;\"><b>Number of Strings<\/b><\/span><\/td>\n<td valign=\"top\"><span style=\"color: #000000; font-family: Helvetica Neue; font-size: small;\">6<\/span><\/td>\n<td valign=\"top\"><span style=\"color: #000000; font-family: Helvetica Neue; font-size: small;\"><b>Finish<\/b><\/span><\/td>\n<td valign=\"top\"><span style=\"color: #000000; font-family: Helvetica Neue; font-size: small;\">Matte Nitro\u00a0<\/span><\/td>\n<\/tr>\n<tr>\n<td valign=\"top\"><span style=\"color: #000000; font-family: Helvetica Neue; font-size: small;\"><b>Country of Manufacture<\/b><\/span><\/td>\n<td valign=\"top\"><span style=\"color: #000000; font-family: Helvetica Neue; font-size: small;\">USA<\/span><\/td>\n<td colspan=\"2\" valign=\"top\"><\/td>\n<\/tr>\n<tr>\n<td valign=\"top\"><span style=\"color: #000000; font-family: Helvetica Neue; font-size: small;\"><b>Year of Manufacture<\/b><\/span><\/td>\n<td valign=\"top\"><span style=\"color: #000000; font-family: Helvetica Neue; font-size: small;\">2014<\/span><\/td>\n<td colspan=\"2\" valign=\"top\"><span style=\"color: #515151; font-family: Helvetica Neue; font-size: small;\"><b>Neck<\/b><\/span><\/td>\n<\/tr>\n<tr>\n<td valign=\"top\"><span style=\"color: #000000; font-family: Helvetica Neue; font-size: small;\"><b>Serial Number<\/b><\/span><\/td>\n<td valign=\"top\"><span style=\"color: #000000; font-family: Helvetica Neue; font-size: small;\">140093572<\/span><\/td>\n<td valign=\"top\"><span style=\"color: #000000; font-family: Helvetica Neue; font-size: small;\"><b>Neck Joint<\/b><\/span><\/td>\n<td valign=\"top\"><span style=\"color: #000000; font-family: Helvetica Neue; font-size: small;\">Set Neck<\/span><\/td>\n<\/tr>\n<tr>\n<td colspan=\"2\" valign=\"top\"><span style=\"color: #515151; font-family: Helvetica Neue; font-size: small;\"><b>Electronics<\/b><\/span><\/td>\n<td valign=\"top\"><span style=\"color: #000000; font-family: Helvetica Neue; font-size: small;\"><b>Material<\/b><\/span><\/td>\n<td valign=\"top\"><span style=\"color: #000000; font-family: Helvetica Neue; font-size: small;\">Maple<\/span><\/td>\n<\/tr>\n<tr>\n<td valign=\"top\"><span style=\"color: #000000; font-family: Helvetica Neue; font-size: small;\"><b>Pickup-Configuration<\/b><\/span><\/td>\n<td valign=\"top\"><span style=\"color: #000000; font-family: Helvetica Neue; font-size: small;\">H-H<\/span><\/td>\n<td valign=\"top\"><span style=\"color: #000000; font-family: Helvetica Neue; font-size: small;\"><b>Profile<\/b><\/span><\/td>\n<td valign=\"top\"><span style=\"color: #000000; font-family: Helvetica Neue; font-size: small;\">60s Slim<\/span><\/td>\n<\/tr>\n<tr>\n<td valign=\"top\"><span style=\"color: #000000; font-family: Helvetica Neue; font-size: small;\"><b>Neck-Pickup<\/b><\/span><\/td>\n<td valign=\"top\"><span style=\"color: #000000; font-family: Helvetica Neue; font-size: small;\">Gibson 490R<\/span><\/td>\n<td valign=\"top\"><span style=\"color: #000000; font-family: Helvetica Neue; font-size: small;\"><b>Fingerboard Material<\/b><\/span><\/td>\n<td valign=\"top\"><span style=\"color: #000000; font-family: Helvetica Neue; font-size: small;\">Rosewood<\/span><\/td>\n<\/tr>\n<tr>\n<td valign=\"top\"><span style=\"color: #000000; font-family: Helvetica Neue; font-size: small;\"><b>Bridge-Pickup<\/b><\/span><\/td>\n<td valign=\"top\"><span style=\"color: #000000; font-family: Helvetica Neue; font-size: small;\">Gibson 490T<\/span><\/td>\n<td valign=\"top\"><span style=\"color: #000000; font-family: Helvetica Neue; font-size: small;\"><b>Fingerboard Radius<\/b><\/span><\/td>\n<td valign=\"top\"><span style=\"color: #000000; font-family: Helvetica Neue; font-size: small;\">12\u201c<\/span><\/td>\n<\/tr>\n<tr>\n<td valign=\"top\"><span style=\"color: #000000; font-family: Helvetica Neue; font-size: small;\"><b>Controls<\/b><\/span><\/td>\n<td valign=\"top\"><span style=\"color: #000000; font-family: Helvetica Neue; font-size: small;\">2 Volume Push-Pull Coil Tap \/ 2 Tone \/ 3-Way-Toggle-Switch<\/span><\/td>\n<td valign=\"top\"><span style=\"color: #000000; font-family: Helvetica Neue; font-size: small;\"><b>Number of Frets \/ Type<\/b><\/span><\/td>\n<td valign=\"top\"><span style=\"color: #000000; font-family: Helvetica Neue; font-size: small;\">24 \/ Medium<\/span><\/td>\n<\/tr>\n<tr>\n<td colspan=\"2\" valign=\"top\"><span style=\"color: #515151; font-family: Helvetica Neue; font-size: small;\"><b>Hardware<\/b><\/span><\/td>\n<td valign=\"top\"><span style=\"color: #000000; font-family: Helvetica Neue; font-size: small;\"><b>Scale<\/b><\/span><\/td>\n<td valign=\"top\"><span style=\"color: #000000; font-family: Helvetica Neue; font-size: small;\">24,75\u201c \/ 628mm<\/span><\/td>\n<\/tr>\n<tr>\n<td valign=\"top\"><span style=\"color: #000000; font-family: Helvetica Neue; font-size: small;\"><b>Tuners<\/b><\/span><\/td>\n<td valign=\"top\"><span style=\"color: #000000; font-family: Helvetica Neue; font-size: small;\">Kluson Deluxe Vintage Tuner<\/span><\/td>\n<td valign=\"top\"><span style=\"color: #000000; font-family: Helvetica Neue; font-size: small;\"><b>Nut Width \/ Type<\/b><\/span><\/td>\n<td valign=\"top\"><span style=\"color: #000000; font-family: Helvetica Neue; font-size: small;\">43mm \/ Graph Tech<\/span><\/td>\n<\/tr>\n<tr>\n<td valign=\"top\"><span style=\"color: #000000; font-family: Helvetica Neue; font-size: small;\"><b>Bridge<\/b><\/span><\/td>\n<td valign=\"top\"><span style=\"color: #000000; font-family: Helvetica Neue; font-size: small;\">Gibson Tune-O-Matic with Stop Tailpiece<\/span><\/td>\n<td valign=\"top\"><span style=\"color: #000000; font-family: Helvetica Neue; font-size: small;\"><b>Inlays<\/b><\/span><\/td>\n<td valign=\"top\"><span style=\"color: #000000; font-family: Helvetica Neue; font-size: small;\">Dots \/ \u201e120th Anniversary\u201c on 12th fret<\/span><\/td>\n<\/tr>\n<\/tbody>\n<\/table>\n","protected":false},"excerpt":{"rendered":"<p>Made in USA 2014<\/p>\n<p>Zustand: gebraucht \/ gut<\/p>\n","protected":false},"featured_media":804,"comment_status":"open","ping_status":"closed","template":"","meta":{"site-sidebar-layout":"default","site-content-layout":"","ast-site-content-layout":"default","site-content-style":"default","site-sidebar-style":"default","ast-global-header-display":"","ast-banner-title-visibility":"","ast-main-header-display":"","ast-hfb-above-header-display":"","ast-hfb-below-header-display":"","ast-hfb-mobile-header-display":"","site-post-title":"","ast-breadcrumbs-content":"","ast-featured-img":"","footer-sml-layout":"","ast-disable-related-posts":"","theme-transparent-header-meta":"default","adv-header-id-meta":"","stick-header-meta":"","header-above-stick-meta":"","header-main-stick-meta":"","header-below-stick-meta":"","astra-migrate-meta-layouts":"set","ast-page-background-enabled":"default","ast-page-background-meta":{"desktop":{"background-color":"var(--ast-global-color-5)","background-image":"","background-repeat":"repeat","background-position":"center center","background-size":"auto","background-attachment":"scroll","background-type":"","background-media":"","overlay-type":"","overlay-color":"","overlay-opacity":"","overlay-gradient":""},"tablet":{"background-color":"","background-image":"","background-repeat":"repeat","background-position":"center center","background-size":"auto","background-attachment":"scroll","background-type":"","background-media":"","overlay-type":"","overlay-color":"","overlay-opacity":"","overlay-gradient":""},"mobile":{"background-color":"","background-image":"","background-repeat":"repeat","background-position":"center center","background-size":"auto","background-attachment":"scroll","background-type":"","background-media":"","overlay-type":"","overlay-color":"","overlay-opacity":"","overlay-gradient":""}},"ast-content-background-meta":{"desktop":{"background-color":"var(--ast-global-color-4)","background-image":"","background-repeat":"repeat","background-position":"center center","background-size":"auto","background-attachment":"scroll","background-type":"","background-media":"","overlay-type":"","overlay-color":"","overlay-opacity":"","overlay-gradient":""},"tablet":{"background-color":"var(--ast-global-color-4)","background-image":"","background-repeat":"repeat","background-position":"center center","background-size":"auto","background-attachment":"scroll","background-type":"","background-media":"","overlay-type":"","overlay-color":"","overlay-opacity":"","overlay-gradient":""},"mobile":{"background-color":"var(--ast-global-color-4)","background-image":"","background-repeat":"repeat","background-position":"center center","background-size":"auto","background-attachment":"scroll","background-type":"","background-media":"","overlay-type":"","overlay-color":"","overlay-opacity":"","overlay-gradient":""}}},"product_brand":[99],"product_cat":[485],"product_tag":[159,160,95,155,158],"class_list":{"0":"post-379","1":"product","2":"type-product","3":"status-publish","4":"has-post-thumbnail","6":"product_brand-gibson","7":"product_cat-sold","8":"product_tag-special","9":"product_tag-160","10":"product_tag-gibson","11":"product_tag-ebony","12":"product_tag-sg","13":"product_shipping_class-gitarre-standard-differenz","14":"desktop-align-left","15":"tablet-align-left","16":"mobile-align-left","18":"first","19":"outofstock","20":"sold-individually","21":"purchasable","22":"product-type-simple"},"yoast_head":"<!-- This site is optimized with the Yoast SEO plugin v27.3 - https:\/\/yoast.com\/product\/yoast-seo-wordpress\/ -->\n<title>Gibson SG Special Ebony 2014 - Tritone Music<\/title>\n<meta name=\"description\" content=\"Die Gibson SG Special 2014 &quot;120th Anniversary&quot; ist besonders vielseitig: 24 B\u00fcnde und ein splitbares Humbucker-Paar (490R \/ 490T).\" \/>\n<meta name=\"robots\" content=\"index, follow, max-snippet:-1, max-image-preview:large, max-video-preview:-1\" \/>\n<link rel=\"canonical\" href=\"https:\/\/shop.tritone-music.de\/index.php\/produkt\/gibson-sg-special-ebony-2014\/\" \/>\n<meta property=\"og:locale\" content=\"de_DE\" \/>\n<meta property=\"og:type\" content=\"article\" \/>\n<meta property=\"og:title\" content=\"Gibson SG Special Ebony 2014 - Tritone Music\" \/>\n<meta property=\"og:description\" content=\"Die Gibson SG Special 2014 &quot;120th Anniversary&quot; ist besonders vielseitig: 24 B\u00fcnde und ein splitbares Humbucker-Paar (490R \/ 490T).\" \/>\n<meta property=\"og:url\" content=\"https:\/\/shop.tritone-music.de\/index.php\/produkt\/gibson-sg-special-ebony-2014\/\" \/>\n<meta property=\"og:site_name\" content=\"Tritone Music\" \/>\n<meta property=\"article:modified_time\" content=\"2026-02-11T08:13:20+00:00\" \/>\n<meta property=\"og:image\" content=\"https:\/\/shop.tritone-music.de\/wp-content\/uploads\/2025\/09\/Gibson-SG-120-1.jpg\" \/>\n\t<meta property=\"og:image:width\" content=\"2560\" \/>\n\t<meta property=\"og:image:height\" content=\"1709\" \/>\n\t<meta property=\"og:image:type\" content=\"image\/jpeg\" \/>\n<meta name=\"twitter:card\" content=\"summary_large_image\" \/>\n<meta name=\"twitter:label1\" content=\"Gesch\u00e4tzte Lesezeit\" \/>\n\t<meta name=\"twitter:data1\" content=\"2\u00a0Minuten\" \/>\n<script type=\"application\/ld+json\" class=\"yoast-schema-graph\">{\"@context\":\"https:\\\/\\\/schema.org\",\"@graph\":[{\"@type\":\"WebPage\",\"@id\":\"https:\\\/\\\/shop.tritone-music.de\\\/index.php\\\/produkt\\\/gibson-sg-special-ebony-2014\\\/\",\"url\":\"https:\\\/\\\/shop.tritone-music.de\\\/index.php\\\/produkt\\\/gibson-sg-special-ebony-2014\\\/\",\"name\":\"Gibson SG Special Ebony 2014 - Tritone Music\",\"isPartOf\":{\"@id\":\"https:\\\/\\\/shop.tritone-music.de\\\/#website\"},\"primaryImageOfPage\":{\"@id\":\"https:\\\/\\\/shop.tritone-music.de\\\/index.php\\\/produkt\\\/gibson-sg-special-ebony-2014\\\/#primaryimage\"},\"image\":{\"@id\":\"https:\\\/\\\/shop.tritone-music.de\\\/index.php\\\/produkt\\\/gibson-sg-special-ebony-2014\\\/#primaryimage\"},\"thumbnailUrl\":\"https:\\\/\\\/shop.tritone-music.de\\\/wp-content\\\/uploads\\\/2025\\\/09\\\/Gibson-SG-120-1.jpg\",\"datePublished\":\"2025-09-17T06:45:24+00:00\",\"dateModified\":\"2026-02-11T08:13:20+00:00\",\"description\":\"Die Gibson SG Special 2014 \\\"120th Anniversary\\\" ist besonders vielseitig: 24 B\u00fcnde und ein splitbares Humbucker-Paar (490R \\\/ 490T).\",\"breadcrumb\":{\"@id\":\"https:\\\/\\\/shop.tritone-music.de\\\/index.php\\\/produkt\\\/gibson-sg-special-ebony-2014\\\/#breadcrumb\"},\"inLanguage\":\"de\",\"potentialAction\":[{\"@type\":\"ReadAction\",\"target\":[\"https:\\\/\\\/shop.tritone-music.de\\\/index.php\\\/produkt\\\/gibson-sg-special-ebony-2014\\\/\"]}]},{\"@type\":\"ImageObject\",\"inLanguage\":\"de\",\"@id\":\"https:\\\/\\\/shop.tritone-music.de\\\/index.php\\\/produkt\\\/gibson-sg-special-ebony-2014\\\/#primaryimage\",\"url\":\"https:\\\/\\\/shop.tritone-music.de\\\/wp-content\\\/uploads\\\/2025\\\/09\\\/Gibson-SG-120-1.jpg\",\"contentUrl\":\"https:\\\/\\\/shop.tritone-music.de\\\/wp-content\\\/uploads\\\/2025\\\/09\\\/Gibson-SG-120-1.jpg\",\"width\":2560,\"height\":1709},{\"@type\":\"BreadcrumbList\",\"@id\":\"https:\\\/\\\/shop.tritone-music.de\\\/index.php\\\/produkt\\\/gibson-sg-special-ebony-2014\\\/#breadcrumb\",\"itemListElement\":[{\"@type\":\"ListItem\",\"position\":1,\"name\":\"Startseite\",\"item\":\"https:\\\/\\\/shop.tritone-music.de\\\/\"},{\"@type\":\"ListItem\",\"position\":2,\"name\":\"Shop\",\"item\":\"https:\\\/\\\/shop.tritone-music.de\\\/index.php\\\/shop\\\/\"},{\"@type\":\"ListItem\",\"position\":3,\"name\":\"Gibson SG Special Ebony 2014\"}]},{\"@type\":\"WebSite\",\"@id\":\"https:\\\/\\\/shop.tritone-music.de\\\/#website\",\"url\":\"https:\\\/\\\/shop.tritone-music.de\\\/\",\"name\":\"Tritone Music\",\"description\":\"guitar store\",\"publisher\":{\"@id\":\"https:\\\/\\\/shop.tritone-music.de\\\/#organization\"},\"potentialAction\":[{\"@type\":\"SearchAction\",\"target\":{\"@type\":\"EntryPoint\",\"urlTemplate\":\"https:\\\/\\\/shop.tritone-music.de\\\/?s={search_term_string}\"},\"query-input\":{\"@type\":\"PropertyValueSpecification\",\"valueRequired\":true,\"valueName\":\"search_term_string\"}}],\"inLanguage\":\"de\"},{\"@type\":\"Organization\",\"@id\":\"https:\\\/\\\/shop.tritone-music.de\\\/#organization\",\"name\":\"Tritone Music\",\"url\":\"https:\\\/\\\/shop.tritone-music.de\\\/\",\"logo\":{\"@type\":\"ImageObject\",\"inLanguage\":\"de\",\"@id\":\"https:\\\/\\\/shop.tritone-music.de\\\/#\\\/schema\\\/logo\\\/image\\\/\",\"url\":\"https:\\\/\\\/shop.tritone-music.de\\\/wp-content\\\/uploads\\\/2025\\\/09\\\/Tritone-Guitar-Logo-weiss.png\",\"contentUrl\":\"https:\\\/\\\/shop.tritone-music.de\\\/wp-content\\\/uploads\\\/2025\\\/09\\\/Tritone-Guitar-Logo-weiss.png\",\"width\":2308,\"height\":642,\"caption\":\"Tritone Music\"},\"image\":{\"@id\":\"https:\\\/\\\/shop.tritone-music.de\\\/#\\\/schema\\\/logo\\\/image\\\/\"}}]}<\/script>\n<!-- \/ Yoast SEO plugin. -->","yoast_head_json":{"title":"Gibson SG Special Ebony 2014 - Tritone Music","description":"Die Gibson SG Special 2014 \"120th Anniversary\" ist besonders vielseitig: 24 B\u00fcnde und ein splitbares Humbucker-Paar (490R \/ 490T).","robots":{"index":"index","follow":"follow","max-snippet":"max-snippet:-1","max-image-preview":"max-image-preview:large","max-video-preview":"max-video-preview:-1"},"canonical":"https:\/\/shop.tritone-music.de\/index.php\/produkt\/gibson-sg-special-ebony-2014\/","og_locale":"de_DE","og_type":"article","og_title":"Gibson SG Special Ebony 2014 - Tritone Music","og_description":"Die Gibson SG Special 2014 \"120th Anniversary\" ist besonders vielseitig: 24 B\u00fcnde und ein splitbares Humbucker-Paar (490R \/ 490T).","og_url":"https:\/\/shop.tritone-music.de\/index.php\/produkt\/gibson-sg-special-ebony-2014\/","og_site_name":"Tritone Music","article_modified_time":"2026-02-11T08:13:20+00:00","og_image":[{"width":2560,"height":1709,"url":"https:\/\/shop.tritone-music.de\/wp-content\/uploads\/2025\/09\/Gibson-SG-120-1.jpg","type":"image\/jpeg"}],"twitter_card":"summary_large_image","twitter_misc":{"Gesch\u00e4tzte Lesezeit":"2\u00a0Minuten"},"schema":{"@context":"https:\/\/schema.org","@graph":[{"@type":"WebPage","@id":"https:\/\/shop.tritone-music.de\/index.php\/produkt\/gibson-sg-special-ebony-2014\/","url":"https:\/\/shop.tritone-music.de\/index.php\/produkt\/gibson-sg-special-ebony-2014\/","name":"Gibson SG Special Ebony 2014 - Tritone Music","isPartOf":{"@id":"https:\/\/shop.tritone-music.de\/#website"},"primaryImageOfPage":{"@id":"https:\/\/shop.tritone-music.de\/index.php\/produkt\/gibson-sg-special-ebony-2014\/#primaryimage"},"image":{"@id":"https:\/\/shop.tritone-music.de\/index.php\/produkt\/gibson-sg-special-ebony-2014\/#primaryimage"},"thumbnailUrl":"https:\/\/shop.tritone-music.de\/wp-content\/uploads\/2025\/09\/Gibson-SG-120-1.jpg","datePublished":"2025-09-17T06:45:24+00:00","dateModified":"2026-02-11T08:13:20+00:00","description":"Die Gibson SG Special 2014 \"120th Anniversary\" ist besonders vielseitig: 24 B\u00fcnde und ein splitbares Humbucker-Paar (490R \/ 490T).","breadcrumb":{"@id":"https:\/\/shop.tritone-music.de\/index.php\/produkt\/gibson-sg-special-ebony-2014\/#breadcrumb"},"inLanguage":"de","potentialAction":[{"@type":"ReadAction","target":["https:\/\/shop.tritone-music.de\/index.php\/produkt\/gibson-sg-special-ebony-2014\/"]}]},{"@type":"ImageObject","inLanguage":"de","@id":"https:\/\/shop.tritone-music.de\/index.php\/produkt\/gibson-sg-special-ebony-2014\/#primaryimage","url":"https:\/\/shop.tritone-music.de\/wp-content\/uploads\/2025\/09\/Gibson-SG-120-1.jpg","contentUrl":"https:\/\/shop.tritone-music.de\/wp-content\/uploads\/2025\/09\/Gibson-SG-120-1.jpg","width":2560,"height":1709},{"@type":"BreadcrumbList","@id":"https:\/\/shop.tritone-music.de\/index.php\/produkt\/gibson-sg-special-ebony-2014\/#breadcrumb","itemListElement":[{"@type":"ListItem","position":1,"name":"Startseite","item":"https:\/\/shop.tritone-music.de\/"},{"@type":"ListItem","position":2,"name":"Shop","item":"https:\/\/shop.tritone-music.de\/index.php\/shop\/"},{"@type":"ListItem","position":3,"name":"Gibson SG Special Ebony 2014"}]},{"@type":"WebSite","@id":"https:\/\/shop.tritone-music.de\/#website","url":"https:\/\/shop.tritone-music.de\/","name":"Tritone Music","description":"guitar store","publisher":{"@id":"https:\/\/shop.tritone-music.de\/#organization"},"potentialAction":[{"@type":"SearchAction","target":{"@type":"EntryPoint","urlTemplate":"https:\/\/shop.tritone-music.de\/?s={search_term_string}"},"query-input":{"@type":"PropertyValueSpecification","valueRequired":true,"valueName":"search_term_string"}}],"inLanguage":"de"},{"@type":"Organization","@id":"https:\/\/shop.tritone-music.de\/#organization","name":"Tritone Music","url":"https:\/\/shop.tritone-music.de\/","logo":{"@type":"ImageObject","inLanguage":"de","@id":"https:\/\/shop.tritone-music.de\/#\/schema\/logo\/image\/","url":"https:\/\/shop.tritone-music.de\/wp-content\/uploads\/2025\/09\/Tritone-Guitar-Logo-weiss.png","contentUrl":"https:\/\/shop.tritone-music.de\/wp-content\/uploads\/2025\/09\/Tritone-Guitar-Logo-weiss.png","width":2308,"height":642,"caption":"Tritone Music"},"image":{"@id":"https:\/\/shop.tritone-music.de\/#\/schema\/logo\/image\/"}}]}},"jetpack_sharing_enabled":true,"_links":{"self":[{"href":"https:\/\/shop.tritone-music.de\/index.php\/wp-json\/wp\/v2\/product\/379","targetHints":{"allow":["GET"]}}],"collection":[{"href":"https:\/\/shop.tritone-music.de\/index.php\/wp-json\/wp\/v2\/product"}],"about":[{"href":"https:\/\/shop.tritone-music.de\/index.php\/wp-json\/wp\/v2\/types\/product"}],"replies":[{"embeddable":true,"href":"https:\/\/shop.tritone-music.de\/index.php\/wp-json\/wp\/v2\/comments?post=379"}],"wp:featuredmedia":[{"embeddable":true,"href":"https:\/\/shop.tritone-music.de\/index.php\/wp-json\/wp\/v2\/media\/804"}],"wp:attachment":[{"href":"https:\/\/shop.tritone-music.de\/index.php\/wp-json\/wp\/v2\/media?parent=379"}],"wp:term":[{"taxonomy":"product_brand","embeddable":true,"href":"https:\/\/shop.tritone-music.de\/index.php\/wp-json\/wp\/v2\/product_brand?post=379"},{"taxonomy":"product_cat","embeddable":true,"href":"https:\/\/shop.tritone-music.de\/index.php\/wp-json\/wp\/v2\/product_cat?post=379"},{"taxonomy":"product_tag","embeddable":true,"href":"https:\/\/shop.tritone-music.de\/index.php\/wp-json\/wp\/v2\/product_tag?post=379"}],"curies":[{"name":"wp","href":"https:\/\/api.w.org\/{rel}","templated":true}]}}