{"id":562,"date":"2025-09-25T13:22:30","date_gmt":"2025-09-25T13:22:30","guid":{"rendered":"https:\/\/shop.tritone-music.de\/?post_type=product&#038;p=562"},"modified":"2026-02-11T08:11:55","modified_gmt":"2026-02-11T08:11:55","slug":"boss-dd-7-digital-delay-pedal","status":"publish","type":"product","link":"https:\/\/shop.tritone-music.de\/index.php\/produkt\/boss-dd-7-digital-delay-pedal\/","title":{"rendered":"BOSS DD-7 Digital Delay Pedal"},"content":{"rendered":"<p>Das BOSS DD-7 Digital-Delay besticht mit unglaublichen Features: Bis zu 6,4 Sek. Delayzeit, R\u00fcckw\u00e4rtsecho, Modulations-Echo mit Chorus, Modeling des ber\u00fchmten Analog-Delays BOSS DM-2 von 1981 f\u00fcr lebendige Retro-Sounds, unglaublicher 40 Sekunden-Looper mit Overdubs an Bord (!), Tap-Tempo per externem Fu\u00dftaster BOSS FS-5U oder internem Fu\u00dftaster, stufenlos einstellbare Echozeit (oder Echoanteil oder Wiederholung) per Expressionpedal Roland EV-5, Stereo Ein- und Ausg\u00e4nge f\u00fcr 8 verschiedene Verschaltungsm\u00f6glichkeiten und eine Vielzahl von Anwendungen!<\/p>\n<p>Features:<\/p>\n<ul>\n<li>Maximale Delayzeit 6,4 Sekunden (DD-6: 5,2 Sekunden)<\/li>\n<li>Looperfunktion mit 40 Sekunden Aufnahmezeit und endlos vielen Overdubs \u2013 damit \u00fcbertrifft der DD-7 sogar das DD-20 Giga Delay (23 Sekunden) und nat\u00fcrlich den DD-6 (5,2 Sekunden) und ist f\u00fcr einfache Anwendungen eine Alternative zu den BOSS Loopern RC-2 und RC-20XL (je 16 Minuten mit 11 Speicherpl\u00e4tzen) und RC-50 (49 Minuten mit 99 Speicherpl\u00e4tzen)<\/li>\n<li>Modulations-Echo mit Chorus<\/li>\n<li>Pr\u00e4zises Modeling des ber\u00fchmten Bosspedals DM-2 \u201eAnalog Delay\u201c von 1981 &#8211; die Echo-Wiederholung werden dumpfer und ver\u00e4ndern sich, \u201eBlubbersounds\u201c durch Spielen an den Reglern wie beim Original m\u00f6glich (Effektlevel und Feedback auf Maximum, Verdrehen der Echozeit f\u00fcr Retrosounds), Ausgabe in stereo oder als ping-pong Delay m\u00f6glich!<\/li>\n<li>TAP TEMPO per externem Fu\u00dftaster (BOSS FS-5U) wie schon im DD-5 vorhanden (&#8230; und im DD-6 schmerzlich vermisst), alternativ kann ein Expressionpedal (Roland EV-5) f\u00fcr stufenlose Regelung von Echozeit, Echoanteil oder -Wiederholung angeschlossen werden<\/li>\n<li>TAP TEMPO mit internem Fu\u00dftaster (2 Sekunden gedr\u00fcckt halten f\u00fcr Tempo-Mode)<\/li>\n<li>Stereo Ein- und Ausg\u00e4nge f\u00fcr eine Vielzahl von Verschaltungsm\u00f6glichkeiten:<\/li>\n<li style=\"list-style-type: none;\">\n<ul>\n<li>Normal Mono-Echo: Input A, Output A<\/li>\n<li>Nur Ausgabe des Echos (f\u00fcr Einschleifweg): Input B, Output A<\/li>\n<li>Ping-Pong Delay (Panning Delay): Input A, Output A + B<\/li>\n<li>Getrennte Ausgabe (Effekt &amp; Direkt): Input B, Output A (Effekt) + B (Direkt)<\/li>\n<li>3 Modes f\u00fcr Stereo-Instrumente: Input A + B, Output A + B<\/li>\n<\/ul>\n<\/li>\n<li style=\"list-style-type: none;\"><span style=\"font-size: 16px;\">&#8211; MODE 1: Normal (Input links \/Output links, Input rechts \/ Output rechts)<\/span><\/li>\n<li style=\"list-style-type: none;\"><span style=\"font-size: 16px;\">&#8211; MODE 2: Ping-Pong (Panning Delay)<\/span><\/li>\n<li style=\"list-style-type: none;\"><span style=\"font-size: 16px;\">&#8211; MODE 3: \u00dcberlagerung der beiden Inputs f\u00fcr ein hall-artiges Echo<\/span><\/li>\n<\/ul>\n","protected":false},"excerpt":{"rendered":"<p>Zustand: gebraucht \/ sehr gut<\/p>\n<p>inkl. Originalverpackung<\/p>\n","protected":false},"featured_media":566,"comment_status":"open","ping_status":"closed","template":"","meta":{"site-sidebar-layout":"default","site-content-layout":"","ast-site-content-layout":"default","site-content-style":"default","site-sidebar-style":"default","ast-global-header-display":"","ast-banner-title-visibility":"","ast-main-header-display":"","ast-hfb-above-header-display":"","ast-hfb-below-header-display":"","ast-hfb-mobile-header-display":"","site-post-title":"","ast-breadcrumbs-content":"","ast-featured-img":"","footer-sml-layout":"","ast-disable-related-posts":"","theme-transparent-header-meta":"default","adv-header-id-meta":"","stick-header-meta":"","header-above-stick-meta":"","header-main-stick-meta":"","header-below-stick-meta":"","astra-migrate-meta-layouts":"set","ast-page-background-enabled":"default","ast-page-background-meta":{"desktop":{"background-color":"var(--ast-global-color-5)","background-image":"","background-repeat":"repeat","background-position":"center center","background-size":"auto","background-attachment":"scroll","background-type":"","background-media":"","overlay-type":"","overlay-color":"","overlay-opacity":"","overlay-gradient":""},"tablet":{"background-color":"","background-image":"","background-repeat":"repeat","background-position":"center center","background-size":"auto","background-attachment":"scroll","background-type":"","background-media":"","overlay-type":"","overlay-color":"","overlay-opacity":"","overlay-gradient":""},"mobile":{"background-color":"","background-image":"","background-repeat":"repeat","background-position":"center center","background-size":"auto","background-attachment":"scroll","background-type":"","background-media":"","overlay-type":"","overlay-color":"","overlay-opacity":"","overlay-gradient":""}},"ast-content-background-meta":{"desktop":{"background-color":"var(--ast-global-color-4)","background-image":"","background-repeat":"repeat","background-position":"center center","background-size":"auto","background-attachment":"scroll","background-type":"","background-media":"","overlay-type":"","overlay-color":"","overlay-opacity":"","overlay-gradient":""},"tablet":{"background-color":"var(--ast-global-color-4)","background-image":"","background-repeat":"repeat","background-position":"center center","background-size":"auto","background-attachment":"scroll","background-type":"","background-media":"","overlay-type":"","overlay-color":"","overlay-opacity":"","overlay-gradient":""},"mobile":{"background-color":"var(--ast-global-color-4)","background-image":"","background-repeat":"repeat","background-position":"center center","background-size":"auto","background-attachment":"scroll","background-type":"","background-media":"","overlay-type":"","overlay-color":"","overlay-opacity":"","overlay-gradient":""}}},"product_brand":[190],"product_cat":[485],"product_tag":[191,199,200,201],"class_list":{"0":"post-562","1":"product","2":"type-product","3":"status-publish","4":"has-post-thumbnail","6":"product_brand-boss","7":"product_cat-sold","8":"product_tag-boss","9":"product_tag-dd-7","10":"product_tag-digital","11":"product_tag-delay","12":"product_shipping_class-effektgeraete-zubehoer-differenz","13":"desktop-align-left","14":"tablet-align-left","15":"mobile-align-left","17":"first","18":"outofstock","19":"sold-individually","20":"purchasable","21":"product-type-simple"},"yoast_head":"<!-- This site is optimized with the Yoast SEO plugin v27.3 - https:\/\/yoast.com\/product\/yoast-seo-wordpress\/ -->\n<title>BOSS DD-7 Digital Delay Pedal - Tritone Music<\/title>\n<meta name=\"description\" content=\"Das BOSS DD-7 Digital-Delay besticht mit unglaublichen Features.\" \/>\n<meta name=\"robots\" content=\"index, follow, max-snippet:-1, max-image-preview:large, max-video-preview:-1\" \/>\n<link rel=\"canonical\" href=\"https:\/\/shop.tritone-music.de\/index.php\/produkt\/boss-dd-7-digital-delay-pedal\/\" \/>\n<meta property=\"og:locale\" content=\"de_DE\" \/>\n<meta property=\"og:type\" content=\"article\" \/>\n<meta property=\"og:title\" content=\"BOSS DD-7 Digital Delay Pedal - Tritone Music\" \/>\n<meta property=\"og:description\" content=\"Das BOSS DD-7 Digital-Delay besticht mit unglaublichen Features.\" \/>\n<meta property=\"og:url\" content=\"https:\/\/shop.tritone-music.de\/index.php\/produkt\/boss-dd-7-digital-delay-pedal\/\" \/>\n<meta property=\"og:site_name\" content=\"Tritone Music\" \/>\n<meta property=\"article:modified_time\" content=\"2026-02-11T08:11:55+00:00\" \/>\n<meta property=\"og:image\" content=\"https:\/\/shop.tritone-music.de\/wp-content\/uploads\/2025\/09\/Boss-DD7-1.jpg\" \/>\n\t<meta property=\"og:image:width\" content=\"2560\" \/>\n\t<meta property=\"og:image:height\" content=\"1709\" \/>\n\t<meta property=\"og:image:type\" content=\"image\/jpeg\" \/>\n<meta name=\"twitter:card\" content=\"summary_large_image\" \/>\n<meta name=\"twitter:label1\" content=\"Gesch\u00e4tzte Lesezeit\" \/>\n\t<meta name=\"twitter:data1\" content=\"2\u00a0Minuten\" \/>\n<script type=\"application\/ld+json\" class=\"yoast-schema-graph\">{\"@context\":\"https:\\\/\\\/schema.org\",\"@graph\":[{\"@type\":\"WebPage\",\"@id\":\"https:\\\/\\\/shop.tritone-music.de\\\/index.php\\\/produkt\\\/boss-dd-7-digital-delay-pedal\\\/\",\"url\":\"https:\\\/\\\/shop.tritone-music.de\\\/index.php\\\/produkt\\\/boss-dd-7-digital-delay-pedal\\\/\",\"name\":\"BOSS DD-7 Digital Delay Pedal - Tritone Music\",\"isPartOf\":{\"@id\":\"https:\\\/\\\/shop.tritone-music.de\\\/#website\"},\"primaryImageOfPage\":{\"@id\":\"https:\\\/\\\/shop.tritone-music.de\\\/index.php\\\/produkt\\\/boss-dd-7-digital-delay-pedal\\\/#primaryimage\"},\"image\":{\"@id\":\"https:\\\/\\\/shop.tritone-music.de\\\/index.php\\\/produkt\\\/boss-dd-7-digital-delay-pedal\\\/#primaryimage\"},\"thumbnailUrl\":\"https:\\\/\\\/shop.tritone-music.de\\\/wp-content\\\/uploads\\\/2025\\\/09\\\/Boss-DD7-1.jpg\",\"datePublished\":\"2025-09-25T13:22:30+00:00\",\"dateModified\":\"2026-02-11T08:11:55+00:00\",\"description\":\"Das BOSS DD-7 Digital-Delay besticht mit unglaublichen Features.\",\"breadcrumb\":{\"@id\":\"https:\\\/\\\/shop.tritone-music.de\\\/index.php\\\/produkt\\\/boss-dd-7-digital-delay-pedal\\\/#breadcrumb\"},\"inLanguage\":\"de\",\"potentialAction\":[{\"@type\":\"ReadAction\",\"target\":[\"https:\\\/\\\/shop.tritone-music.de\\\/index.php\\\/produkt\\\/boss-dd-7-digital-delay-pedal\\\/\"]}]},{\"@type\":\"ImageObject\",\"inLanguage\":\"de\",\"@id\":\"https:\\\/\\\/shop.tritone-music.de\\\/index.php\\\/produkt\\\/boss-dd-7-digital-delay-pedal\\\/#primaryimage\",\"url\":\"https:\\\/\\\/shop.tritone-music.de\\\/wp-content\\\/uploads\\\/2025\\\/09\\\/Boss-DD7-1.jpg\",\"contentUrl\":\"https:\\\/\\\/shop.tritone-music.de\\\/wp-content\\\/uploads\\\/2025\\\/09\\\/Boss-DD7-1.jpg\",\"width\":2560,\"height\":1709},{\"@type\":\"BreadcrumbList\",\"@id\":\"https:\\\/\\\/shop.tritone-music.de\\\/index.php\\\/produkt\\\/boss-dd-7-digital-delay-pedal\\\/#breadcrumb\",\"itemListElement\":[{\"@type\":\"ListItem\",\"position\":1,\"name\":\"Startseite\",\"item\":\"https:\\\/\\\/shop.tritone-music.de\\\/\"},{\"@type\":\"ListItem\",\"position\":2,\"name\":\"Shop\",\"item\":\"https:\\\/\\\/shop.tritone-music.de\\\/index.php\\\/shop\\\/\"},{\"@type\":\"ListItem\",\"position\":3,\"name\":\"BOSS DD-7 Digital Delay Pedal\"}]},{\"@type\":\"WebSite\",\"@id\":\"https:\\\/\\\/shop.tritone-music.de\\\/#website\",\"url\":\"https:\\\/\\\/shop.tritone-music.de\\\/\",\"name\":\"Tritone Music\",\"description\":\"guitar store\",\"publisher\":{\"@id\":\"https:\\\/\\\/shop.tritone-music.de\\\/#organization\"},\"potentialAction\":[{\"@type\":\"SearchAction\",\"target\":{\"@type\":\"EntryPoint\",\"urlTemplate\":\"https:\\\/\\\/shop.tritone-music.de\\\/?s={search_term_string}\"},\"query-input\":{\"@type\":\"PropertyValueSpecification\",\"valueRequired\":true,\"valueName\":\"search_term_string\"}}],\"inLanguage\":\"de\"},{\"@type\":\"Organization\",\"@id\":\"https:\\\/\\\/shop.tritone-music.de\\\/#organization\",\"name\":\"Tritone Music\",\"url\":\"https:\\\/\\\/shop.tritone-music.de\\\/\",\"logo\":{\"@type\":\"ImageObject\",\"inLanguage\":\"de\",\"@id\":\"https:\\\/\\\/shop.tritone-music.de\\\/#\\\/schema\\\/logo\\\/image\\\/\",\"url\":\"https:\\\/\\\/shop.tritone-music.de\\\/wp-content\\\/uploads\\\/2025\\\/09\\\/Tritone-Guitar-Logo-weiss.png\",\"contentUrl\":\"https:\\\/\\\/shop.tritone-music.de\\\/wp-content\\\/uploads\\\/2025\\\/09\\\/Tritone-Guitar-Logo-weiss.png\",\"width\":2308,\"height\":642,\"caption\":\"Tritone Music\"},\"image\":{\"@id\":\"https:\\\/\\\/shop.tritone-music.de\\\/#\\\/schema\\\/logo\\\/image\\\/\"}}]}<\/script>\n<!-- \/ Yoast SEO plugin. -->","yoast_head_json":{"title":"BOSS DD-7 Digital Delay Pedal - Tritone Music","description":"Das BOSS DD-7 Digital-Delay besticht mit unglaublichen Features.","robots":{"index":"index","follow":"follow","max-snippet":"max-snippet:-1","max-image-preview":"max-image-preview:large","max-video-preview":"max-video-preview:-1"},"canonical":"https:\/\/shop.tritone-music.de\/index.php\/produkt\/boss-dd-7-digital-delay-pedal\/","og_locale":"de_DE","og_type":"article","og_title":"BOSS DD-7 Digital Delay Pedal - Tritone Music","og_description":"Das BOSS DD-7 Digital-Delay besticht mit unglaublichen Features.","og_url":"https:\/\/shop.tritone-music.de\/index.php\/produkt\/boss-dd-7-digital-delay-pedal\/","og_site_name":"Tritone Music","article_modified_time":"2026-02-11T08:11:55+00:00","og_image":[{"width":2560,"height":1709,"url":"https:\/\/shop.tritone-music.de\/wp-content\/uploads\/2025\/09\/Boss-DD7-1.jpg","type":"image\/jpeg"}],"twitter_card":"summary_large_image","twitter_misc":{"Gesch\u00e4tzte Lesezeit":"2\u00a0Minuten"},"schema":{"@context":"https:\/\/schema.org","@graph":[{"@type":"WebPage","@id":"https:\/\/shop.tritone-music.de\/index.php\/produkt\/boss-dd-7-digital-delay-pedal\/","url":"https:\/\/shop.tritone-music.de\/index.php\/produkt\/boss-dd-7-digital-delay-pedal\/","name":"BOSS DD-7 Digital Delay Pedal - Tritone Music","isPartOf":{"@id":"https:\/\/shop.tritone-music.de\/#website"},"primaryImageOfPage":{"@id":"https:\/\/shop.tritone-music.de\/index.php\/produkt\/boss-dd-7-digital-delay-pedal\/#primaryimage"},"image":{"@id":"https:\/\/shop.tritone-music.de\/index.php\/produkt\/boss-dd-7-digital-delay-pedal\/#primaryimage"},"thumbnailUrl":"https:\/\/shop.tritone-music.de\/wp-content\/uploads\/2025\/09\/Boss-DD7-1.jpg","datePublished":"2025-09-25T13:22:30+00:00","dateModified":"2026-02-11T08:11:55+00:00","description":"Das BOSS DD-7 Digital-Delay besticht mit unglaublichen Features.","breadcrumb":{"@id":"https:\/\/shop.tritone-music.de\/index.php\/produkt\/boss-dd-7-digital-delay-pedal\/#breadcrumb"},"inLanguage":"de","potentialAction":[{"@type":"ReadAction","target":["https:\/\/shop.tritone-music.de\/index.php\/produkt\/boss-dd-7-digital-delay-pedal\/"]}]},{"@type":"ImageObject","inLanguage":"de","@id":"https:\/\/shop.tritone-music.de\/index.php\/produkt\/boss-dd-7-digital-delay-pedal\/#primaryimage","url":"https:\/\/shop.tritone-music.de\/wp-content\/uploads\/2025\/09\/Boss-DD7-1.jpg","contentUrl":"https:\/\/shop.tritone-music.de\/wp-content\/uploads\/2025\/09\/Boss-DD7-1.jpg","width":2560,"height":1709},{"@type":"BreadcrumbList","@id":"https:\/\/shop.tritone-music.de\/index.php\/produkt\/boss-dd-7-digital-delay-pedal\/#breadcrumb","itemListElement":[{"@type":"ListItem","position":1,"name":"Startseite","item":"https:\/\/shop.tritone-music.de\/"},{"@type":"ListItem","position":2,"name":"Shop","item":"https:\/\/shop.tritone-music.de\/index.php\/shop\/"},{"@type":"ListItem","position":3,"name":"BOSS DD-7 Digital Delay Pedal"}]},{"@type":"WebSite","@id":"https:\/\/shop.tritone-music.de\/#website","url":"https:\/\/shop.tritone-music.de\/","name":"Tritone Music","description":"guitar store","publisher":{"@id":"https:\/\/shop.tritone-music.de\/#organization"},"potentialAction":[{"@type":"SearchAction","target":{"@type":"EntryPoint","urlTemplate":"https:\/\/shop.tritone-music.de\/?s={search_term_string}"},"query-input":{"@type":"PropertyValueSpecification","valueRequired":true,"valueName":"search_term_string"}}],"inLanguage":"de"},{"@type":"Organization","@id":"https:\/\/shop.tritone-music.de\/#organization","name":"Tritone Music","url":"https:\/\/shop.tritone-music.de\/","logo":{"@type":"ImageObject","inLanguage":"de","@id":"https:\/\/shop.tritone-music.de\/#\/schema\/logo\/image\/","url":"https:\/\/shop.tritone-music.de\/wp-content\/uploads\/2025\/09\/Tritone-Guitar-Logo-weiss.png","contentUrl":"https:\/\/shop.tritone-music.de\/wp-content\/uploads\/2025\/09\/Tritone-Guitar-Logo-weiss.png","width":2308,"height":642,"caption":"Tritone Music"},"image":{"@id":"https:\/\/shop.tritone-music.de\/#\/schema\/logo\/image\/"}}]}},"jetpack_sharing_enabled":true,"_links":{"self":[{"href":"https:\/\/shop.tritone-music.de\/index.php\/wp-json\/wp\/v2\/product\/562","targetHints":{"allow":["GET"]}}],"collection":[{"href":"https:\/\/shop.tritone-music.de\/index.php\/wp-json\/wp\/v2\/product"}],"about":[{"href":"https:\/\/shop.tritone-music.de\/index.php\/wp-json\/wp\/v2\/types\/product"}],"replies":[{"embeddable":true,"href":"https:\/\/shop.tritone-music.de\/index.php\/wp-json\/wp\/v2\/comments?post=562"}],"wp:featuredmedia":[{"embeddable":true,"href":"https:\/\/shop.tritone-music.de\/index.php\/wp-json\/wp\/v2\/media\/566"}],"wp:attachment":[{"href":"https:\/\/shop.tritone-music.de\/index.php\/wp-json\/wp\/v2\/media?parent=562"}],"wp:term":[{"taxonomy":"product_brand","embeddable":true,"href":"https:\/\/shop.tritone-music.de\/index.php\/wp-json\/wp\/v2\/product_brand?post=562"},{"taxonomy":"product_cat","embeddable":true,"href":"https:\/\/shop.tritone-music.de\/index.php\/wp-json\/wp\/v2\/product_cat?post=562"},{"taxonomy":"product_tag","embeddable":true,"href":"https:\/\/shop.tritone-music.de\/index.php\/wp-json\/wp\/v2\/product_tag?post=562"}],"curies":[{"name":"wp","href":"https:\/\/api.w.org\/{rel}","templated":true}]}}