{"id":627,"date":"2025-10-02T06:29:30","date_gmt":"2025-10-02T06:29:30","guid":{"rendered":"https:\/\/shop.tritone-music.de\/?post_type=product&#038;p=627"},"modified":"2026-02-11T08:11:32","modified_gmt":"2026-02-11T08:11:32","slug":"boss-re-2-space-echo","status":"publish","type":"product","link":"https:\/\/shop.tritone-music.de\/index.php\/produkt\/boss-re-2-space-echo\/","title":{"rendered":"BOSS RE-2 Space Echo"},"content":{"rendered":"<p>BOSS RE-2 Space Echo \u2013 der originale Space Echo Sound in einem Kompaktpedal.<\/p>\n<p>Das 1974 eingef\u00fchrte und 14 Jahre ohne Unterbrechung produzierte Roland RE-201 Space Echo geh\u00f6rt zu den legend\u00e4rsten und begehrtesten Effektger\u00e4ten aller Zeiten. Der analoge Bandecho-Klassiker hat mit seinen rhythmischen, warmen Echo-Sounds und den charakteristischen, hochmusikalischen Macken und Eigenheiten Musiker, Produzenten und Tontechniker \u00fcber vier Jahrzehnte hinweg inspiriert.<br \/>\nMit dem RE-2 \u00fcbertr\u00e4gt BOSS den Sound und das Effektverhalten des Space Echo Originals erstmals in die ber\u00fchmte Kompaktpedal-Serie. Auf Basis intensiver Entwicklungsarbeit und neuer technologischer Innovationen liefert das RE-2 die begehrte Magie des RE-201 im kompakten Pedalboard-Format \u2013 bis ins letzte Detail nachgebildet von den Machern des Originals.<\/p>\n<p>Features:<\/p>\n<ul class=\"p-main-features__list\">\n<li>Authentische Sounds und Effekte aus dem legend\u00e4ren Roland RE-201 Space Echo in einem Kompaktpedal<\/li>\n<li>Klassischer Tape-Echo-Sound mit erweiterter Delay-Zeit<\/li>\n<li>Originale Konfiguration mit drei Wiedergabek\u00f6pfen f\u00fcr 11 unterschiedliche Sound-Kombinationen<\/li>\n<li>RE-201 Vintage-Federhall-Sound mit modernem Stereo-Betrieb<\/li>\n<li>Steuerung von Wow &amp; Flutter f\u00fcr das individuelle Hinzumischen einer nat\u00fcrlichen Bandmodulation<\/li>\n<li>Twist-Effekt, steuerbar \u00fcber Fu\u00dfschalter<\/li>\n<li>W\u00e4hle zwischen unbearbeitetem analogen Signal oder dem bearbeiteten Sound aus dem originalen Space Echo Preamp<\/li>\n<li>Tap-Tempo und Carryover-Funktion<\/li>\n<li>Physische Stereo-Ein- und Ausg\u00e4nge<\/li>\n<li>Erweiterbare Steuerung \u00fcber externe Fu\u00dftaster oder ein Expression-Pedal<\/li>\n<\/ul>\n","protected":false},"excerpt":{"rendered":"<p>Zustand: gebraucht \/ neuwertig<\/p>\n","protected":false},"featured_media":631,"comment_status":"open","ping_status":"closed","template":"","meta":{"site-sidebar-layout":"default","site-content-layout":"","ast-site-content-layout":"default","site-content-style":"default","site-sidebar-style":"default","ast-global-header-display":"","ast-banner-title-visibility":"","ast-main-header-display":"","ast-hfb-above-header-display":"","ast-hfb-below-header-display":"","ast-hfb-mobile-header-display":"","site-post-title":"","ast-breadcrumbs-content":"","ast-featured-img":"","footer-sml-layout":"","ast-disable-related-posts":"","theme-transparent-header-meta":"default","adv-header-id-meta":"","stick-header-meta":"","header-above-stick-meta":"","header-main-stick-meta":"","header-below-stick-meta":"","astra-migrate-meta-layouts":"set","ast-page-background-enabled":"default","ast-page-background-meta":{"desktop":{"background-color":"var(--ast-global-color-5)","background-image":"","background-repeat":"repeat","background-position":"center center","background-size":"auto","background-attachment":"scroll","background-type":"","background-media":"","overlay-type":"","overlay-color":"","overlay-opacity":"","overlay-gradient":""},"tablet":{"background-color":"","background-image":"","background-repeat":"repeat","background-position":"center center","background-size":"auto","background-attachment":"scroll","background-type":"","background-media":"","overlay-type":"","overlay-color":"","overlay-opacity":"","overlay-gradient":""},"mobile":{"background-color":"","background-image":"","background-repeat":"repeat","background-position":"center center","background-size":"auto","background-attachment":"scroll","background-type":"","background-media":"","overlay-type":"","overlay-color":"","overlay-opacity":"","overlay-gradient":""}},"ast-content-background-meta":{"desktop":{"background-color":"var(--ast-global-color-4)","background-image":"","background-repeat":"repeat","background-position":"center center","background-size":"auto","background-attachment":"scroll","background-type":"","background-media":"","overlay-type":"","overlay-color":"","overlay-opacity":"","overlay-gradient":""},"tablet":{"background-color":"var(--ast-global-color-4)","background-image":"","background-repeat":"repeat","background-position":"center center","background-size":"auto","background-attachment":"scroll","background-type":"","background-media":"","overlay-type":"","overlay-color":"","overlay-opacity":"","overlay-gradient":""},"mobile":{"background-color":"var(--ast-global-color-4)","background-image":"","background-repeat":"repeat","background-position":"center center","background-size":"auto","background-attachment":"scroll","background-type":"","background-media":"","overlay-type":"","overlay-color":"","overlay-opacity":"","overlay-gradient":""}}},"product_brand":[190],"product_cat":[485],"product_tag":[213,191,201,210,211,212],"class_list":{"0":"post-627","1":"product","2":"type-product","3":"status-publish","4":"has-post-thumbnail","6":"product_brand-boss","7":"product_cat-sold","8":"product_tag-reverb","9":"product_tag-boss","10":"product_tag-delay","11":"product_tag-re-2","12":"product_tag-space","13":"product_tag-echo","14":"product_shipping_class-effektgeraete-zubehoer-differenz","15":"desktop-align-left","16":"tablet-align-left","17":"mobile-align-left","19":"first","20":"outofstock","21":"sold-individually","22":"purchasable","23":"product-type-simple"},"yoast_head":"<!-- This site is optimized with the Yoast SEO plugin v27.3 - https:\/\/yoast.com\/product\/yoast-seo-wordpress\/ -->\n<title>BOSS RE-2 Space Echo - Tritone Music<\/title>\n<meta name=\"description\" content=\"BOSS RE-2 Space Echo \u2013 der originale Space Echo Sound in einem Kompaktpedal.\" \/>\n<meta name=\"robots\" content=\"index, follow, max-snippet:-1, max-image-preview:large, max-video-preview:-1\" \/>\n<link rel=\"canonical\" href=\"https:\/\/shop.tritone-music.de\/index.php\/produkt\/boss-re-2-space-echo\/\" \/>\n<meta property=\"og:locale\" content=\"de_DE\" \/>\n<meta property=\"og:type\" content=\"article\" \/>\n<meta property=\"og:title\" content=\"BOSS RE-2 Space Echo - Tritone Music\" \/>\n<meta property=\"og:description\" content=\"BOSS RE-2 Space Echo \u2013 der originale Space Echo Sound in einem Kompaktpedal.\" \/>\n<meta property=\"og:url\" content=\"https:\/\/shop.tritone-music.de\/index.php\/produkt\/boss-re-2-space-echo\/\" \/>\n<meta property=\"og:site_name\" content=\"Tritone Music\" \/>\n<meta property=\"article:modified_time\" content=\"2026-02-11T08:11:32+00:00\" \/>\n<meta property=\"og:image\" content=\"https:\/\/shop.tritone-music.de\/wp-content\/uploads\/2025\/10\/Boss-RE2-1.jpg\" \/>\n\t<meta property=\"og:image:width\" content=\"2560\" \/>\n\t<meta property=\"og:image:height\" content=\"1709\" \/>\n\t<meta property=\"og:image:type\" content=\"image\/jpeg\" \/>\n<meta name=\"twitter:card\" content=\"summary_large_image\" \/>\n<meta name=\"twitter:label1\" content=\"Gesch\u00e4tzte Lesezeit\" \/>\n\t<meta name=\"twitter:data1\" content=\"2\u00a0Minuten\" \/>\n<script type=\"application\/ld+json\" class=\"yoast-schema-graph\">{\"@context\":\"https:\\\/\\\/schema.org\",\"@graph\":[{\"@type\":\"WebPage\",\"@id\":\"https:\\\/\\\/shop.tritone-music.de\\\/index.php\\\/produkt\\\/boss-re-2-space-echo\\\/\",\"url\":\"https:\\\/\\\/shop.tritone-music.de\\\/index.php\\\/produkt\\\/boss-re-2-space-echo\\\/\",\"name\":\"BOSS RE-2 Space Echo - Tritone Music\",\"isPartOf\":{\"@id\":\"https:\\\/\\\/shop.tritone-music.de\\\/#website\"},\"primaryImageOfPage\":{\"@id\":\"https:\\\/\\\/shop.tritone-music.de\\\/index.php\\\/produkt\\\/boss-re-2-space-echo\\\/#primaryimage\"},\"image\":{\"@id\":\"https:\\\/\\\/shop.tritone-music.de\\\/index.php\\\/produkt\\\/boss-re-2-space-echo\\\/#primaryimage\"},\"thumbnailUrl\":\"https:\\\/\\\/shop.tritone-music.de\\\/wp-content\\\/uploads\\\/2025\\\/10\\\/Boss-RE2-1.jpg\",\"datePublished\":\"2025-10-02T06:29:30+00:00\",\"dateModified\":\"2026-02-11T08:11:32+00:00\",\"description\":\"BOSS RE-2 Space Echo \u2013 der originale Space Echo Sound in einem Kompaktpedal.\",\"breadcrumb\":{\"@id\":\"https:\\\/\\\/shop.tritone-music.de\\\/index.php\\\/produkt\\\/boss-re-2-space-echo\\\/#breadcrumb\"},\"inLanguage\":\"de\",\"potentialAction\":[{\"@type\":\"ReadAction\",\"target\":[\"https:\\\/\\\/shop.tritone-music.de\\\/index.php\\\/produkt\\\/boss-re-2-space-echo\\\/\"]}]},{\"@type\":\"ImageObject\",\"inLanguage\":\"de\",\"@id\":\"https:\\\/\\\/shop.tritone-music.de\\\/index.php\\\/produkt\\\/boss-re-2-space-echo\\\/#primaryimage\",\"url\":\"https:\\\/\\\/shop.tritone-music.de\\\/wp-content\\\/uploads\\\/2025\\\/10\\\/Boss-RE2-1.jpg\",\"contentUrl\":\"https:\\\/\\\/shop.tritone-music.de\\\/wp-content\\\/uploads\\\/2025\\\/10\\\/Boss-RE2-1.jpg\",\"width\":2560,\"height\":1709},{\"@type\":\"BreadcrumbList\",\"@id\":\"https:\\\/\\\/shop.tritone-music.de\\\/index.php\\\/produkt\\\/boss-re-2-space-echo\\\/#breadcrumb\",\"itemListElement\":[{\"@type\":\"ListItem\",\"position\":1,\"name\":\"Startseite\",\"item\":\"https:\\\/\\\/shop.tritone-music.de\\\/\"},{\"@type\":\"ListItem\",\"position\":2,\"name\":\"Shop\",\"item\":\"https:\\\/\\\/shop.tritone-music.de\\\/index.php\\\/shop\\\/\"},{\"@type\":\"ListItem\",\"position\":3,\"name\":\"BOSS RE-2 Space Echo\"}]},{\"@type\":\"WebSite\",\"@id\":\"https:\\\/\\\/shop.tritone-music.de\\\/#website\",\"url\":\"https:\\\/\\\/shop.tritone-music.de\\\/\",\"name\":\"Tritone Music\",\"description\":\"guitar store\",\"publisher\":{\"@id\":\"https:\\\/\\\/shop.tritone-music.de\\\/#organization\"},\"potentialAction\":[{\"@type\":\"SearchAction\",\"target\":{\"@type\":\"EntryPoint\",\"urlTemplate\":\"https:\\\/\\\/shop.tritone-music.de\\\/?s={search_term_string}\"},\"query-input\":{\"@type\":\"PropertyValueSpecification\",\"valueRequired\":true,\"valueName\":\"search_term_string\"}}],\"inLanguage\":\"de\"},{\"@type\":\"Organization\",\"@id\":\"https:\\\/\\\/shop.tritone-music.de\\\/#organization\",\"name\":\"Tritone Music\",\"url\":\"https:\\\/\\\/shop.tritone-music.de\\\/\",\"logo\":{\"@type\":\"ImageObject\",\"inLanguage\":\"de\",\"@id\":\"https:\\\/\\\/shop.tritone-music.de\\\/#\\\/schema\\\/logo\\\/image\\\/\",\"url\":\"https:\\\/\\\/shop.tritone-music.de\\\/wp-content\\\/uploads\\\/2025\\\/09\\\/Tritone-Guitar-Logo-weiss.png\",\"contentUrl\":\"https:\\\/\\\/shop.tritone-music.de\\\/wp-content\\\/uploads\\\/2025\\\/09\\\/Tritone-Guitar-Logo-weiss.png\",\"width\":2308,\"height\":642,\"caption\":\"Tritone Music\"},\"image\":{\"@id\":\"https:\\\/\\\/shop.tritone-music.de\\\/#\\\/schema\\\/logo\\\/image\\\/\"}}]}<\/script>\n<!-- \/ Yoast SEO plugin. -->","yoast_head_json":{"title":"BOSS RE-2 Space Echo - Tritone Music","description":"BOSS RE-2 Space Echo \u2013 der originale Space Echo Sound in einem Kompaktpedal.","robots":{"index":"index","follow":"follow","max-snippet":"max-snippet:-1","max-image-preview":"max-image-preview:large","max-video-preview":"max-video-preview:-1"},"canonical":"https:\/\/shop.tritone-music.de\/index.php\/produkt\/boss-re-2-space-echo\/","og_locale":"de_DE","og_type":"article","og_title":"BOSS RE-2 Space Echo - Tritone Music","og_description":"BOSS RE-2 Space Echo \u2013 der originale Space Echo Sound in einem Kompaktpedal.","og_url":"https:\/\/shop.tritone-music.de\/index.php\/produkt\/boss-re-2-space-echo\/","og_site_name":"Tritone Music","article_modified_time":"2026-02-11T08:11:32+00:00","og_image":[{"width":2560,"height":1709,"url":"https:\/\/shop.tritone-music.de\/wp-content\/uploads\/2025\/10\/Boss-RE2-1.jpg","type":"image\/jpeg"}],"twitter_card":"summary_large_image","twitter_misc":{"Gesch\u00e4tzte Lesezeit":"2\u00a0Minuten"},"schema":{"@context":"https:\/\/schema.org","@graph":[{"@type":"WebPage","@id":"https:\/\/shop.tritone-music.de\/index.php\/produkt\/boss-re-2-space-echo\/","url":"https:\/\/shop.tritone-music.de\/index.php\/produkt\/boss-re-2-space-echo\/","name":"BOSS RE-2 Space Echo - Tritone Music","isPartOf":{"@id":"https:\/\/shop.tritone-music.de\/#website"},"primaryImageOfPage":{"@id":"https:\/\/shop.tritone-music.de\/index.php\/produkt\/boss-re-2-space-echo\/#primaryimage"},"image":{"@id":"https:\/\/shop.tritone-music.de\/index.php\/produkt\/boss-re-2-space-echo\/#primaryimage"},"thumbnailUrl":"https:\/\/shop.tritone-music.de\/wp-content\/uploads\/2025\/10\/Boss-RE2-1.jpg","datePublished":"2025-10-02T06:29:30+00:00","dateModified":"2026-02-11T08:11:32+00:00","description":"BOSS RE-2 Space Echo \u2013 der originale Space Echo Sound in einem Kompaktpedal.","breadcrumb":{"@id":"https:\/\/shop.tritone-music.de\/index.php\/produkt\/boss-re-2-space-echo\/#breadcrumb"},"inLanguage":"de","potentialAction":[{"@type":"ReadAction","target":["https:\/\/shop.tritone-music.de\/index.php\/produkt\/boss-re-2-space-echo\/"]}]},{"@type":"ImageObject","inLanguage":"de","@id":"https:\/\/shop.tritone-music.de\/index.php\/produkt\/boss-re-2-space-echo\/#primaryimage","url":"https:\/\/shop.tritone-music.de\/wp-content\/uploads\/2025\/10\/Boss-RE2-1.jpg","contentUrl":"https:\/\/shop.tritone-music.de\/wp-content\/uploads\/2025\/10\/Boss-RE2-1.jpg","width":2560,"height":1709},{"@type":"BreadcrumbList","@id":"https:\/\/shop.tritone-music.de\/index.php\/produkt\/boss-re-2-space-echo\/#breadcrumb","itemListElement":[{"@type":"ListItem","position":1,"name":"Startseite","item":"https:\/\/shop.tritone-music.de\/"},{"@type":"ListItem","position":2,"name":"Shop","item":"https:\/\/shop.tritone-music.de\/index.php\/shop\/"},{"@type":"ListItem","position":3,"name":"BOSS RE-2 Space Echo"}]},{"@type":"WebSite","@id":"https:\/\/shop.tritone-music.de\/#website","url":"https:\/\/shop.tritone-music.de\/","name":"Tritone Music","description":"guitar store","publisher":{"@id":"https:\/\/shop.tritone-music.de\/#organization"},"potentialAction":[{"@type":"SearchAction","target":{"@type":"EntryPoint","urlTemplate":"https:\/\/shop.tritone-music.de\/?s={search_term_string}"},"query-input":{"@type":"PropertyValueSpecification","valueRequired":true,"valueName":"search_term_string"}}],"inLanguage":"de"},{"@type":"Organization","@id":"https:\/\/shop.tritone-music.de\/#organization","name":"Tritone Music","url":"https:\/\/shop.tritone-music.de\/","logo":{"@type":"ImageObject","inLanguage":"de","@id":"https:\/\/shop.tritone-music.de\/#\/schema\/logo\/image\/","url":"https:\/\/shop.tritone-music.de\/wp-content\/uploads\/2025\/09\/Tritone-Guitar-Logo-weiss.png","contentUrl":"https:\/\/shop.tritone-music.de\/wp-content\/uploads\/2025\/09\/Tritone-Guitar-Logo-weiss.png","width":2308,"height":642,"caption":"Tritone Music"},"image":{"@id":"https:\/\/shop.tritone-music.de\/#\/schema\/logo\/image\/"}}]}},"jetpack_sharing_enabled":true,"_links":{"self":[{"href":"https:\/\/shop.tritone-music.de\/index.php\/wp-json\/wp\/v2\/product\/627","targetHints":{"allow":["GET"]}}],"collection":[{"href":"https:\/\/shop.tritone-music.de\/index.php\/wp-json\/wp\/v2\/product"}],"about":[{"href":"https:\/\/shop.tritone-music.de\/index.php\/wp-json\/wp\/v2\/types\/product"}],"replies":[{"embeddable":true,"href":"https:\/\/shop.tritone-music.de\/index.php\/wp-json\/wp\/v2\/comments?post=627"}],"wp:featuredmedia":[{"embeddable":true,"href":"https:\/\/shop.tritone-music.de\/index.php\/wp-json\/wp\/v2\/media\/631"}],"wp:attachment":[{"href":"https:\/\/shop.tritone-music.de\/index.php\/wp-json\/wp\/v2\/media?parent=627"}],"wp:term":[{"taxonomy":"product_brand","embeddable":true,"href":"https:\/\/shop.tritone-music.de\/index.php\/wp-json\/wp\/v2\/product_brand?post=627"},{"taxonomy":"product_cat","embeddable":true,"href":"https:\/\/shop.tritone-music.de\/index.php\/wp-json\/wp\/v2\/product_cat?post=627"},{"taxonomy":"product_tag","embeddable":true,"href":"https:\/\/shop.tritone-music.de\/index.php\/wp-json\/wp\/v2\/product_tag?post=627"}],"curies":[{"name":"wp","href":"https:\/\/api.w.org\/{rel}","templated":true}]}}