{"id":655,"date":"2025-10-07T06:58:36","date_gmt":"2025-10-07T06:58:36","guid":{"rendered":"https:\/\/shop.tritone-music.de\/?post_type=product&#038;p=655"},"modified":"2025-10-07T10:31:30","modified_gmt":"2025-10-07T10:31:30","slug":"evh-5150-iii-15w-lbx-top","status":"publish","type":"product","link":"https:\/\/shop.tritone-music.de\/index.php\/produkt\/evh-5150-iii-15w-lbx-top\/","title":{"rendered":"EVH 5150 III 15W LBX Top"},"content":{"rendered":"<p data-start=\"55\" data-end=\"308\">Der EVH 5150III\u00ae 15W LBX ist ein leicht tragbares \u201eLunchbox\u201c-Gitarrenverst\u00e4rker-Topteil. Lasst euch jedoch nicht von dessen geringer Gr\u00f6\u00dfe t\u00e4uschen \u2013 es steckt randvoll mit durchsetzungsstarkem Sound!<\/p>\n<p data-start=\"310\" data-end=\"762\">Ausgestattet mit f\u00fcnf ECC83S (12AX7) und zwei EL84-R\u00f6hren liefert er einen unglaublichen High-Gain-Sound. Zwei flexible Kan\u00e4le \u2013 der ber\u00fchmte EVH Blue \u201eCrunch\u201c und Red \u201eFull Burn\u201c \u2013 kombiniert mit den vertrauten Reglern f\u00fcr B\u00e4sse, Mitten, H\u00f6hen und Presence sowie einem 1\/4-Leistungsschalter erm\u00f6glichen es dir, deinen eigenen brachialen \u201eBrown Sound\u201c ohne Variac ganz einfach einzustellen.<\/p>\n<p data-start=\"764\" data-end=\"1002\">Dreh dir einen fetten Crunch f\u00fcr deine Rhythmusarbeit rein \u2013 und wenn es Zeit f\u00fcr ein Gesicht-schmelzendes Solo ist, tritt einfach auf den mitgelieferten Fu\u00dfschalter, um einen intensiven Lead-Sound mit langem, singendem Sustain abzurufen.<\/p>\n<p>Specs:<\/p>\n<p>GENERAL<\/p>\n<p>Amplifier Type: Tube<\/p>\n<p>Cabinet Material: Aluminum\/Steel Chassis<\/p>\n<p>Measurements: Height -17.8 cm, Width: 31.2 cm; Depth &#8211; 15.3 cm<\/p>\n<p>Weight: 6.80 kg<\/p>\n<p>Color: Black and White<\/p>\n<p>TUBES<\/p>\n<p>Preamp Tubes: 5 x JJ ECC83S (12AX7)<\/p>\n<p>Power Tubes: 2 x JJ EL84<\/p>\n<p>ELECTRONICS<\/p>\n<p>Controls: Shared Gain, Low, Mid, High, Dual Volume, Presence, Resonance<\/p>\n<p>Channels: Two &#8211; (Blue) Crunch \/ (Red) Full Burn<\/p>\n<p>Voltage: 230V<\/p>\n<p>Wattage: 15 Watts<\/p>\n<p>Effects Loop: 1\/4\u201c (Send\/Return)<\/p>\n<p>Inputs: One &#8211; 1\/4&#8243;<\/p>\n<p>Speaker Jack: One &#8211; 1\/4&#8243;<\/p>\n<p>Rectifier: Solid State<\/p>\n<p>Total Impedance: 4, 8, or 16 ohms<\/p>\n<p>Power Cable: IEC<\/p>\n<p>HARDWARE<\/p>\n<p>Control Knobs: White Chicken-Head Style Pointer<\/p>\n<p>Handle: Vinyl with Metal Insert and Black End Caps<\/p>\n<p>ACCESSORIES<\/p>\n<p>Footswitch: 1-Button Footswitch Included<\/p>\n<p>Footswitch Connection Type: 1\/4\u201c<\/p>\n","protected":false},"excerpt":{"rendered":"<p>Zustand: gebraucht \/ neuwertig<\/p>\n<p><span style=\"font-size: 16px;\">inkl. Fu\u00dfschalter\/ Netzteil \/ Manual \/ OVP<\/span><\/p>\n","protected":false},"featured_media":660,"comment_status":"open","ping_status":"closed","template":"","meta":{"site-sidebar-layout":"default","site-content-layout":"","ast-site-content-layout":"default","site-content-style":"default","site-sidebar-style":"default","ast-global-header-display":"","ast-banner-title-visibility":"","ast-main-header-display":"","ast-hfb-above-header-display":"","ast-hfb-below-header-display":"","ast-hfb-mobile-header-display":"","site-post-title":"","ast-breadcrumbs-content":"","ast-featured-img":"","footer-sml-layout":"","ast-disable-related-posts":"","theme-transparent-header-meta":"default","adv-header-id-meta":"","stick-header-meta":"","header-above-stick-meta":"","header-main-stick-meta":"","header-below-stick-meta":"","astra-migrate-meta-layouts":"set","ast-page-background-enabled":"default","ast-page-background-meta":{"desktop":{"background-color":"var(--ast-global-color-5)","background-image":"","background-repeat":"repeat","background-position":"center center","background-size":"auto","background-attachment":"scroll","background-type":"","background-media":"","overlay-type":"","overlay-color":"","overlay-opacity":"","overlay-gradient":""},"tablet":{"background-color":"","background-image":"","background-repeat":"repeat","background-position":"center center","background-size":"auto","background-attachment":"scroll","background-type":"","background-media":"","overlay-type":"","overlay-color":"","overlay-opacity":"","overlay-gradient":""},"mobile":{"background-color":"","background-image":"","background-repeat":"repeat","background-position":"center center","background-size":"auto","background-attachment":"scroll","background-type":"","background-media":"","overlay-type":"","overlay-color":"","overlay-opacity":"","overlay-gradient":""}},"ast-content-background-meta":{"desktop":{"background-color":"var(--ast-global-color-4)","background-image":"","background-repeat":"repeat","background-position":"center center","background-size":"auto","background-attachment":"scroll","background-type":"","background-media":"","overlay-type":"","overlay-color":"","overlay-opacity":"","overlay-gradient":""},"tablet":{"background-color":"var(--ast-global-color-4)","background-image":"","background-repeat":"repeat","background-position":"center center","background-size":"auto","background-attachment":"scroll","background-type":"","background-media":"","overlay-type":"","overlay-color":"","overlay-opacity":"","overlay-gradient":""},"mobile":{"background-color":"var(--ast-global-color-4)","background-image":"","background-repeat":"repeat","background-position":"center center","background-size":"auto","background-attachment":"scroll","background-type":"","background-media":"","overlay-type":"","overlay-color":"","overlay-opacity":"","overlay-gradient":""}}},"product_brand":[219],"product_cat":[85,89],"product_tag":[224,225,226,220,221,222,223],"class_list":{"0":"post-655","1":"product","2":"type-product","3":"status-publish","4":"has-post-thumbnail","6":"product_brand-evh","7":"product_cat-amps","8":"product_cat-store","9":"product_tag-van-halen","10":"product_tag-lunchbox","11":"product_tag-topteil","12":"product_tag-evh","13":"product_tag-221","14":"product_tag-iii","15":"product_tag-eddie","16":"product_shipping_class-verstaerker-klein-differenz","17":"desktop-align-left","18":"tablet-align-left","19":"mobile-align-left","21":"first","22":"instock","23":"sold-individually","24":"purchasable","25":"product-type-simple"},"yoast_head":"<!-- This site is optimized with the Yoast SEO plugin v27.3 - https:\/\/yoast.com\/product\/yoast-seo-wordpress\/ -->\n<title>EVH 5150 III 15W LBX Top - Tritone Music<\/title>\n<meta name=\"description\" content=\"Der EVH 5150 III 15W LBX ist ein leicht tragbares \u201eLunchbox\u201c-Gitarrenverst\u00e4rker-Topteil. Lass dich jedoch nicht von seiner geringen Gr\u00f6\u00dfe t\u00e4uschen \u2013 es steckt randvoll mit durchsetzungsstarkem Sound!\" \/>\n<meta name=\"robots\" content=\"index, follow, max-snippet:-1, max-image-preview:large, max-video-preview:-1\" \/>\n<link rel=\"canonical\" href=\"https:\/\/shop.tritone-music.de\/index.php\/produkt\/evh-5150-iii-15w-lbx-top\/\" \/>\n<meta property=\"og:locale\" content=\"de_DE\" \/>\n<meta property=\"og:type\" content=\"article\" \/>\n<meta property=\"og:title\" content=\"EVH 5150 III 15W LBX Top - Tritone Music\" \/>\n<meta property=\"og:description\" content=\"Der EVH 5150 III 15W LBX ist ein leicht tragbares \u201eLunchbox\u201c-Gitarrenverst\u00e4rker-Topteil. Lass dich jedoch nicht von seiner geringen Gr\u00f6\u00dfe t\u00e4uschen \u2013 es steckt randvoll mit durchsetzungsstarkem Sound!\" \/>\n<meta property=\"og:url\" content=\"https:\/\/shop.tritone-music.de\/index.php\/produkt\/evh-5150-iii-15w-lbx-top\/\" \/>\n<meta property=\"og:site_name\" content=\"Tritone Music\" \/>\n<meta property=\"article:modified_time\" content=\"2025-10-07T10:31:30+00:00\" \/>\n<meta property=\"og:image\" content=\"https:\/\/shop.tritone-music.de\/wp-content\/uploads\/2025\/10\/EVH-5150-III-1.jpg\" \/>\n\t<meta property=\"og:image:width\" content=\"2560\" \/>\n\t<meta property=\"og:image:height\" content=\"1709\" \/>\n\t<meta property=\"og:image:type\" content=\"image\/jpeg\" \/>\n<meta name=\"twitter:card\" content=\"summary_large_image\" \/>\n<meta name=\"twitter:label1\" content=\"Gesch\u00e4tzte Lesezeit\" \/>\n\t<meta name=\"twitter:data1\" content=\"2\u00a0Minuten\" \/>\n<script type=\"application\/ld+json\" class=\"yoast-schema-graph\">{\"@context\":\"https:\\\/\\\/schema.org\",\"@graph\":[{\"@type\":\"WebPage\",\"@id\":\"https:\\\/\\\/shop.tritone-music.de\\\/index.php\\\/produkt\\\/evh-5150-iii-15w-lbx-top\\\/\",\"url\":\"https:\\\/\\\/shop.tritone-music.de\\\/index.php\\\/produkt\\\/evh-5150-iii-15w-lbx-top\\\/\",\"name\":\"EVH 5150 III 15W LBX Top - Tritone Music\",\"isPartOf\":{\"@id\":\"https:\\\/\\\/shop.tritone-music.de\\\/#website\"},\"primaryImageOfPage\":{\"@id\":\"https:\\\/\\\/shop.tritone-music.de\\\/index.php\\\/produkt\\\/evh-5150-iii-15w-lbx-top\\\/#primaryimage\"},\"image\":{\"@id\":\"https:\\\/\\\/shop.tritone-music.de\\\/index.php\\\/produkt\\\/evh-5150-iii-15w-lbx-top\\\/#primaryimage\"},\"thumbnailUrl\":\"https:\\\/\\\/shop.tritone-music.de\\\/wp-content\\\/uploads\\\/2025\\\/10\\\/EVH-5150-III-1.jpg\",\"datePublished\":\"2025-10-07T06:58:36+00:00\",\"dateModified\":\"2025-10-07T10:31:30+00:00\",\"description\":\"Der EVH 5150 III 15W LBX ist ein leicht tragbares \u201eLunchbox\u201c-Gitarrenverst\u00e4rker-Topteil. Lass dich jedoch nicht von seiner geringen Gr\u00f6\u00dfe t\u00e4uschen \u2013 es steckt randvoll mit durchsetzungsstarkem Sound!\",\"breadcrumb\":{\"@id\":\"https:\\\/\\\/shop.tritone-music.de\\\/index.php\\\/produkt\\\/evh-5150-iii-15w-lbx-top\\\/#breadcrumb\"},\"inLanguage\":\"de\",\"potentialAction\":[{\"@type\":\"ReadAction\",\"target\":[\"https:\\\/\\\/shop.tritone-music.de\\\/index.php\\\/produkt\\\/evh-5150-iii-15w-lbx-top\\\/\"]}]},{\"@type\":\"ImageObject\",\"inLanguage\":\"de\",\"@id\":\"https:\\\/\\\/shop.tritone-music.de\\\/index.php\\\/produkt\\\/evh-5150-iii-15w-lbx-top\\\/#primaryimage\",\"url\":\"https:\\\/\\\/shop.tritone-music.de\\\/wp-content\\\/uploads\\\/2025\\\/10\\\/EVH-5150-III-1.jpg\",\"contentUrl\":\"https:\\\/\\\/shop.tritone-music.de\\\/wp-content\\\/uploads\\\/2025\\\/10\\\/EVH-5150-III-1.jpg\",\"width\":2560,\"height\":1709},{\"@type\":\"BreadcrumbList\",\"@id\":\"https:\\\/\\\/shop.tritone-music.de\\\/index.php\\\/produkt\\\/evh-5150-iii-15w-lbx-top\\\/#breadcrumb\",\"itemListElement\":[{\"@type\":\"ListItem\",\"position\":1,\"name\":\"Startseite\",\"item\":\"https:\\\/\\\/shop.tritone-music.de\\\/\"},{\"@type\":\"ListItem\",\"position\":2,\"name\":\"Shop\",\"item\":\"https:\\\/\\\/shop.tritone-music.de\\\/index.php\\\/shop\\\/\"},{\"@type\":\"ListItem\",\"position\":3,\"name\":\"EVH 5150 III 15W LBX Top\"}]},{\"@type\":\"WebSite\",\"@id\":\"https:\\\/\\\/shop.tritone-music.de\\\/#website\",\"url\":\"https:\\\/\\\/shop.tritone-music.de\\\/\",\"name\":\"Tritone Music\",\"description\":\"guitar store\",\"publisher\":{\"@id\":\"https:\\\/\\\/shop.tritone-music.de\\\/#organization\"},\"potentialAction\":[{\"@type\":\"SearchAction\",\"target\":{\"@type\":\"EntryPoint\",\"urlTemplate\":\"https:\\\/\\\/shop.tritone-music.de\\\/?s={search_term_string}\"},\"query-input\":{\"@type\":\"PropertyValueSpecification\",\"valueRequired\":true,\"valueName\":\"search_term_string\"}}],\"inLanguage\":\"de\"},{\"@type\":\"Organization\",\"@id\":\"https:\\\/\\\/shop.tritone-music.de\\\/#organization\",\"name\":\"Tritone Music\",\"url\":\"https:\\\/\\\/shop.tritone-music.de\\\/\",\"logo\":{\"@type\":\"ImageObject\",\"inLanguage\":\"de\",\"@id\":\"https:\\\/\\\/shop.tritone-music.de\\\/#\\\/schema\\\/logo\\\/image\\\/\",\"url\":\"https:\\\/\\\/shop.tritone-music.de\\\/wp-content\\\/uploads\\\/2025\\\/09\\\/Tritone-Guitar-Logo-weiss.png\",\"contentUrl\":\"https:\\\/\\\/shop.tritone-music.de\\\/wp-content\\\/uploads\\\/2025\\\/09\\\/Tritone-Guitar-Logo-weiss.png\",\"width\":2308,\"height\":642,\"caption\":\"Tritone Music\"},\"image\":{\"@id\":\"https:\\\/\\\/shop.tritone-music.de\\\/#\\\/schema\\\/logo\\\/image\\\/\"}}]}<\/script>\n<!-- \/ Yoast SEO plugin. -->","yoast_head_json":{"title":"EVH 5150 III 15W LBX Top - Tritone Music","description":"Der EVH 5150 III 15W LBX ist ein leicht tragbares \u201eLunchbox\u201c-Gitarrenverst\u00e4rker-Topteil. Lass dich jedoch nicht von seiner geringen Gr\u00f6\u00dfe t\u00e4uschen \u2013 es steckt randvoll mit durchsetzungsstarkem Sound!","robots":{"index":"index","follow":"follow","max-snippet":"max-snippet:-1","max-image-preview":"max-image-preview:large","max-video-preview":"max-video-preview:-1"},"canonical":"https:\/\/shop.tritone-music.de\/index.php\/produkt\/evh-5150-iii-15w-lbx-top\/","og_locale":"de_DE","og_type":"article","og_title":"EVH 5150 III 15W LBX Top - Tritone Music","og_description":"Der EVH 5150 III 15W LBX ist ein leicht tragbares \u201eLunchbox\u201c-Gitarrenverst\u00e4rker-Topteil. Lass dich jedoch nicht von seiner geringen Gr\u00f6\u00dfe t\u00e4uschen \u2013 es steckt randvoll mit durchsetzungsstarkem Sound!","og_url":"https:\/\/shop.tritone-music.de\/index.php\/produkt\/evh-5150-iii-15w-lbx-top\/","og_site_name":"Tritone Music","article_modified_time":"2025-10-07T10:31:30+00:00","og_image":[{"width":2560,"height":1709,"url":"https:\/\/shop.tritone-music.de\/wp-content\/uploads\/2025\/10\/EVH-5150-III-1.jpg","type":"image\/jpeg"}],"twitter_card":"summary_large_image","twitter_misc":{"Gesch\u00e4tzte Lesezeit":"2\u00a0Minuten"},"schema":{"@context":"https:\/\/schema.org","@graph":[{"@type":"WebPage","@id":"https:\/\/shop.tritone-music.de\/index.php\/produkt\/evh-5150-iii-15w-lbx-top\/","url":"https:\/\/shop.tritone-music.de\/index.php\/produkt\/evh-5150-iii-15w-lbx-top\/","name":"EVH 5150 III 15W LBX Top - Tritone Music","isPartOf":{"@id":"https:\/\/shop.tritone-music.de\/#website"},"primaryImageOfPage":{"@id":"https:\/\/shop.tritone-music.de\/index.php\/produkt\/evh-5150-iii-15w-lbx-top\/#primaryimage"},"image":{"@id":"https:\/\/shop.tritone-music.de\/index.php\/produkt\/evh-5150-iii-15w-lbx-top\/#primaryimage"},"thumbnailUrl":"https:\/\/shop.tritone-music.de\/wp-content\/uploads\/2025\/10\/EVH-5150-III-1.jpg","datePublished":"2025-10-07T06:58:36+00:00","dateModified":"2025-10-07T10:31:30+00:00","description":"Der EVH 5150 III 15W LBX ist ein leicht tragbares \u201eLunchbox\u201c-Gitarrenverst\u00e4rker-Topteil. Lass dich jedoch nicht von seiner geringen Gr\u00f6\u00dfe t\u00e4uschen \u2013 es steckt randvoll mit durchsetzungsstarkem Sound!","breadcrumb":{"@id":"https:\/\/shop.tritone-music.de\/index.php\/produkt\/evh-5150-iii-15w-lbx-top\/#breadcrumb"},"inLanguage":"de","potentialAction":[{"@type":"ReadAction","target":["https:\/\/shop.tritone-music.de\/index.php\/produkt\/evh-5150-iii-15w-lbx-top\/"]}]},{"@type":"ImageObject","inLanguage":"de","@id":"https:\/\/shop.tritone-music.de\/index.php\/produkt\/evh-5150-iii-15w-lbx-top\/#primaryimage","url":"https:\/\/shop.tritone-music.de\/wp-content\/uploads\/2025\/10\/EVH-5150-III-1.jpg","contentUrl":"https:\/\/shop.tritone-music.de\/wp-content\/uploads\/2025\/10\/EVH-5150-III-1.jpg","width":2560,"height":1709},{"@type":"BreadcrumbList","@id":"https:\/\/shop.tritone-music.de\/index.php\/produkt\/evh-5150-iii-15w-lbx-top\/#breadcrumb","itemListElement":[{"@type":"ListItem","position":1,"name":"Startseite","item":"https:\/\/shop.tritone-music.de\/"},{"@type":"ListItem","position":2,"name":"Shop","item":"https:\/\/shop.tritone-music.de\/index.php\/shop\/"},{"@type":"ListItem","position":3,"name":"EVH 5150 III 15W LBX Top"}]},{"@type":"WebSite","@id":"https:\/\/shop.tritone-music.de\/#website","url":"https:\/\/shop.tritone-music.de\/","name":"Tritone Music","description":"guitar store","publisher":{"@id":"https:\/\/shop.tritone-music.de\/#organization"},"potentialAction":[{"@type":"SearchAction","target":{"@type":"EntryPoint","urlTemplate":"https:\/\/shop.tritone-music.de\/?s={search_term_string}"},"query-input":{"@type":"PropertyValueSpecification","valueRequired":true,"valueName":"search_term_string"}}],"inLanguage":"de"},{"@type":"Organization","@id":"https:\/\/shop.tritone-music.de\/#organization","name":"Tritone Music","url":"https:\/\/shop.tritone-music.de\/","logo":{"@type":"ImageObject","inLanguage":"de","@id":"https:\/\/shop.tritone-music.de\/#\/schema\/logo\/image\/","url":"https:\/\/shop.tritone-music.de\/wp-content\/uploads\/2025\/09\/Tritone-Guitar-Logo-weiss.png","contentUrl":"https:\/\/shop.tritone-music.de\/wp-content\/uploads\/2025\/09\/Tritone-Guitar-Logo-weiss.png","width":2308,"height":642,"caption":"Tritone Music"},"image":{"@id":"https:\/\/shop.tritone-music.de\/#\/schema\/logo\/image\/"}}]}},"jetpack_sharing_enabled":true,"_links":{"self":[{"href":"https:\/\/shop.tritone-music.de\/index.php\/wp-json\/wp\/v2\/product\/655","targetHints":{"allow":["GET"]}}],"collection":[{"href":"https:\/\/shop.tritone-music.de\/index.php\/wp-json\/wp\/v2\/product"}],"about":[{"href":"https:\/\/shop.tritone-music.de\/index.php\/wp-json\/wp\/v2\/types\/product"}],"replies":[{"embeddable":true,"href":"https:\/\/shop.tritone-music.de\/index.php\/wp-json\/wp\/v2\/comments?post=655"}],"wp:featuredmedia":[{"embeddable":true,"href":"https:\/\/shop.tritone-music.de\/index.php\/wp-json\/wp\/v2\/media\/660"}],"wp:attachment":[{"href":"https:\/\/shop.tritone-music.de\/index.php\/wp-json\/wp\/v2\/media?parent=655"}],"wp:term":[{"taxonomy":"product_brand","embeddable":true,"href":"https:\/\/shop.tritone-music.de\/index.php\/wp-json\/wp\/v2\/product_brand?post=655"},{"taxonomy":"product_cat","embeddable":true,"href":"https:\/\/shop.tritone-music.de\/index.php\/wp-json\/wp\/v2\/product_cat?post=655"},{"taxonomy":"product_tag","embeddable":true,"href":"https:\/\/shop.tritone-music.de\/index.php\/wp-json\/wp\/v2\/product_tag?post=655"}],"curies":[{"name":"wp","href":"https:\/\/api.w.org\/{rel}","templated":true}]}}