{"id":983,"date":"2025-10-29T12:53:03","date_gmt":"2025-10-29T12:53:03","guid":{"rendered":"https:\/\/shop.tritone-music.de\/?post_type=product&#038;p=983"},"modified":"2026-01-16T19:00:57","modified_gmt":"2026-01-16T19:00:57","slug":"ibanez-ic420fm-vls-iceman","status":"publish","type":"product","link":"https:\/\/shop.tritone-music.de\/index.php\/produkt\/ibanez-ic420fm-vls-iceman\/","title":{"rendered":"Ibanez IC420FM-VLS Iceman"},"content":{"rendered":"<p data-start=\"0\" data-end=\"698\">Mit Ausnahme der RG-Serie und einiger legend\u00e4rer Signature-Modelle gibt es nur wenige Gitarren, die so eng mit der Identit\u00e4t von Ibanez verbunden sind wie die Iceman.<br data-start=\"193\" data-end=\"196\" \/>Mit ihren geschwungenen Linien und ihrem markanten Erscheinungsbild wurde dieses Modell erstmals 1977 der Welt vorgestellt und erhielt 1978 ihren Namen. Diese IC420FM in der Farbe Violin Sunburst\u00a0verf\u00fcgt \u00fcber einen Okoume-Hals, ein Jatoba-Griffbrett sowie eine Decke aus geflammtem Ahorn auf einem Okoume-Korpus. Au\u00dferdem ist die Gitarre mit Super 80 H-H Tonabnehmern, einer Gibraltar Performer Br\u00fccke und einem Quick Change III Saitenhalter ausgestattet.<\/p>\n<table cellspacing=\"0\" cellpadding=\"0\">\n<tbody>\n<tr>\n<td colspan=\"2\" valign=\"top\"><span style=\"color: #515151; font-family: Helvetica Neue; font-size: small;\"><b>General<\/b><\/span><\/td>\n<td colspan=\"2\" valign=\"top\"><span style=\"color: #515151; font-family: Helvetica Neue; font-size: small;\"><b>Body<\/b><\/span><\/td>\n<\/tr>\n<tr>\n<td valign=\"top\"><span style=\"color: #000000; font-family: Helvetica Neue; font-size: small;\"><b>Condition <\/b><\/span><\/td>\n<td valign=\"top\"><span style=\"color: #000000; font-family: Helvetica Neue; font-size: small;\">NEW<\/span><\/td>\n<td valign=\"top\"><span style=\"color: #000000; font-family: Helvetica Neue; font-size: small;\"><b>Material<\/b><\/span><\/td>\n<td valign=\"top\"><span style=\"color: #000000; font-family: Helvetica Neue; font-size: small;\">Okoume body \/ Flamed Maple top<\/span><\/td>\n<\/tr>\n<tr>\n<td valign=\"top\"><span style=\"color: #000000; font-family: Helvetica Neue; font-size: small;\"><b>Direction<\/b><\/span><\/td>\n<td valign=\"top\"><span style=\"color: #000000; font-family: Helvetica Neue; font-size: small;\">Right-handed<\/span><\/td>\n<td valign=\"top\"><span style=\"color: #000000; font-family: Helvetica Neue; font-size: small;\"><b>Shape<\/b><\/span><\/td>\n<td valign=\"top\"><span style=\"color: #000000; font-family: Helvetica Neue; font-size: small;\">Iceman<\/span><\/td>\n<\/tr>\n<tr>\n<td valign=\"top\"><span style=\"color: #000000; font-family: Helvetica Neue; font-size: small;\"><b>Number of Strings<\/b><\/span><\/td>\n<td valign=\"top\"><span style=\"color: #000000; font-family: Helvetica Neue; font-size: small;\">6<\/span><\/td>\n<td valign=\"top\"><span style=\"color: #000000; font-family: Helvetica Neue; font-size: small;\"><b>Colour<\/b><\/span><\/td>\n<td valign=\"top\"><span style=\"color: #000000; font-family: Helvetica Neue; font-size: small;\">Violin Sunburst<\/span><\/td>\n<\/tr>\n<tr>\n<td valign=\"top\"><span style=\"color: #000000; font-family: Helvetica Neue; font-size: small;\"><b>Weight<\/b><\/span><\/td>\n<td valign=\"top\"><span style=\"color: #000000; font-family: Helvetica Neue; font-size: small;\">&#8211;<\/span><\/td>\n<td valign=\"top\"><span style=\"color: #000000; font-family: Helvetica Neue; font-size: small;\"><b>Finish<\/b><\/span><\/td>\n<td valign=\"top\"><span style=\"color: #000000; font-family: Helvetica Neue; font-size: small;\">gloss<\/span><\/td>\n<\/tr>\n<tr>\n<td valign=\"top\"><span style=\"color: #000000; font-family: Helvetica Neue; font-size: small;\"><b>Country of Manufacture<\/b><\/span><\/td>\n<td valign=\"top\"><span style=\"color: #000000; font-family: Helvetica Neue; font-size: small;\">China<\/span><\/td>\n<td colspan=\"2\" valign=\"top\"><\/td>\n<\/tr>\n<tr>\n<td valign=\"top\"><span style=\"color: #000000; font-family: Helvetica Neue; font-size: small;\"><b>Year of Manufacture<\/b><\/span><\/td>\n<td valign=\"top\"><span style=\"color: #000000; font-family: Helvetica Neue; font-size: small;\">2025<\/span><\/td>\n<td colspan=\"2\" valign=\"top\"><span style=\"color: #515151; font-family: Helvetica Neue; font-size: small;\"><b>Neck<\/b><\/span><\/td>\n<\/tr>\n<tr>\n<td valign=\"top\"><span style=\"color: #000000; font-family: Helvetica Neue; font-size: small;\"><b>Serial Number<\/b><\/span><\/td>\n<td valign=\"top\"><span style=\"color: #000000; font-family: Helvetica Neue; font-size: small;\">4L250100250<\/span><\/td>\n<td valign=\"top\"><span style=\"color: #000000; font-family: Helvetica Neue; font-size: small;\"><b>Neck Joint<\/b><\/span><\/td>\n<td valign=\"top\"><span style=\"color: #000000; font-family: Helvetica Neue; font-size: small;\">Set-in neck<\/span><\/td>\n<\/tr>\n<tr>\n<td valign=\"top\"><span style=\"color: #000000; font-family: Helvetica Neue; font-size: small;\"><b>Gigbag<\/b><\/span><\/td>\n<td valign=\"top\"><span style=\"color: #000000; font-family: Helvetica Neue; font-size: small;\">included<\/span><\/td>\n<td valign=\"top\"><span style=\"color: #000000; font-family: Helvetica Neue; font-size: small;\"><b>Material<\/b><\/span><\/td>\n<td valign=\"top\"><span style=\"color: #000000; font-family: Helvetica Neue; font-size: small;\">3pc Okoume<\/span><\/td>\n<\/tr>\n<tr>\n<td colspan=\"2\" valign=\"top\"><span style=\"color: #515151; font-family: Helvetica Neue; font-size: small;\"><b>Electronics<\/b><\/span><\/td>\n<td valign=\"top\"><span style=\"color: #000000; font-family: Helvetica Neue; font-size: small;\"><b>Profile<\/b><\/span><\/td>\n<td valign=\"top\"><span style=\"color: #000000; font-family: Helvetica Neue; font-size: small;\">IC<\/span><\/td>\n<\/tr>\n<tr>\n<td valign=\"top\"><span style=\"color: #000000; font-family: Helvetica Neue; font-size: small;\"><b>Pickup-Configuration<\/b><\/span><\/td>\n<td valign=\"top\"><span style=\"color: #000000; font-family: Helvetica Neue; font-size: small;\">H-H<\/span><\/td>\n<td valign=\"top\"><span style=\"color: #000000; font-family: Helvetica Neue; font-size: small;\"><b>Fingerboard Material<\/b><\/span><\/td>\n<td valign=\"top\"><span style=\"color: #000000; font-family: Helvetica Neue; font-size: small;\">Bound Jatoba fretboard<\/span><\/td>\n<\/tr>\n<tr>\n<td valign=\"top\"><span style=\"color: #000000; font-family: Helvetica Neue; font-size: small;\"><b>Neck-Pickup<\/b><\/span><\/td>\n<td valign=\"top\"><span style=\"color: #000000; font-family: Helvetica Neue; font-size: small;\">Super 80 (H) neck pickup (Passive\/Ceramic)<\/span><\/td>\n<td valign=\"top\"><span style=\"color: #000000; font-family: Helvetica Neue; font-size: small;\"><b>Fingerboard Radius<\/b><\/span><\/td>\n<td valign=\"top\"><span style=\"color: #000000; font-family: Helvetica Neue; font-size: small;\">305mm<\/span><\/td>\n<\/tr>\n<tr>\n<td valign=\"top\"><span style=\"color: #000000; font-family: Helvetica Neue; font-size: small;\"><b>Bridge-Pickup<\/b><\/span><\/td>\n<td valign=\"top\"><span style=\"color: #000000; font-family: Helvetica Neue; font-size: small;\">Super 80 (H) bridge pickup (Passive\/Ceramic)<\/span><\/td>\n<td valign=\"top\"><span style=\"color: #000000; font-family: Helvetica Neue; font-size: small;\"><b>Number of Frets \/ Type<\/b><\/span><\/td>\n<td valign=\"top\"><span style=\"color: #000000; font-family: Helvetica Neue; font-size: small;\">22 \/ Medium frets<\/span><\/td>\n<\/tr>\n<tr>\n<td valign=\"top\"><span style=\"color: #000000; font-family: Helvetica Neue; font-size: small;\"><b>Controls<\/b><\/span><\/td>\n<td valign=\"top\"><span style=\"color: #000000; font-family: Helvetica Neue; font-size: small;\">2 Volume \/ 2 Tone \/ 3-Way-Toggle-Switch<\/span><\/td>\n<td valign=\"top\"><span style=\"color: #000000; font-family: Helvetica Neue; font-size: small;\"><b>Scale length<\/b><\/span><\/td>\n<td valign=\"top\"><span style=\"color: #000000; font-family: Helvetica Neue; font-size: small;\">24.75\u201c\/ 628mm<\/span><\/td>\n<\/tr>\n<tr>\n<td colspan=\"2\" valign=\"top\"><span style=\"color: #515151; font-family: Helvetica Neue; font-size: small;\"><b>Hardware<\/b><\/span><\/td>\n<td valign=\"top\"><span style=\"color: #000000; font-family: Helvetica Neue; font-size: small;\"><b>Nut Width<\/b><\/span><\/td>\n<td valign=\"top\"><span style=\"color: #000000; font-family: Helvetica Neue; font-size: small;\">43mm<\/span><\/td>\n<\/tr>\n<tr>\n<td valign=\"top\"><span style=\"color: #000000; font-family: Helvetica Neue; font-size: small;\"><b>Tuners<\/b><\/span><\/td>\n<td valign=\"top\"><span style=\"color: #000000; font-family: Helvetica Neue; font-size: small;\">Ibanez \/ Gold<\/span><\/td>\n<td valign=\"top\"><span style=\"color: #000000; font-family: Helvetica Neue; font-size: small;\"><b>String Spacing<\/b><\/span><\/td>\n<td valign=\"top\"><span style=\"color: #000000; font-family: Helvetica Neue; font-size: small;\">10.5mm<\/span><\/td>\n<\/tr>\n<tr>\n<td valign=\"top\"><span style=\"color: #000000; font-family: Helvetica Neue; font-size: small;\"><b>Bridge<\/b><\/span><\/td>\n<td valign=\"top\"><span style=\"color: #000000; font-family: Helvetica Neue; font-size: small;\">Gibraltar Performer bridge with Quik Change III tailpiece \/ Gold<\/span><\/td>\n<td valign=\"top\"><span style=\"color: #000000; font-family: Helvetica Neue; font-size: small;\"><b>Inlays<\/b><\/span><\/td>\n<td valign=\"top\"><span style=\"color: #000000; font-family: Helvetica Neue; font-size: small;\">Acrylic &amp; Abalone block inlays<\/span><\/td>\n<\/tr>\n<\/tbody>\n<\/table>\n","protected":false},"excerpt":{"rendered":"<p>Zustand: NEU<\/p>\n<p>inkl. Gigbag<\/p>\n","protected":false},"featured_media":990,"comment_status":"open","ping_status":"closed","template":"","meta":{"site-sidebar-layout":"default","site-content-layout":"","ast-site-content-layout":"default","site-content-style":"default","site-sidebar-style":"default","ast-global-header-display":"","ast-banner-title-visibility":"","ast-main-header-display":"","ast-hfb-above-header-display":"","ast-hfb-below-header-display":"","ast-hfb-mobile-header-display":"","site-post-title":"","ast-breadcrumbs-content":"","ast-featured-img":"","footer-sml-layout":"","ast-disable-related-posts":"","theme-transparent-header-meta":"default","adv-header-id-meta":"","stick-header-meta":"","header-above-stick-meta":"","header-main-stick-meta":"","header-below-stick-meta":"","astra-migrate-meta-layouts":"set","ast-page-background-enabled":"default","ast-page-background-meta":{"desktop":{"background-color":"var(--ast-global-color-5)","background-image":"","background-repeat":"repeat","background-position":"center center","background-size":"auto","background-attachment":"scroll","background-type":"","background-media":"","overlay-type":"","overlay-color":"","overlay-opacity":"","overlay-gradient":""},"tablet":{"background-color":"","background-image":"","background-repeat":"repeat","background-position":"center center","background-size":"auto","background-attachment":"scroll","background-type":"","background-media":"","overlay-type":"","overlay-color":"","overlay-opacity":"","overlay-gradient":""},"mobile":{"background-color":"","background-image":"","background-repeat":"repeat","background-position":"center center","background-size":"auto","background-attachment":"scroll","background-type":"","background-media":"","overlay-type":"","overlay-color":"","overlay-opacity":"","overlay-gradient":""}},"ast-content-background-meta":{"desktop":{"background-color":"var(--ast-global-color-4)","background-image":"","background-repeat":"repeat","background-position":"center center","background-size":"auto","background-attachment":"scroll","background-type":"","background-media":"","overlay-type":"","overlay-color":"","overlay-opacity":"","overlay-gradient":""},"tablet":{"background-color":"var(--ast-global-color-4)","background-image":"","background-repeat":"repeat","background-position":"center center","background-size":"auto","background-attachment":"scroll","background-type":"","background-media":"","overlay-type":"","overlay-color":"","overlay-opacity":"","overlay-gradient":""},"mobile":{"background-color":"var(--ast-global-color-4)","background-image":"","background-repeat":"repeat","background-position":"center center","background-size":"auto","background-attachment":"scroll","background-type":"","background-media":"","overlay-type":"","overlay-color":"","overlay-opacity":"","overlay-gradient":""}}},"product_brand":[124],"product_cat":[81,89],"product_tag":[125,345,98],"class_list":{"0":"post-983","1":"product","2":"type-product","3":"status-publish","4":"has-post-thumbnail","6":"product_brand-ibanez","7":"product_cat-electrics","8":"product_cat-store","9":"product_tag-ibanez","10":"product_tag-iceman","11":"product_tag-sunburst","12":"product_shipping_class-gitarre-standard","13":"desktop-align-left","14":"tablet-align-left","15":"mobile-align-left","17":"first","18":"instock","19":"sold-individually","20":"taxable","21":"shipping-taxable","22":"purchasable","23":"product-type-simple"},"yoast_head":"<!-- This site is optimized with the Yoast SEO plugin v27.3 - https:\/\/yoast.com\/product\/yoast-seo-wordpress\/ -->\n<title>Ibanez IC420FM-VLS Iceman - Tritone Music<\/title>\n<meta name=\"description\" content=\"Mit Ausnahme der RG-Serie und einiger legend\u00e4rer Signature-Modelle gibt es nur wenige Gitarren, die so eng mit der Identit\u00e4t von Ibanez verbunden sind wie die Iceman.\" \/>\n<meta name=\"robots\" content=\"index, follow, max-snippet:-1, max-image-preview:large, max-video-preview:-1\" \/>\n<link rel=\"canonical\" href=\"https:\/\/shop.tritone-music.de\/index.php\/produkt\/ibanez-ic420fm-vls-iceman\/\" \/>\n<meta property=\"og:locale\" content=\"de_DE\" \/>\n<meta property=\"og:type\" content=\"article\" \/>\n<meta property=\"og:title\" content=\"Ibanez IC420FM-VLS Iceman - Tritone Music\" \/>\n<meta property=\"og:description\" content=\"Mit Ausnahme der RG-Serie und einiger legend\u00e4rer Signature-Modelle gibt es nur wenige Gitarren, die so eng mit der Identit\u00e4t von Ibanez verbunden sind wie die Iceman.\" \/>\n<meta property=\"og:url\" content=\"https:\/\/shop.tritone-music.de\/index.php\/produkt\/ibanez-ic420fm-vls-iceman\/\" \/>\n<meta property=\"og:site_name\" content=\"Tritone Music\" \/>\n<meta property=\"article:modified_time\" content=\"2026-01-16T19:00:57+00:00\" \/>\n<meta property=\"og:image\" content=\"https:\/\/shop.tritone-music.de\/wp-content\/uploads\/2025\/10\/Ibanez-IC420FM-1.jpg\" \/>\n\t<meta property=\"og:image:width\" content=\"2560\" \/>\n\t<meta property=\"og:image:height\" content=\"1709\" \/>\n\t<meta property=\"og:image:type\" content=\"image\/jpeg\" \/>\n<meta name=\"twitter:card\" content=\"summary_large_image\" \/>\n<meta name=\"twitter:label1\" content=\"Gesch\u00e4tzte Lesezeit\" \/>\n\t<meta name=\"twitter:data1\" content=\"2\u00a0Minuten\" \/>\n<script type=\"application\/ld+json\" class=\"yoast-schema-graph\">{\"@context\":\"https:\\\/\\\/schema.org\",\"@graph\":[{\"@type\":\"WebPage\",\"@id\":\"https:\\\/\\\/shop.tritone-music.de\\\/index.php\\\/produkt\\\/ibanez-ic420fm-vls-iceman\\\/\",\"url\":\"https:\\\/\\\/shop.tritone-music.de\\\/index.php\\\/produkt\\\/ibanez-ic420fm-vls-iceman\\\/\",\"name\":\"Ibanez IC420FM-VLS Iceman - Tritone Music\",\"isPartOf\":{\"@id\":\"https:\\\/\\\/shop.tritone-music.de\\\/#website\"},\"primaryImageOfPage\":{\"@id\":\"https:\\\/\\\/shop.tritone-music.de\\\/index.php\\\/produkt\\\/ibanez-ic420fm-vls-iceman\\\/#primaryimage\"},\"image\":{\"@id\":\"https:\\\/\\\/shop.tritone-music.de\\\/index.php\\\/produkt\\\/ibanez-ic420fm-vls-iceman\\\/#primaryimage\"},\"thumbnailUrl\":\"https:\\\/\\\/shop.tritone-music.de\\\/wp-content\\\/uploads\\\/2025\\\/10\\\/Ibanez-IC420FM-1.jpg\",\"datePublished\":\"2025-10-29T12:53:03+00:00\",\"dateModified\":\"2026-01-16T19:00:57+00:00\",\"description\":\"Mit Ausnahme der RG-Serie und einiger legend\u00e4rer Signature-Modelle gibt es nur wenige Gitarren, die so eng mit der Identit\u00e4t von Ibanez verbunden sind wie die Iceman.\",\"breadcrumb\":{\"@id\":\"https:\\\/\\\/shop.tritone-music.de\\\/index.php\\\/produkt\\\/ibanez-ic420fm-vls-iceman\\\/#breadcrumb\"},\"inLanguage\":\"de\",\"potentialAction\":[{\"@type\":\"ReadAction\",\"target\":[\"https:\\\/\\\/shop.tritone-music.de\\\/index.php\\\/produkt\\\/ibanez-ic420fm-vls-iceman\\\/\"]}]},{\"@type\":\"ImageObject\",\"inLanguage\":\"de\",\"@id\":\"https:\\\/\\\/shop.tritone-music.de\\\/index.php\\\/produkt\\\/ibanez-ic420fm-vls-iceman\\\/#primaryimage\",\"url\":\"https:\\\/\\\/shop.tritone-music.de\\\/wp-content\\\/uploads\\\/2025\\\/10\\\/Ibanez-IC420FM-1.jpg\",\"contentUrl\":\"https:\\\/\\\/shop.tritone-music.de\\\/wp-content\\\/uploads\\\/2025\\\/10\\\/Ibanez-IC420FM-1.jpg\",\"width\":2560,\"height\":1709},{\"@type\":\"BreadcrumbList\",\"@id\":\"https:\\\/\\\/shop.tritone-music.de\\\/index.php\\\/produkt\\\/ibanez-ic420fm-vls-iceman\\\/#breadcrumb\",\"itemListElement\":[{\"@type\":\"ListItem\",\"position\":1,\"name\":\"Startseite\",\"item\":\"https:\\\/\\\/shop.tritone-music.de\\\/\"},{\"@type\":\"ListItem\",\"position\":2,\"name\":\"Shop\",\"item\":\"https:\\\/\\\/shop.tritone-music.de\\\/index.php\\\/shop\\\/\"},{\"@type\":\"ListItem\",\"position\":3,\"name\":\"Ibanez IC420FM-VLS Iceman\"}]},{\"@type\":\"WebSite\",\"@id\":\"https:\\\/\\\/shop.tritone-music.de\\\/#website\",\"url\":\"https:\\\/\\\/shop.tritone-music.de\\\/\",\"name\":\"Tritone Music\",\"description\":\"guitar store\",\"publisher\":{\"@id\":\"https:\\\/\\\/shop.tritone-music.de\\\/#organization\"},\"potentialAction\":[{\"@type\":\"SearchAction\",\"target\":{\"@type\":\"EntryPoint\",\"urlTemplate\":\"https:\\\/\\\/shop.tritone-music.de\\\/?s={search_term_string}\"},\"query-input\":{\"@type\":\"PropertyValueSpecification\",\"valueRequired\":true,\"valueName\":\"search_term_string\"}}],\"inLanguage\":\"de\"},{\"@type\":\"Organization\",\"@id\":\"https:\\\/\\\/shop.tritone-music.de\\\/#organization\",\"name\":\"Tritone Music\",\"url\":\"https:\\\/\\\/shop.tritone-music.de\\\/\",\"logo\":{\"@type\":\"ImageObject\",\"inLanguage\":\"de\",\"@id\":\"https:\\\/\\\/shop.tritone-music.de\\\/#\\\/schema\\\/logo\\\/image\\\/\",\"url\":\"https:\\\/\\\/shop.tritone-music.de\\\/wp-content\\\/uploads\\\/2025\\\/09\\\/Tritone-Guitar-Logo-weiss.png\",\"contentUrl\":\"https:\\\/\\\/shop.tritone-music.de\\\/wp-content\\\/uploads\\\/2025\\\/09\\\/Tritone-Guitar-Logo-weiss.png\",\"width\":2308,\"height\":642,\"caption\":\"Tritone Music\"},\"image\":{\"@id\":\"https:\\\/\\\/shop.tritone-music.de\\\/#\\\/schema\\\/logo\\\/image\\\/\"}}]}<\/script>\n<!-- \/ Yoast SEO plugin. -->","yoast_head_json":{"title":"Ibanez IC420FM-VLS Iceman - Tritone Music","description":"Mit Ausnahme der RG-Serie und einiger legend\u00e4rer Signature-Modelle gibt es nur wenige Gitarren, die so eng mit der Identit\u00e4t von Ibanez verbunden sind wie die Iceman.","robots":{"index":"index","follow":"follow","max-snippet":"max-snippet:-1","max-image-preview":"max-image-preview:large","max-video-preview":"max-video-preview:-1"},"canonical":"https:\/\/shop.tritone-music.de\/index.php\/produkt\/ibanez-ic420fm-vls-iceman\/","og_locale":"de_DE","og_type":"article","og_title":"Ibanez IC420FM-VLS Iceman - Tritone Music","og_description":"Mit Ausnahme der RG-Serie und einiger legend\u00e4rer Signature-Modelle gibt es nur wenige Gitarren, die so eng mit der Identit\u00e4t von Ibanez verbunden sind wie die Iceman.","og_url":"https:\/\/shop.tritone-music.de\/index.php\/produkt\/ibanez-ic420fm-vls-iceman\/","og_site_name":"Tritone Music","article_modified_time":"2026-01-16T19:00:57+00:00","og_image":[{"width":2560,"height":1709,"url":"https:\/\/shop.tritone-music.de\/wp-content\/uploads\/2025\/10\/Ibanez-IC420FM-1.jpg","type":"image\/jpeg"}],"twitter_card":"summary_large_image","twitter_misc":{"Gesch\u00e4tzte Lesezeit":"2\u00a0Minuten"},"schema":{"@context":"https:\/\/schema.org","@graph":[{"@type":"WebPage","@id":"https:\/\/shop.tritone-music.de\/index.php\/produkt\/ibanez-ic420fm-vls-iceman\/","url":"https:\/\/shop.tritone-music.de\/index.php\/produkt\/ibanez-ic420fm-vls-iceman\/","name":"Ibanez IC420FM-VLS Iceman - Tritone Music","isPartOf":{"@id":"https:\/\/shop.tritone-music.de\/#website"},"primaryImageOfPage":{"@id":"https:\/\/shop.tritone-music.de\/index.php\/produkt\/ibanez-ic420fm-vls-iceman\/#primaryimage"},"image":{"@id":"https:\/\/shop.tritone-music.de\/index.php\/produkt\/ibanez-ic420fm-vls-iceman\/#primaryimage"},"thumbnailUrl":"https:\/\/shop.tritone-music.de\/wp-content\/uploads\/2025\/10\/Ibanez-IC420FM-1.jpg","datePublished":"2025-10-29T12:53:03+00:00","dateModified":"2026-01-16T19:00:57+00:00","description":"Mit Ausnahme der RG-Serie und einiger legend\u00e4rer Signature-Modelle gibt es nur wenige Gitarren, die so eng mit der Identit\u00e4t von Ibanez verbunden sind wie die Iceman.","breadcrumb":{"@id":"https:\/\/shop.tritone-music.de\/index.php\/produkt\/ibanez-ic420fm-vls-iceman\/#breadcrumb"},"inLanguage":"de","potentialAction":[{"@type":"ReadAction","target":["https:\/\/shop.tritone-music.de\/index.php\/produkt\/ibanez-ic420fm-vls-iceman\/"]}]},{"@type":"ImageObject","inLanguage":"de","@id":"https:\/\/shop.tritone-music.de\/index.php\/produkt\/ibanez-ic420fm-vls-iceman\/#primaryimage","url":"https:\/\/shop.tritone-music.de\/wp-content\/uploads\/2025\/10\/Ibanez-IC420FM-1.jpg","contentUrl":"https:\/\/shop.tritone-music.de\/wp-content\/uploads\/2025\/10\/Ibanez-IC420FM-1.jpg","width":2560,"height":1709},{"@type":"BreadcrumbList","@id":"https:\/\/shop.tritone-music.de\/index.php\/produkt\/ibanez-ic420fm-vls-iceman\/#breadcrumb","itemListElement":[{"@type":"ListItem","position":1,"name":"Startseite","item":"https:\/\/shop.tritone-music.de\/"},{"@type":"ListItem","position":2,"name":"Shop","item":"https:\/\/shop.tritone-music.de\/index.php\/shop\/"},{"@type":"ListItem","position":3,"name":"Ibanez IC420FM-VLS Iceman"}]},{"@type":"WebSite","@id":"https:\/\/shop.tritone-music.de\/#website","url":"https:\/\/shop.tritone-music.de\/","name":"Tritone Music","description":"guitar store","publisher":{"@id":"https:\/\/shop.tritone-music.de\/#organization"},"potentialAction":[{"@type":"SearchAction","target":{"@type":"EntryPoint","urlTemplate":"https:\/\/shop.tritone-music.de\/?s={search_term_string}"},"query-input":{"@type":"PropertyValueSpecification","valueRequired":true,"valueName":"search_term_string"}}],"inLanguage":"de"},{"@type":"Organization","@id":"https:\/\/shop.tritone-music.de\/#organization","name":"Tritone Music","url":"https:\/\/shop.tritone-music.de\/","logo":{"@type":"ImageObject","inLanguage":"de","@id":"https:\/\/shop.tritone-music.de\/#\/schema\/logo\/image\/","url":"https:\/\/shop.tritone-music.de\/wp-content\/uploads\/2025\/09\/Tritone-Guitar-Logo-weiss.png","contentUrl":"https:\/\/shop.tritone-music.de\/wp-content\/uploads\/2025\/09\/Tritone-Guitar-Logo-weiss.png","width":2308,"height":642,"caption":"Tritone Music"},"image":{"@id":"https:\/\/shop.tritone-music.de\/#\/schema\/logo\/image\/"}}]}},"jetpack_sharing_enabled":true,"_links":{"self":[{"href":"https:\/\/shop.tritone-music.de\/index.php\/wp-json\/wp\/v2\/product\/983","targetHints":{"allow":["GET"]}}],"collection":[{"href":"https:\/\/shop.tritone-music.de\/index.php\/wp-json\/wp\/v2\/product"}],"about":[{"href":"https:\/\/shop.tritone-music.de\/index.php\/wp-json\/wp\/v2\/types\/product"}],"replies":[{"embeddable":true,"href":"https:\/\/shop.tritone-music.de\/index.php\/wp-json\/wp\/v2\/comments?post=983"}],"wp:featuredmedia":[{"embeddable":true,"href":"https:\/\/shop.tritone-music.de\/index.php\/wp-json\/wp\/v2\/media\/990"}],"wp:attachment":[{"href":"https:\/\/shop.tritone-music.de\/index.php\/wp-json\/wp\/v2\/media?parent=983"}],"wp:term":[{"taxonomy":"product_brand","embeddable":true,"href":"https:\/\/shop.tritone-music.de\/index.php\/wp-json\/wp\/v2\/product_brand?post=983"},{"taxonomy":"product_cat","embeddable":true,"href":"https:\/\/shop.tritone-music.de\/index.php\/wp-json\/wp\/v2\/product_cat?post=983"},{"taxonomy":"product_tag","embeddable":true,"href":"https:\/\/shop.tritone-music.de\/index.php\/wp-json\/wp\/v2\/product_tag?post=983"}],"curies":[{"name":"wp","href":"https:\/\/api.w.org\/{rel}","templated":true}]}}